{"id":4558,"date":"2024-01-12T22:02:05","date_gmt":"2024-01-12T22:02:05","guid":{"rendered":"https:\/\/mr-mustache.com\/politica-de-privacidad\/"},"modified":"2024-04-14T19:19:32","modified_gmt":"2024-04-14T19:19:32","slug":"politica-de-privacidad","status":"publish","type":"page","link":"https:\/\/mr-mustache.com\/es\/politica-de-privacidad\/","title":{"rendered":"Pol\u00edtica de privacidad"},"content":{"rendered":"\t\t<div data-elementor-type=\"wp-page\" data-elementor-id=\"4558\" class=\"elementor elementor-4558\">\n\t\t\t\t<div class=\"elementor-element elementor-element-1a7e37f6 e-flex e-con-boxed wpr-particle-no wpr-jarallax-no wpr-parallax-no wpr-sticky-section-no e-con e-parent\" data-id=\"1a7e37f6\" data-element_type=\"container\" data-e-type=\"container\" data-settings=\"{&quot;background_background&quot;:&quot;classic&quot;}\">\n\t\t\t\t\t<div class=\"e-con-inner\">\n\t\t\t\t<div class=\"elementor-element elementor-element-33b21854 elementor-widget elementor-widget-text-editor\" data-id=\"33b21854\" data-element_type=\"widget\" data-e-type=\"widget\" data-widget_type=\"text-editor.default\">\n\t\t\t\t<div class=\"elementor-widget-container\">\n\t\t\t\t\t\t\t\t\t<h1><strong>Pol\u00edtica de privacidad<\/strong><\/h1><p><strong>\u00a71 [GENERAL PROVISIONS]<\/strong><br \/>1. Este documento define la Pol\u00edtica de Privacidad de la tienda online Mr. Mustache, que incluye espec\u00edficamente las normas relativas a la protecci\u00f3n de datos personales y la seguridad de otros datos introducidos en el Servicio por el Usuario.<br \/>2. La Pol\u00edtica de Privacidad es un anexo integral de los T\u00e9rminos y Condiciones.<\/p><p><strong>\u00a72 [DEFINITIONS]<\/strong><br \/>Los t\u00e9rminos utilizados en este documento significan:<br \/>1. Administrador &#8211; Mr. Mustache Sp. z o.o., con domicilio social en Cracovia, Kosynier\u00f3w 15B\/1, 31-572, Vat: 6751733686,<br \/>2. Servicio: el sitio web www.mr-mustache.com y todas sus subp\u00e1ginas,<br \/>3. Partes &#8211; Administrador y Usuario,<br \/>4. Usuario: persona f\u00edsica que utiliza el Servicio y facilita sus datos personales en el mismo.<\/p><p><strong>\u00a73 [PERSONAL DATA PROTECTION]<\/strong><br \/>1. El Administrador es el Responsable del Tratamiento de los datos personales en el sentido del Reglamento General de Protecci\u00f3n de Datos de 27 de abril de 2016 (RGPD).<br \/>2. El Administrador tratar\u00e1 los datos en la medida, con la finalidad y en el momento que se indique en los contenidos previstos en los formularios de recogida de datos personales del Usuario.<br \/>3. Los datos personales se transferir\u00e1n \u00fanicamente a subcontratistas de confianza del Administrador, es decir, proveedores de servicios inform\u00e1ticos, empresa de contabilidad, administraci\u00f3n.<\/p><p><strong>\u00a74 [USER RIGHTS]<\/strong><br \/>1. En caso de modificaci\u00f3n de los datos personales, el Usuario deber\u00e1 actualizarlos enviando el mensaje correspondiente al Administrador.<br \/>2. El Usuario tiene derecho a solicitar el acceso al contenido de sus datos personales, su rectificaci\u00f3n, supresi\u00f3n y el derecho a limitar su tratamiento. Adem\u00e1s, el derecho a retirar el consentimiento en cualquier momento sin que ello afecte a la legalidad del tratamiento, el derecho a la portabilidad de los datos y el derecho a oponerse al tratamiento de los datos personales.<br \/>3. El Usuario tiene derecho a presentar una reclamaci\u00f3n ante el Presidente de la Oficina de Protecci\u00f3n de Datos Personales.<br \/>4. El suministro de datos personales es voluntario, pero la negativa a consentir el tratamiento de los datos impide el uso del Servicio.<br \/>5. El Administrador podr\u00e1 negarse a eliminar los datos personales del Usuario si su conservaci\u00f3n es necesaria debido a una obligaci\u00f3n legal impuesta al Administrador por la ley.<\/p><p><strong>\u00a75 [TECHNICAL DATA PROTECTION]<\/strong><br \/>1. El Administrador utiliza todos los medios t\u00e9cnicos y organizativos para garantizar la seguridad de los datos personales del Usuario y protegerlos contra la destrucci\u00f3n accidental o intencionada, la p\u00e9rdida accidental, la modificaci\u00f3n, la divulgaci\u00f3n no autorizada o el acceso no autorizado. La informaci\u00f3n se almacena y procesa en servidores con un alto grado de seguridad, con medidas de seguridad adecuadas que cumplen la legislaci\u00f3n polaca.<br \/>2. El Administrador se compromete a almacenar copias de seguridad que contengan los datos personales del Usuario.<br \/>3. Los datos confiados se almacenan en equipos y servidores de la m\u00e1xima calidad, en centros de almacenamiento de informaci\u00f3n debidamente protegidos, a los que s\u00f3lo tienen acceso las personas autorizadas.<br \/>4. El Administrador lleva a cabo las actividades relacionadas con el tratamiento de datos de car\u00e1cter personal respetando todos los requisitos legales y t\u00e9cnicos que le impone la normativa de protecci\u00f3n de datos.<\/p><p><strong>\u00a76 [COOKIES POLICY]<\/strong><br \/>1. Para comodidad de los Usuarios, el Servicio utiliza cookies, incluyendo la adaptaci\u00f3n del servicio a las necesidades de los usuarios y con fines estad\u00edsticos. Las cookies son peque\u00f1os archivos de texto enviados por el servicio de Internet que visita el internauta al dispositivo del usuario.<br \/>2. El Servicio utiliza dos tipos de cookies: &#8220;cookies de sesi\u00f3n&#8221; y &#8220;cookies persistentes&#8221;. Las cookies de &#8220;sesi\u00f3n&#8221; son archivos temporales que se almacenan en el dispositivo final del Usuario hasta que cierra la sesi\u00f3n, abandona el sitio web o desactiva el software (navegador web). Las cookies &#8220;persistentes&#8221; se almacenan en el dispositivo final del Usuario durante el tiempo especificado en los par\u00e1metros de las cookies o hasta que el Usuario las elimina.<br \/>3. En el Servicio, utilizamos los siguientes tipos de Cookies:<br \/>a. &#8220;necesarios&#8221;: permiten el uso de servicios disponibles en el Servicio, por ejemplo, se utilizan para la autenticaci\u00f3n de usuarios,<br \/>b. &#8220;seguridad&#8221;: utilizados para garantizar la seguridad, por ejemplo, utilizados para detectar fraudes en el uso del Servicio,<br \/>c. &#8220;rendimiento&#8221;: permiten recopilar informaci\u00f3n sobre c\u00f3mo se utiliza el Servicio,<br \/>d. &#8220;funcionales&#8221;: permiten &#8220;recordar&#8221; los ajustes seleccionados por el Usuario y personalizar la interfaz del Usuario, por ejemplo, en cuanto al idioma seleccionado o la regi\u00f3n de la que procede el Usuario, el tama\u00f1o de letra, el aspecto del sitio web, etc,<br \/>e. &#8220;publicidad&#8221;: permiten ofrecer a los Usuarios contenidos publicitarios m\u00e1s adaptados a sus intereses,<br \/>f. &#8220;integraci\u00f3n&#8221;: relacionada con los servicios utilizados en el Servicio procedentes de terceras empresas.<\/p><p><strong>\u00a77 [LOGS]<\/strong><br \/>1. Siguiendo la pr\u00e1ctica de la mayor\u00eda de los sitios web, almacenamos las peticiones HTTP enviadas a nuestro servidor (registros del servidor). Por lo tanto, almacenamos:<br \/>a. Direcciones IP desde las que los usuarios visualizan el contenido de nuestro servicio,<br \/>b. hora de llegada de la solicitud,<br \/>c. momento de enviar la respuesta,<br \/>d. nombre de la estaci\u00f3n cliente &#8211; identificaci\u00f3n realizada por el protocolo HTTP,<br \/>e. informaci\u00f3n sobre los errores ocurridos durante la transacci\u00f3n HTTP,<br \/>f. URL de la p\u00e1gina visitada anteriormente por el usuario (enlace de referencia),<br \/>g. informaci\u00f3n sobre el navegador del usuario.<br \/>2. Los datos recogidos en los registros se utilizan \u00fanica y exclusivamente para administrar el Servicio.<br \/>3. Los registros recogidos se almacenan por tiempo indefinido como material auxiliar utilizado para administrar el Servicio. La informaci\u00f3n que contienen no se revela a nadie, salvo a las personas autorizadas a administrar el Servicio. A partir de los archivos de registro, se pueden generar estad\u00edsticas para ayudar en la administraci\u00f3n. Los res\u00famenes agregados en forma de dichas estad\u00edsticas no contienen ning\u00fan elemento que permita identificar a las personas que visitan el servicio.<\/p><p><strong>\u00a78 [CONTACT]<\/strong><br \/>1. El Usuario puede ponerse en contacto con el Administrador en cualquier momento para obtener informaci\u00f3n sobre si el Administrador utiliza sus datos personales y c\u00f3mo lo hace.<br \/>2. El Usuario tambi\u00e9n podr\u00e1 solicitar al Administrador la supresi\u00f3n total o parcial de sus datos personales.<br \/>3. Puede ponerse en contacto con el Administrador enviando un mensaje a la direcci\u00f3n de correo electr\u00f3nico: support@mr-mustache.com.<\/p>\t\t\t\t\t\t\t\t<\/div>\n\t\t\t\t<\/div>\n\t\t\t\t\t<\/div>\n\t\t\t\t<\/div>\n\t\t\t\t<\/div>\n\t\t","protected":false},"excerpt":{"rendered":"<p>Pol\u00edtica de privacidad \u00a71 [GENERAL PROVISIONS]1. Este documento define la Pol\u00edtica de Privacidad de la tienda online Mr. Mustache, que incluye espec\u00edficamente las normas relativas a la protecci\u00f3n de datos personales y la seguridad de otros datos introducidos en el Servicio por el Usuario.2. La Pol\u00edtica de Privacidad es un anexo integral de los T\u00e9rminos y Condiciones. \u00a72 [DEFINITIONS]Los t\u00e9rminos utilizados en este documento significan:1. Administrador &#8211; Mr. Mustache Sp. z o.o., con domicilio social en Cracovia, Kosynier\u00f3w 15B\/1, 31-572, Vat: 6751733686,2. Servicio: el sitio web www.mr-mustache.com y todas sus subp\u00e1ginas,3. Partes &#8211; Administrador y Usuario,4. Usuario: persona f\u00edsica que utiliza el Servicio y facilita sus datos personales en el mismo. \u00a73 [PERSONAL DATA PROTECTION]1. El Administrador es el Responsable del Tratamiento de los datos personales en el sentido del Reglamento General de Protecci\u00f3n de Datos de 27 de abril de 2016 (RGPD).2. El Administrador tratar\u00e1 los datos en la medida, con la finalidad y en el momento que se indique en los contenidos previstos en los formularios de recogida de datos personales del Usuario.3. Los datos personales se transferir\u00e1n \u00fanicamente a subcontratistas de confianza del Administrador, es decir, proveedores de servicios inform\u00e1ticos, empresa de contabilidad, administraci\u00f3n. \u00a74 [USER RIGHTS]1. En caso de modificaci\u00f3n de los datos personales, el Usuario deber\u00e1 actualizarlos enviando el mensaje correspondiente al Administrador.2. El Usuario tiene derecho a solicitar el acceso al contenido de sus datos personales, su rectificaci\u00f3n, supresi\u00f3n y el derecho a limitar su tratamiento. Adem\u00e1s, el derecho a retirar el consentimiento en cualquier momento sin que ello afecte a la legalidad del tratamiento, el derecho a la portabilidad de los datos y el derecho a oponerse al tratamiento de los datos personales.3. El Usuario tiene derecho a presentar una reclamaci\u00f3n ante el Presidente de la Oficina de Protecci\u00f3n de Datos Personales.4. El suministro de datos personales es voluntario, pero la negativa a consentir el tratamiento de los datos impide el uso del Servicio.5. El Administrador podr\u00e1 negarse a eliminar los datos personales del Usuario si su conservaci\u00f3n es necesaria debido a una obligaci\u00f3n legal impuesta al Administrador por la ley. \u00a75 [TECHNICAL DATA PROTECTION]1. El Administrador utiliza todos los medios t\u00e9cnicos y organizativos para garantizar la seguridad de los datos personales del Usuario y protegerlos contra la destrucci\u00f3n accidental o intencionada, la p\u00e9rdida accidental, la modificaci\u00f3n, la divulgaci\u00f3n no autorizada o el acceso no autorizado. La informaci\u00f3n se almacena y procesa en servidores con un alto grado de seguridad, con medidas de seguridad adecuadas que cumplen la legislaci\u00f3n polaca.2. El Administrador se compromete a almacenar copias de seguridad que contengan los datos personales del Usuario.3. Los datos confiados se almacenan en equipos y servidores de la m\u00e1xima calidad, en centros de almacenamiento de informaci\u00f3n debidamente protegidos, a los que s\u00f3lo tienen acceso las personas autorizadas.4. El Administrador lleva a cabo las actividades relacionadas con el tratamiento de datos de car\u00e1cter personal respetando todos los requisitos legales y t\u00e9cnicos que le impone la normativa de protecci\u00f3n de datos. \u00a76 [COOKIES POLICY]1. Para comodidad de los Usuarios, el Servicio utiliza cookies, incluyendo la adaptaci\u00f3n del servicio a las necesidades de los usuarios y con fines estad\u00edsticos. Las cookies son peque\u00f1os archivos de texto enviados por el servicio de Internet que visita el internauta al dispositivo del usuario.2. El Servicio utiliza dos tipos de cookies: &#8220;cookies de sesi\u00f3n&#8221; y &#8220;cookies persistentes&#8221;. Las cookies de &#8220;sesi\u00f3n&#8221; son archivos temporales que se almacenan en el dispositivo final del Usuario hasta que cierra la sesi\u00f3n, abandona el sitio web o desactiva el software (navegador web). Las cookies &#8220;persistentes&#8221; se almacenan en el dispositivo final del Usuario durante el tiempo especificado en los par\u00e1metros de las cookies o hasta que el Usuario las elimina.3. En el Servicio, utilizamos los siguientes tipos de Cookies:a. &#8220;necesarios&#8221;: permiten el uso de servicios disponibles en el Servicio, por ejemplo, se utilizan para la autenticaci\u00f3n de usuarios,b. &#8220;seguridad&#8221;: utilizados para garantizar la seguridad, por ejemplo, utilizados para detectar fraudes en el uso del Servicio,c. &#8220;rendimiento&#8221;: permiten recopilar informaci\u00f3n sobre c\u00f3mo se utiliza el Servicio,d. &#8220;funcionales&#8221;: permiten &#8220;recordar&#8221; los ajustes seleccionados por el Usuario y personalizar la interfaz del Usuario, por ejemplo, en cuanto al idioma seleccionado o la regi\u00f3n de la que procede el Usuario, el tama\u00f1o de letra, el aspecto del sitio web, etc,e. &#8220;publicidad&#8221;: permiten ofrecer a los Usuarios contenidos publicitarios m\u00e1s adaptados a sus intereses,f. &#8220;integraci\u00f3n&#8221;: relacionada con los servicios utilizados en el Servicio procedentes de terceras empresas. \u00a77 [LOGS]1. Siguiendo la pr\u00e1ctica de la mayor\u00eda de los sitios web, almacenamos las peticiones HTTP enviadas a nuestro servidor (registros del servidor). Por lo tanto, almacenamos:a. Direcciones IP desde las que los usuarios visualizan el contenido de nuestro servicio,b. hora de llegada de la solicitud,c. momento de enviar la respuesta,d. nombre de la estaci\u00f3n cliente &#8211; identificaci\u00f3n realizada por el protocolo HTTP,e. informaci\u00f3n sobre los errores ocurridos durante la transacci\u00f3n HTTP,f. URL de la p\u00e1gina visitada anteriormente por el usuario (enlace de referencia),g. informaci\u00f3n sobre el navegador del usuario.2. Los datos recogidos en los registros se utilizan \u00fanica y exclusivamente para administrar el Servicio.3. Los registros recogidos se almacenan por tiempo indefinido como material auxiliar utilizado para administrar el Servicio. La informaci\u00f3n que contienen no se revela a nadie, salvo a las personas autorizadas a administrar el Servicio. A partir de los archivos de registro, se pueden generar estad\u00edsticas para ayudar en la administraci\u00f3n. Los res\u00famenes agregados en forma de dichas estad\u00edsticas no contienen ning\u00fan elemento que permita identificar a las personas que visitan el servicio. \u00a78 [CONTACT]1. El Usuario puede ponerse en contacto con el Administrador en cualquier momento para obtener informaci\u00f3n sobre si el Administrador utiliza sus datos personales y c\u00f3mo lo hace.2. El Usuario tambi\u00e9n podr\u00e1 solicitar al Administrador la supresi\u00f3n total o parcial de sus datos personales.3. Puede ponerse en contacto con el Administrador enviando un mensaje a la direcci\u00f3n de correo electr\u00f3nico: support@mr-mustache.com.<\/p>\n","protected":false},"author":1,"featured_media":0,"parent":0,"menu_order":0,"comment_status":"closed","ping_status":"open","template":"","meta":{"footnotes":""},"class_list":["post-4558","page","type-page","status-publish","hentry"],"_links":{"self":[{"href":"https:\/\/mr-mustache.com\/es\/wp-json\/wp\/v2\/pages\/4558","targetHints":{"allow":["GET"]}}],"collection":[{"href":"https:\/\/mr-mustache.com\/es\/wp-json\/wp\/v2\/pages"}],"about":[{"href":"https:\/\/mr-mustache.com\/es\/wp-json\/wp\/v2\/types\/page"}],"author":[{"embeddable":true,"href":"https:\/\/mr-mustache.com\/es\/wp-json\/wp\/v2\/users\/1"}],"replies":[{"embeddable":true,"href":"https:\/\/mr-mustache.com\/es\/wp-json\/wp\/v2\/comments?post=4558"}],"version-history":[{"count":5,"href":"https:\/\/mr-mustache.com\/es\/wp-json\/wp\/v2\/pages\/4558\/revisions"}],"predecessor-version":[{"id":5097,"href":"https:\/\/mr-mustache.com\/es\/wp-json\/wp\/v2\/pages\/4558\/revisions\/5097"}],"wp:attachment":[{"href":"https:\/\/mr-mustache.com\/es\/wp-json\/wp\/v2\/media?parent=4558"}],"curies":[{"name":"wp","href":"https:\/\/api.w.org\/{rel}","templated":true}]}}