{"id":4637,"date":"2024-02-16T09:03:47","date_gmt":"2024-02-16T09:03:47","guid":{"rendered":"https:\/\/mr-mustache.com\/produkt\/cortapelos-sin-cable-jrl-freshfade-2020c\/"},"modified":"2024-04-11T08:18:08","modified_gmt":"2024-04-11T08:18:08","slug":"cortapelos-sin-cable-jrl-freshfade-2020c","status":"publish","type":"product","link":"https:\/\/mr-mustache.com\/es\/produkt\/cortapelos-sin-cable-jrl-freshfade-2020c\/","title":{"rendered":"Cortapelos sin cable JRL FreshFade 2020C"},"content":{"rendered":"<h1><strong>Cortapelos JRL FreshFade 2020C<\/strong><\/h1>\n<p>&nbsp;<\/p>\n<h3><strong>Dise\u00f1o innovador y precisi\u00f3n de corte<\/strong><\/h3>\n<p>El <strong>cortapelos JRL FreshFade 2020C<\/strong> cuenta con una cuchilla \u00fanica que se mantiene <strong>7\u00b0C\/13,89\u00b0F<\/strong> m\u00e1s fr\u00eda que la mayor\u00eda de cortapelos despu\u00e9s de 30 minutos de uso. Su <strong>tecnolog\u00eda<\/strong> patentada <strong>Smart-Clip<\/strong> aumenta de forma inteligente la velocidad del motor cuando se detecta resistencia durante el corte, evitando que la recortadora se sobrecargue. El sistema de bloqueo de palanca permite ajustar la altura de la cuchilla a 5 niveles diferentes de forma segura, lo que permite trabajar sin peines de sujeci\u00f3n de <strong>0,5 mm a 3,5 mm<\/strong>.<\/p>\n<p>&nbsp;<\/p>\n<h3><strong>Rendimiento y funcionamiento<\/strong><\/h3>\n<ul>\n<li><strong>Duraci\u00f3n de la bater\u00eda<\/strong>: Hasta <strong>4 horas<\/strong> de funcionamiento con una sola carga.<\/li>\n<li><strong>Cuchilla revolucionaria<\/strong>: Ofrece <strong>2 velocidades ajustables<\/strong> para mayor versatilidad de corte (6000 y 7200 rotaciones por minuto).<\/li>\n<li><strong>Motor silencioso<\/strong>: Garantiza una experiencia m\u00e1s c\u00f3moda tanto para el usuario como para el cliente.<\/li>\n<li><strong>Bater\u00eda de iones de litio<\/strong>: Proporciona energ\u00eda fiable y eficiente.<\/li>\n<li><strong>Gancho para colgar<\/strong>: Para guardarlo c\u00f3modamente.<\/li>\n<li><strong>Rango de corte ampliado<\/strong>: De <strong>0,5 a 3,5 mm<\/strong>, para adaptarse a una amplia variedad de longitudes y estilos de cabello.<\/li>\n<\/ul>\n<p>&nbsp;<\/p>\n<h3><strong>Accesorios incluidos:<\/strong><\/h3>\n<ul>\n<li><strong>Cortapelos JRL<\/strong><\/li>\n<li><strong>1 destornillador<\/strong><\/li>\n<li><strong>1 Cepillo<\/strong><\/li>\n<li><strong>1 Lubricante<\/strong><\/li>\n<li><strong>Cuchilla c\u00f3nica BF03<\/strong> (ajustable para puesta a &#8220;cero&#8221;)<\/li>\n<li><strong>Cargador<\/strong> (Nota: no incluye estaci\u00f3n de carga)<\/li>\n<\/ul>\n<p>&nbsp;<\/p>\n<h3><strong>Attachment Combs:<\/strong><\/h3>\n<ul>\n<li>Tallas:\n<ul>\n<li><strong>1,5 mm,  <\/strong><\/li>\n<li><strong>3 mm,  <\/strong><\/li>\n<li><strong>4,5 mm,  <\/strong><\/li>\n<li><strong>6 mm,  <\/strong><\/li>\n<li><strong>10mm,  <\/strong><\/li>\n<li><strong>13 mm,  <\/strong><\/li>\n<li><strong>16mm,  <\/strong><\/li>\n<li><strong>19 mm,  <\/strong><\/li>\n<li><strong>22 mm,  <\/strong><\/li>\n<li><strong>25 mm<\/strong><\/li>\n<\/ul>\n<\/li>\n<\/ul>\n<p>El cortapelos JRL FreshFade 2020C es una herramienta de \u00faltima generaci\u00f3n para barberos profesionales, que ofrece una refrigeraci\u00f3n superior, precisi\u00f3n de corte y versatilidad gracias a su gama de funciones y accesorios.<\/p>\n","protected":false},"excerpt":{"rendered":"<h1 id=\"tw-target-text\" class=\"tw-data-text tw-text-large tw-ta\" dir=\"ltr\" data-placeholder=\"T\u0142umaczenie\"><\/h1>\n<p><em><br \/>\n  <strong>M\u00e1scara JRL<\/strong><br \/>\n<\/em> posiada wyj\u0105tkowe ostrze, ch\u0142odniejsze o 7\u00b0C\/13,89\u00b0F w por\u00f3wnaniu do wi\u0119kszo\u015bci maszynek do strzy\u017cenia po 30 min. pracy. La tecnolog\u00eda inteligente de Smart-Clip permite a los usuarios controlar la silueta, ya que las piezas de desgaste no se mueven, lo que hace que las m\u00e1scaras no se muevan. System blokady d\u017awigni odpowiedzialnej za regulacj\u0119 wysoko\u015bci no\u017ca sprawia, \u017ce mo\u017cesz ustawi\u0107 j\u0105 na 5 poziomach bez obawy, \u017ce samoistnie si\u0119 przesunie &#8211; dzi\u0119ki temu mo\u017cesz pracowa\u0107 bez u\u017cycia nasadek od 0,5mm do 3,5mm.<\/p>\n","protected":false},"featured_media":4647,"comment_status":"closed","ping_status":"closed","template":"","meta":[],"product_brand":[],"product_cat":[80,76],"product_tag":[],"class_list":{"0":"post-4637","1":"product","2":"type-product","3":"status-publish","4":"has-post-thumbnail","6":"product_cat-clippers-es","7":"product_cat-herramientas-del-peluquero","9":"first","10":"instock","11":"shipping-taxable","12":"purchasable","13":"product-type-simple"},"_links":{"self":[{"href":"https:\/\/mr-mustache.com\/es\/wp-json\/wp\/v2\/product\/4637","targetHints":{"allow":["GET"]}}],"collection":[{"href":"https:\/\/mr-mustache.com\/es\/wp-json\/wp\/v2\/product"}],"about":[{"href":"https:\/\/mr-mustache.com\/es\/wp-json\/wp\/v2\/types\/product"}],"replies":[{"embeddable":true,"href":"https:\/\/mr-mustache.com\/es\/wp-json\/wp\/v2\/comments?post=4637"}],"version-history":[{"count":1,"href":"https:\/\/mr-mustache.com\/es\/wp-json\/wp\/v2\/product\/4637\/revisions"}],"predecessor-version":[{"id":4663,"href":"https:\/\/mr-mustache.com\/es\/wp-json\/wp\/v2\/product\/4637\/revisions\/4663"}],"wp:featuredmedia":[{"embeddable":true,"href":"https:\/\/mr-mustache.com\/es\/wp-json\/wp\/v2\/media\/4647"}],"wp:attachment":[{"href":"https:\/\/mr-mustache.com\/es\/wp-json\/wp\/v2\/media?parent=4637"}],"wp:term":[{"taxonomy":"product_brand","embeddable":true,"href":"https:\/\/mr-mustache.com\/es\/wp-json\/wp\/v2\/product_brand?post=4637"},{"taxonomy":"product_cat","embeddable":true,"href":"https:\/\/mr-mustache.com\/es\/wp-json\/wp\/v2\/product_cat?post=4637"},{"taxonomy":"product_tag","embeddable":true,"href":"https:\/\/mr-mustache.com\/es\/wp-json\/wp\/v2\/product_tag?post=4637"}],"curies":[{"name":"wp","href":"https:\/\/api.w.org\/{rel}","templated":true}]}}