{"id":4644,"date":"2024-02-11T09:30:43","date_gmt":"2024-02-11T09:30:43","guid":{"rendered":"https:\/\/mr-mustache.com\/produkt\/tijeras-para-el-pelo-mr-mustache-crusander-63\/"},"modified":"2024-04-12T05:13:26","modified_gmt":"2024-04-12T05:13:26","slug":"tijeras-para-el-pelo-mr-mustache-crusander-63","status":"publish","type":"product","link":"https:\/\/mr-mustache.com\/es\/produkt\/tijeras-para-el-pelo-mr-mustache-crusander-63\/","title":{"rendered":"Tijera Mr. Mustache Crusander 6,3&#8243;"},"content":{"rendered":"\t\t<div data-elementor-type=\"wp-post\" data-elementor-id=\"4644\" class=\"elementor elementor-4644\">\n\t\t\t\t<div class=\"elementor-element elementor-element-30cafadc e-flex e-con-boxed wpr-particle-no wpr-jarallax-no wpr-parallax-no wpr-sticky-section-no e-con e-parent\" data-id=\"30cafadc\" data-element_type=\"container\" data-e-type=\"container\">\n\t\t\t\t\t<div class=\"e-con-inner\">\n\t\t<div class=\"elementor-element elementor-element-3d30c4a e-con-full e-flex wpr-particle-no wpr-jarallax-no wpr-parallax-no wpr-sticky-section-no e-con e-child\" data-id=\"3d30c4a\" data-element_type=\"container\" data-e-type=\"container\">\n\t\t<div class=\"elementor-element elementor-element-6c8857e e-con-full e-flex wpr-particle-no wpr-jarallax-no wpr-parallax-no wpr-sticky-section-no e-con e-child\" data-id=\"6c8857e\" data-element_type=\"container\" data-e-type=\"container\" data-settings=\"{&quot;background_background&quot;:&quot;classic&quot;}\">\n\t\t\t\t<div class=\"elementor-element elementor-element-d292fd0 elementor-widget elementor-widget-heading\" data-id=\"d292fd0\" data-element_type=\"widget\" data-e-type=\"widget\" data-widget_type=\"heading.default\">\n\t\t\t\t<div class=\"elementor-widget-container\">\n\t\t\t\t\t<h3 class=\"elementor-heading-title elementor-size-default\">Rodamiento de bolas de espejo<\/h3>\t\t\t\t<\/div>\n\t\t\t\t<\/div>\n\t\t\t\t<div class=\"elementor-element elementor-element-cc730ce elementor-widget elementor-widget-text-editor\" data-id=\"cc730ce\" data-element_type=\"widget\" data-e-type=\"widget\" data-widget_type=\"text-editor.default\">\n\t\t\t\t<div class=\"elementor-widget-container\">\n\t\t\t\t\t\t\t\t\t<p>El tornillo con rodamiento de bolas hace que las tijeras se muevan con mayor suavidad.<\/p>\n\t\t\t\t\t\t\t\t<\/div>\n\t\t\t\t<\/div>\n\t\t\t\t<\/div>\n\t\t<div class=\"elementor-element elementor-element-74d0c8d e-con-full e-flex wpr-particle-no wpr-jarallax-no wpr-parallax-no wpr-sticky-section-no e-con e-child\" data-id=\"74d0c8d\" data-element_type=\"container\" data-e-type=\"container\" data-settings=\"{&quot;background_background&quot;:&quot;classic&quot;}\">\n\t\t\t\t<div class=\"elementor-element elementor-element-24fc513 elementor-widget elementor-widget-heading\" data-id=\"24fc513\" data-element_type=\"widget\" data-e-type=\"widget\" data-widget_type=\"heading.default\">\n\t\t\t\t<div class=\"elementor-widget-container\">\n\t\t\t\t\t<h3 class=\"elementor-heading-title elementor-size-default\">Perfil curvil\u00edneo<\/h3>\t\t\t\t<\/div>\n\t\t\t\t<\/div>\n\t\t\t\t<div class=\"elementor-element elementor-element-55c0780 elementor-widget elementor-widget-text-editor\" data-id=\"55c0780\" data-element_type=\"widget\" data-e-type=\"widget\" data-widget_type=\"text-editor.default\">\n\t\t\t\t<div class=\"elementor-widget-container\">\n\t\t\t\t\t\t\t\t\t<p>El perfil de mano m\u00e1s ergon\u00f3mico del mundo.<\/p>\n\t\t\t\t\t\t\t\t<\/div>\n\t\t\t\t<\/div>\n\t\t\t\t<\/div>\n\t\t<div class=\"elementor-element elementor-element-701c700 e-con-full e-flex wpr-particle-no wpr-jarallax-no wpr-parallax-no wpr-sticky-section-no e-con e-child\" data-id=\"701c700\" data-element_type=\"container\" data-e-type=\"container\" data-settings=\"{&quot;background_background&quot;:&quot;classic&quot;}\">\n\t\t\t\t<div class=\"elementor-element elementor-element-0b49425 elementor-widget elementor-widget-heading\" data-id=\"0b49425\" data-element_type=\"widget\" data-e-type=\"widget\" data-widget_type=\"heading.default\">\n\t\t\t\t<div class=\"elementor-widget-container\">\n\t\t\t\t\t<h3 class=\"elementor-heading-title elementor-size-default\">Serie avanzada<\/h3>\t\t\t\t<\/div>\n\t\t\t\t<\/div>\n\t\t\t\t<div class=\"elementor-element elementor-element-cc90a36 elementor-widget elementor-widget-text-editor\" data-id=\"cc90a36\" data-element_type=\"widget\" data-e-type=\"widget\" data-widget_type=\"text-editor.default\">\n\t\t\t\t<div class=\"elementor-widget-container\">\n\t\t\t\t\t\t\t\t\t<p>Gracias a un nuevo procedimiento de producci\u00f3n, la nueva serie de tijeras se caracteriza por un afilado de tijera muy elevado.<\/p>\n\t\t\t\t\t\t\t\t<\/div>\n\t\t\t\t<\/div>\n\t\t\t\t<\/div>\n\t\t\t\t<\/div>\n\t\t\t\t<div class=\"elementor-element elementor-element-3789f30a elementor-widget elementor-widget-text-editor\" data-id=\"3789f30a\" data-element_type=\"widget\" data-e-type=\"widget\" data-widget_type=\"text-editor.default\">\n\t\t\t\t<div class=\"elementor-widget-container\">\n\t\t\t\t\t\t\t\t\t<div class=\"ac-textBlock\">\n<p><span style=\"color: #999999;\">Las <strong>tijeras de peluquer\u00eda Crusander<\/strong> combinan una artesan\u00eda exquisita con un rendimiento de vanguardia. Dise\u00f1adas para estilistas profesionales y personas exigentes, estas tijeras son algo m\u00e1s que herramientas: son una declaraci\u00f3n de calidad y precisi\u00f3n.  <\/span><\/p>\n<p><span style=\"color: #999999;\">Se puede utilizar para todo tipo de corte: <b>deslizamiento, corte de punta y corte est\u00e1ndar en seco o en h\u00famedo<\/b>.<\/span><\/p>\n<\/div>\n<div class=\"ac-textBlock\">\n<h3><span style=\"color: #999999;\">Caracter\u00edsticas principales:<\/span><\/h3>\n<\/div>\n<div class=\"ac-textBlock\">\n<ol>\n<li><span style=\"color: #999999;\"><strong>Acero<\/strong> inoxidable VG10: Fabricadas en acero inoxidable VG10, estas tijeras presentan una dureza excepcional, de aproximadamente <strong>61-62 HRC<\/strong>. Este acero de alta calidad garantiza la longevidad y mantiene el filo incluso tras un uso prolongado.<\/span><\/li>\n<\/ol>\n<\/div>\n<div class=\"ac-textBlock\">\n<ol start=\"2\">\n<li><span style=\"color: #999999;\"><strong>Serie<\/strong> Advanced: El modelo Crusander pertenece a nuestra prestigiosa Serie Advanced. Su excepcional afilado la distingue, permitiendo cortes precisos y sin esfuerzo.<\/span><\/li>\n<\/ol>\n<\/div>\n<div class=\"ac-textBlock\">\n<ol start=\"3\">\n<li><span style=\"color: #999999;\"><strong>Tensi\u00f3n personalizable<\/strong>: Ajusta la tensi\u00f3n de las tijeras a tu gusto con la llave incluida. Tanto si prefiere un tacto m\u00e1s cerrado como m\u00e1s suelto, estas tijeras se adaptan a su estilo de corte.<\/span><\/li>\n<\/ol>\n<\/div>\n<div class=\"ac-textBlock\">\n<ol start=\"4\">\n<li><span style=\"color: #999999;\"><strong>Artesan\u00eda impecable<\/strong>: Cada detalle es importante. Desde el ornamentado relieve alrededor del tornillo regulador hasta el dise\u00f1o ergon\u00f3mico, estas tijeras son un testimonio de meticulosa artesan\u00eda.<\/span><\/li>\n<\/ol>\n<\/div>\n<div class=\"ac-textBlock\">\n<ol start=\"5\">\n<li><span style=\"color: #999999;\"><b>El perfil curvo <\/b>es la tijera m\u00e1s ergon\u00f3mica del mercado.<\/span><\/li>\n<\/ol>\n<\/div>\n<div class=\"ac-textBlock\">\n<h3><span style=\"color: #999999;\">VG10 Composici\u00f3n del acero:<\/span><\/h3>\n<\/div>\n<div class=\"ac-textBlock\">\n<ul>\n<li><span style=\"color: #999999;\"><strong>Hierro (Fe)<\/strong>: Aproximadamente el 79<\/span><\/li>\n<\/ul>\n<\/div>\n<div class=\"ac-textBlock\">\n<ul>\n<li><span style=\"color: #999999;\"><strong>Cromo (Cr)<\/strong>: Aproximadamente el 15%.<\/span><\/li>\n<\/ul>\n<\/div>\n<div class=\"ac-textBlock\">\n<ul>\n<li><span style=\"color: #999999;\"><strong>Molibdeno (Mo)<\/strong>: Aproximadamente 1%.<\/span><\/li>\n<\/ul>\n<\/div>\n<div class=\"ac-textBlock\">\n<ul>\n<li><span style=\"color: #999999;\"><strong>Cobalto (Co)<\/strong>: Aproximadamente 1,4%-1,6%.<\/span><\/li>\n<\/ul>\n<\/div>\n<div class=\"ac-textBlock\">\n<ul>\n<li><span style=\"color: #999999;\"><strong>Carbono \u00a9<\/strong>: Aproximadamente 1%.<\/span><\/li>\n<\/ul>\n<\/div>\n<div class=\"ac-textBlock\">\n<ul>\n<li><span style=\"color: #999999;\"><strong>Vanadio (V)<\/strong>: Aproximadamente 0,25%-0,35%<\/span><\/li>\n<\/ul>\n<\/div>\n<div class=\"ac-textBlock\">\n<h3><span style=\"color: #999999;\">Calidad sin concesiones:<\/span><\/h3>\n<\/div>\n<div class=\"ac-textBlock\">\n<p><span style=\"color: #999999;\">Nuestro compromiso con la excelencia va m\u00e1s all\u00e1 del dise\u00f1o. Cada elemento se somete a rigurosos controles de calidad durante la producci\u00f3n. Por ello, ofrecemos una <strong>garant\u00eda de 5 a\u00f1os<\/strong> para las tijeras.<\/span><\/p>\n<\/div>\n<div class=\"ac-textBlock\">\n<h3><span style=\"color: #999999;\">Acero VG10 &#8211; El filo definitivo:<\/span><\/h3>\n<\/div>\n<div class=\"ac-textBlock\">\n<p><span style=\"color: #999999;\">Fabricadas a mano con acero VG10 de alta calidad, estas tijeras redefinen el afilado. VG10 se desarroll\u00f3 espec\u00edficamente para crear los cuchillos y tijeras de peluquer\u00eda m\u00e1s afilados. No s\u00f3lo proporciona una durabilidad excepcional, sino que tambi\u00e9n mantiene el filo durante largos periodos de uso.<\/span><\/p>\n<\/div>\n<div class=\"ac-textBlock\">\n<p><span style=\"color: #999999;\">Con las tijeras Crusander, los peluqueros pueden conseguir cortes precisos y limpios con cada tijerazo.<\/span><\/p>\n<\/div>\n<div class=\"ac-textBlock\">\n<\/div>\n<div class=\"ac-textBlock\">\n<p><span style=\"color: #999999;\">Eleve su experiencia de peinado con nuestras tijeras, el ep\u00edtome de la elegancia, la precisi\u00f3n y la longevidad.<\/span><\/p>\n<\/div>\n<div class=\"ac-textBlock\">\n<p><span style=\"color: #999999;\"><strong>Tijeras Mr. Mustache<\/strong>: Disponible ahora para los que exigen excelencia.<\/span><\/p>\n<\/div>\n\t\t\t\t\t\t\t\t<\/div>\n\t\t\t\t<\/div>\n\t\t\t\t\t<\/div>\n\t\t\t\t<\/div>\n\t\t\t\t<\/div>\n\t\t","protected":false},"excerpt":{"rendered":"<p>Rodamiento de bolas de espejo El tornillo con rodamiento de bolas hace que las tijeras se muevan con mayor suavidad. Perfil curvil\u00edneo El perfil de mano m\u00e1s ergon\u00f3mico del mundo. Serie avanzada Gracias a un nuevo procedimiento de producci\u00f3n, la nueva serie de tijeras se caracteriza por un afilado de tijera muy elevado. Las tijeras de peluquer\u00eda Crusander combinan una artesan\u00eda exquisita con un rendimiento de vanguardia. Dise\u00f1adas para estilistas profesionales y personas exigentes, estas tijeras son algo m\u00e1s que herramientas: son una declaraci\u00f3n de calidad y precisi\u00f3n. Se puede utilizar para todo tipo de corte: deslizamiento, corte de punta y corte est\u00e1ndar en seco o en h\u00famedo. Caracter\u00edsticas principales: Acero inoxidable VG10: Fabricadas en acero inoxidable VG10, estas tijeras presentan una dureza excepcional, de aproximadamente 61-62 HRC. Este acero de alta calidad garantiza la longevidad y mantiene el filo incluso tras un uso prolongado. Serie Advanced: El modelo Crusander pertenece a nuestra prestigiosa Serie Advanced. Su excepcional afilado la distingue, permitiendo cortes precisos y sin esfuerzo. Tensi\u00f3n personalizable: Ajusta la tensi\u00f3n de las tijeras a tu gusto con la llave incluida. Tanto si prefiere un tacto m\u00e1s cerrado como m\u00e1s suelto, estas tijeras se adaptan a su estilo de corte. Artesan\u00eda impecable: Cada detalle es importante. Desde el ornamentado relieve alrededor del tornillo regulador hasta el dise\u00f1o ergon\u00f3mico, estas tijeras son un testimonio de meticulosa artesan\u00eda. El perfil curvo es la tijera m\u00e1s ergon\u00f3mica del mercado. VG10 Composici\u00f3n del acero: Hierro (Fe): Aproximadamente el 79 Cromo (Cr): Aproximadamente el 15%. Molibdeno (Mo): Aproximadamente 1%. Cobalto (Co): Aproximadamente 1,4%-1,6%. Carbono \u00a9: Aproximadamente 1%. Vanadio (V): Aproximadamente 0,25%-0,35% Calidad sin concesiones: Nuestro compromiso con la excelencia va m\u00e1s all\u00e1 del dise\u00f1o. Cada elemento se somete a rigurosos controles de calidad durante la producci\u00f3n. Por ello, ofrecemos una garant\u00eda de 5 a\u00f1os para las tijeras. Acero VG10 &#8211; El filo definitivo: Fabricadas a mano con acero VG10 de alta calidad, estas tijeras redefinen el afilado. VG10 se desarroll\u00f3 espec\u00edficamente para crear los cuchillos y tijeras de peluquer\u00eda m\u00e1s afilados. No s\u00f3lo proporciona una durabilidad excepcional, sino que tambi\u00e9n mantiene el filo durante largos periodos de uso. Con las tijeras Crusander, los peluqueros pueden conseguir cortes precisos y limpios con cada tijerazo. Eleve su experiencia de peinado con nuestras tijeras, el ep\u00edtome de la elegancia, la precisi\u00f3n y la longevidad. Tijeras Mr. Mustache: Disponible ahora para los que exigen excelencia.<\/p>\n","protected":false},"featured_media":4653,"comment_status":"closed","ping_status":"closed","template":"","meta":[],"product_brand":[],"product_cat":[73,72],"product_tag":[],"class_list":{"0":"post-4644","1":"product","2":"type-product","3":"status-publish","4":"has-post-thumbnail","6":"product_cat-corte-de-pelo","7":"product_cat-tijeras","9":"first","10":"instock","11":"shipping-taxable","12":"purchasable","13":"product-type-simple"},"_links":{"self":[{"href":"https:\/\/mr-mustache.com\/es\/wp-json\/wp\/v2\/product\/4644","targetHints":{"allow":["GET"]}}],"collection":[{"href":"https:\/\/mr-mustache.com\/es\/wp-json\/wp\/v2\/product"}],"about":[{"href":"https:\/\/mr-mustache.com\/es\/wp-json\/wp\/v2\/types\/product"}],"replies":[{"embeddable":true,"href":"https:\/\/mr-mustache.com\/es\/wp-json\/wp\/v2\/comments?post=4644"}],"version-history":[{"count":3,"href":"https:\/\/mr-mustache.com\/es\/wp-json\/wp\/v2\/product\/4644\/revisions"}],"predecessor-version":[{"id":4919,"href":"https:\/\/mr-mustache.com\/es\/wp-json\/wp\/v2\/product\/4644\/revisions\/4919"}],"wp:featuredmedia":[{"embeddable":true,"href":"https:\/\/mr-mustache.com\/es\/wp-json\/wp\/v2\/media\/4653"}],"wp:attachment":[{"href":"https:\/\/mr-mustache.com\/es\/wp-json\/wp\/v2\/media?parent=4644"}],"wp:term":[{"taxonomy":"product_brand","embeddable":true,"href":"https:\/\/mr-mustache.com\/es\/wp-json\/wp\/v2\/product_brand?post=4644"},{"taxonomy":"product_cat","embeddable":true,"href":"https:\/\/mr-mustache.com\/es\/wp-json\/wp\/v2\/product_cat?post=4644"},{"taxonomy":"product_tag","embeddable":true,"href":"https:\/\/mr-mustache.com\/es\/wp-json\/wp\/v2\/product_tag?post=4644"}],"curies":[{"name":"wp","href":"https:\/\/api.w.org\/{rel}","templated":true}]}}