{"id":4682,"date":"2024-02-16T09:05:27","date_gmt":"2024-02-16T09:05:27","guid":{"rendered":"https:\/\/mr-mustache.com\/produkt\/jrl-onyx-afeitadora-sin-cable-estacion-de-carga\/"},"modified":"2024-04-11T08:18:04","modified_gmt":"2024-04-11T08:18:04","slug":"jrl-onyx-afeitadora-sin-cable-estacion-de-carga","status":"publish","type":"product","link":"https:\/\/mr-mustache.com\/es\/produkt\/jrl-onyx-afeitadora-sin-cable-estacion-de-carga\/","title":{"rendered":"JRL ONYX &#8211; afeitadora sin cable + estaci\u00f3n de carga"},"content":{"rendered":"<h1>JRL ONYX &#8211; Cortapelos sin cable<\/h1>\n<p>&nbsp;<\/p>\n<h4><strong>Tecnolog\u00edas innovadoras:<\/strong><\/h4>\n<ul>\n<li><strong>Tecnolog\u00eda patentada Reset IQ Charge:<\/strong> Un nuevo m\u00e9todo de carga que alarga la vida de la bater\u00eda.<\/li>\n<li><strong>Tecnolog\u00eda Smart-Clip patentada:<\/strong> La recortadora detecta la resistencia de la cuchilla y aumenta la velocidad del motor para garantizar que nunca se arrastre ni se detenga. Garantiza un corte suave y uniforme en todo momento.<\/li>\n<\/ul>\n<p>&nbsp;<\/p>\n<h4><strong>Rendimiento:<\/strong><\/h4>\n<ul>\n<li><strong>Potencia constante:<\/strong> Dos ajustes de velocidad, 6000 y 7500 RPM, proporcionan versatilidad de corte y mantienen la velocidad durante el uso.<\/li>\n<li><strong>Cuchilla<\/strong> Onyx Fade<strong>:<\/strong> Equipada con una cuchilla Onyx Fade de precisi\u00f3n para conseguir un aspecto fresco y descolorido. Max. Longitud: 3,5 mm.<\/li>\n<li><strong>Motor silencioso.<\/strong><\/li>\n<li><strong>Duraci\u00f3n de la bater\u00eda:<\/strong> Tiempo m\u00e1ximo de funcionamiento de 5 horas &#8211; 3 horas de carga proporcionan 5 horas de duraci\u00f3n de la bater\u00eda.<\/li>\n<\/ul>\n<p>&nbsp;<\/p>\n<h4><strong>Funciones avanzadas:<\/strong><\/h4>\n<ul>\n<li><strong>Funci\u00f3n avanzada de bloqueo de palanca:<\/strong> 5 ajustes fijos de bloqueo de nivel.<\/li>\n<li><strong>Tecnolog\u00eda de cuchilla fr\u00eda patentada:<\/strong> Un material especial mantiene la cuchilla fr\u00eda al tacto, m\u00e1s fr\u00eda que la mayor\u00eda de las maquinillas en una prueba de 30 minutos. La cuchilla tambi\u00e9n es intercambiable con la mayor\u00eda de las marcas de recortadoras profesionales.<\/li>\n<li><strong>Pantalla LED:<\/strong> La pantalla LED muestra la duraci\u00f3n restante de la bater\u00eda con el ajuste de velocidad actual.<\/li>\n<\/ul>\n<p>&nbsp;<\/p>\n<h4><strong>Accesorios:<\/strong><\/h4>\n<ul>\n<li>Incluye 1 destornillador, 1 cepillo, 1 aceite lubricante, 1 protector de cuchilla, 10 protectores (\u00bd#, 1#, 1-1\/2#, 2#, 3#, 4#, 5#, 6#, 7#, 8#),<\/li>\n<li><strong>Base de carga Reset IQ<\/strong> incluida en el paquete.<\/li>\n<\/ul>\n","protected":false},"excerpt":{"rendered":"<h1>JRL ONYX &#8211; M\u00e1s informaci\u00f3n<\/h1>\n<p>&nbsp;<\/p>\n","protected":false},"featured_media":4686,"comment_status":"closed","ping_status":"closed","template":"","meta":[],"product_brand":[],"product_cat":[80,76],"product_tag":[],"class_list":{"0":"post-4682","1":"product","2":"type-product","3":"status-publish","4":"has-post-thumbnail","6":"product_cat-clippers-es","7":"product_cat-herramientas-del-peluquero","9":"first","10":"instock","11":"shipping-taxable","12":"purchasable","13":"product-type-simple"},"_links":{"self":[{"href":"https:\/\/mr-mustache.com\/es\/wp-json\/wp\/v2\/product\/4682","targetHints":{"allow":["GET"]}}],"collection":[{"href":"https:\/\/mr-mustache.com\/es\/wp-json\/wp\/v2\/product"}],"about":[{"href":"https:\/\/mr-mustache.com\/es\/wp-json\/wp\/v2\/types\/product"}],"replies":[{"embeddable":true,"href":"https:\/\/mr-mustache.com\/es\/wp-json\/wp\/v2\/comments?post=4682"}],"version-history":[{"count":1,"href":"https:\/\/mr-mustache.com\/es\/wp-json\/wp\/v2\/product\/4682\/revisions"}],"predecessor-version":[{"id":4694,"href":"https:\/\/mr-mustache.com\/es\/wp-json\/wp\/v2\/product\/4682\/revisions\/4694"}],"wp:featuredmedia":[{"embeddable":true,"href":"https:\/\/mr-mustache.com\/es\/wp-json\/wp\/v2\/media\/4686"}],"wp:attachment":[{"href":"https:\/\/mr-mustache.com\/es\/wp-json\/wp\/v2\/media?parent=4682"}],"wp:term":[{"taxonomy":"product_brand","embeddable":true,"href":"https:\/\/mr-mustache.com\/es\/wp-json\/wp\/v2\/product_brand?post=4682"},{"taxonomy":"product_cat","embeddable":true,"href":"https:\/\/mr-mustache.com\/es\/wp-json\/wp\/v2\/product_cat?post=4682"},{"taxonomy":"product_tag","embeddable":true,"href":"https:\/\/mr-mustache.com\/es\/wp-json\/wp\/v2\/product_tag?post=4682"}],"curies":[{"name":"wp","href":"https:\/\/api.w.org\/{rel}","templated":true}]}}