{"id":4735,"date":"2024-01-13T23:41:31","date_gmt":"2024-01-13T23:41:31","guid":{"rendered":"https:\/\/mr-mustache.com\/produkt\/tijeras-para-el-pelo-mr-mustache-craft-rose-gold-60-65\/"},"modified":"2025-08-18T12:33:34","modified_gmt":"2025-08-18T12:33:34","slug":"tijeras-para-el-pelo-mr-mustache-craft-rose-gold-60-65","status":"publish","type":"product","link":"https:\/\/mr-mustache.com\/es\/produkt\/tijeras-para-el-pelo-mr-mustache-craft-rose-gold-60-65\/","title":{"rendered":"Tijeras para el pelo Mr. Mustache Craft Rose Gold 6,0&#8243; \/ 6,5&#8243;"},"content":{"rendered":"\t\t<div data-elementor-type=\"wp-post\" data-elementor-id=\"4735\" class=\"elementor elementor-4735\">\n\t\t\t\t<div class=\"elementor-element elementor-element-2d233d5 e-con-full e-flex wpr-particle-no wpr-jarallax-no wpr-parallax-no wpr-sticky-section-no e-con e-parent\" data-id=\"2d233d5\" data-element_type=\"container\" data-e-type=\"container\">\n\t\t<div class=\"elementor-element elementor-element-5c51c12 e-con-full e-flex wpr-particle-no wpr-jarallax-no wpr-parallax-no wpr-sticky-section-no e-con e-child\" data-id=\"5c51c12\" data-element_type=\"container\" data-e-type=\"container\" data-settings=\"{&quot;background_background&quot;:&quot;classic&quot;}\">\n\t\t\t\t<div class=\"elementor-element elementor-element-190f1ab elementor-widget elementor-widget-heading\" data-id=\"190f1ab\" data-element_type=\"widget\" data-e-type=\"widget\" data-widget_type=\"heading.default\">\n\t\t\t\t<div class=\"elementor-widget-container\">\n\t\t\t\t\t<h3 class=\"elementor-heading-title elementor-size-default\">Acabado a mano<\/h3>\t\t\t\t<\/div>\n\t\t\t\t<\/div>\n\t\t\t\t<div class=\"elementor-element elementor-element-e8a57f1 elementor-widget elementor-widget-text-editor\" data-id=\"e8a57f1\" data-element_type=\"widget\" data-e-type=\"widget\" data-widget_type=\"text-editor.default\">\n\t\t\t\t<div class=\"elementor-widget-container\">\n\t\t\t\t\t\t\t\t\t<p>Gracias al estampado a mano del acero, cada par de tijeras es especial y \u00fanico.<\/p>\n\t\t\t\t\t\t\t\t<\/div>\n\t\t\t\t<\/div>\n\t\t\t\t<\/div>\n\t\t<div class=\"elementor-element elementor-element-da15630 e-con-full e-flex wpr-particle-no wpr-jarallax-no wpr-parallax-no wpr-sticky-section-no e-con e-child\" data-id=\"da15630\" data-element_type=\"container\" data-e-type=\"container\" data-settings=\"{&quot;background_background&quot;:&quot;classic&quot;}\">\n\t\t\t\t<div class=\"elementor-element elementor-element-317775a elementor-widget elementor-widget-heading\" data-id=\"317775a\" data-element_type=\"widget\" data-e-type=\"widget\" data-widget_type=\"heading.default\">\n\t\t\t\t<div class=\"elementor-widget-container\">\n\t\t\t\t\t<h3 class=\"elementor-heading-title elementor-size-default\">Perfil offset<\/h3>\t\t\t\t<\/div>\n\t\t\t\t<\/div>\n\t\t\t\t<div class=\"elementor-element elementor-element-ed32480 elementor-widget elementor-widget-text-editor\" data-id=\"ed32480\" data-element_type=\"widget\" data-e-type=\"widget\" data-widget_type=\"text-editor.default\">\n\t\t\t\t<div class=\"elementor-widget-container\">\n\t\t\t\t\t\t\t\t\t<p>Pieza de mano ergon\u00f3mica desplazada que permite un trabajo m\u00e1s c\u00f3modo e indoloro para las articulaciones.<\/p>\n\t\t\t\t\t\t\t\t<\/div>\n\t\t\t\t<\/div>\n\t\t\t\t<\/div>\n\t\t<div class=\"elementor-element elementor-element-ad6f4ce e-con-full e-flex wpr-particle-no wpr-jarallax-no wpr-parallax-no wpr-sticky-section-no e-con e-child\" data-id=\"ad6f4ce\" data-element_type=\"container\" data-e-type=\"container\" data-settings=\"{&quot;background_background&quot;:&quot;classic&quot;}\">\n\t\t\t\t<div class=\"elementor-element elementor-element-a260f67 elementor-widget elementor-widget-heading\" data-id=\"a260f67\" data-element_type=\"widget\" data-e-type=\"widget\" data-widget_type=\"heading.default\">\n\t\t\t\t<div class=\"elementor-widget-container\">\n\t\t\t\t\t<h3 class=\"elementor-heading-title elementor-size-default\">Serie avanzada<\/h3>\t\t\t\t<\/div>\n\t\t\t\t<\/div>\n\t\t\t\t<div class=\"elementor-element elementor-element-f03271f elementor-widget elementor-widget-text-editor\" data-id=\"f03271f\" data-element_type=\"widget\" data-e-type=\"widget\" data-widget_type=\"text-editor.default\">\n\t\t\t\t<div class=\"elementor-widget-container\">\n\t\t\t\t\t\t\t\t\t<p>Gracias a un nuevo procedimiento de producci\u00f3n, la nueva serie de tijeras se caracteriza por un afilado de tijera muy elevado.<\/p>\n\t\t\t\t\t\t\t\t<\/div>\n\t\t\t\t<\/div>\n\t\t\t\t<\/div>\n\t\t\t\t<\/div>\n\t\t<div class=\"elementor-element elementor-element-56e8ac32 e-flex e-con-boxed wpr-particle-no wpr-jarallax-no wpr-parallax-no wpr-sticky-section-no e-con e-parent\" data-id=\"56e8ac32\" data-element_type=\"container\" data-e-type=\"container\">\n\t\t\t\t\t<div class=\"e-con-inner\">\n\t\t\t\t<div class=\"elementor-element elementor-element-22b7728b elementor-widget elementor-widget-text-editor\" data-id=\"22b7728b\" data-element_type=\"widget\" data-e-type=\"widget\" data-widget_type=\"text-editor.default\">\n\t\t\t\t<div class=\"elementor-widget-container\">\n\t\t\t\t\t\t\t\t\t<p><span style=\"color: #999999;\">Las <strong>tijeras de peluquer\u00eda Craft Rose Gold<\/strong> combinan una exquisita artesan\u00eda con prestaciones de vanguardia. Dise\u00f1adas para estilistas profesionales y personas exigentes, estas tijeras son algo m\u00e1s que herramientas: son una declaraci\u00f3n de calidad y precisi\u00f3n.<\/span><\/p>\n<div class=\"ac-textBlock\"> <\/div>\n<div class=\"ac-textBlock\">\n<h3><span style=\"color: #999999;\">Caracter\u00edsticas principales:<\/span><\/h3>\n<\/div>\n<div class=\"ac-textBlock\">\n<ol>\n<li><span style=\"color: #999999;\"><strong>Acero<\/strong> inoxidable VG10: Fabricadas en acero inoxidable VG10, estas tijeras presentan una dureza excepcional, de aproximadamente <strong>61-62 HRC<\/strong>. Este acero de alta calidad garantiza la longevidad y mantiene el filo incluso tras un uso prolongado.<\/span><\/li>\n<li><span style=\"color: #999999;\"><strong>Serie<\/strong> Advanced: El modelo Craft Rose Gold pertenece a nuestra prestigiosa serie Advanced. Su excepcional afilado la distingue, permitiendo cortes precisos y sin esfuerzo.<\/span><\/li>\n<li><span style=\"color: #999999;\"><strong>Tensi\u00f3n personalizable<\/strong>: Ajusta la tensi\u00f3n de las tijeras a tu gusto con la llave incluida. Tanto si prefiere un tacto m\u00e1s cerrado como m\u00e1s suelto, estas tijeras se adaptan a su estilo de corte.<\/span><\/li>\n<li><span style=\"color: #999999;\"><strong>Artesan\u00eda impecable<\/strong>: Cada detalle es importante. Desde el ornamentado relieve alrededor del tornillo regulador hasta el dise\u00f1o ergon\u00f3mico, estas tijeras son un testimonio de meticulosa artesan\u00eda.<\/span><\/li>\n<li><span style=\"color: #999999;\"><strong>Duradero acabado met\u00e1lico<\/strong> en oro rosa: El llamativo acabado en tono oro rosa no solo aporta elegancia, sino que tambi\u00e9n resiste el desgaste y la desinfecci\u00f3n frecuente. Las tijeras Craft Rose Gold son tan bellas como funcionales.<\/span><\/li>\n<\/ol>\n<p><span style=\"color: #999999;\"> <\/span><\/p>\n<\/div>\n<div class=\"ac-textBlock\">\n<h3><span style=\"color: #999999;\">VG10 Composici\u00f3n del acero:<\/span><\/h3>\n<\/div>\n<div class=\"ac-textBlock\">\n<ul>\n<li><span style=\"color: #999999;\"><strong>Hierro (Fe)<\/strong>: Aproximadamente el 79<\/span><\/li>\n<li><span style=\"color: #999999;\"><strong>Cromo (Cr)<\/strong>: Aproximadamente el 15%.<\/span><\/li>\n<li><span style=\"color: #999999;\"><strong>Molibdeno (Mo)<\/strong>: Aproximadamente 1%.<\/span><\/li>\n<li><span style=\"color: #999999;\"><strong>Cobalto (Co)<\/strong>: Aproximadamente 1,4%-1,6%.<\/span><\/li>\n<li><span style=\"color: #999999;\"><strong>Carbono \u00a9<\/strong>: Aproximadamente 1%.<\/span><\/li>\n<li><span style=\"color: #999999;\"><strong>Vanadio (V)<\/strong>: Aproximadamente 0,25%-0,35%<\/span><\/li>\n<\/ul>\n<\/div>\n<div class=\"ac-textBlock\">\n<h3><span style=\"color: #999999;\">Calidad sin concesiones:<\/span><\/h3>\n<\/div>\n<div class=\"ac-textBlock\">\n<p><span style=\"color: #999999;\">Nuestro compromiso con la excelencia va m\u00e1s all\u00e1 del dise\u00f1o. Cada elemento se somete a rigurosos controles de calidad durante la producci\u00f3n. Por ello, ofrecemos una <strong>garant\u00eda de 5 a\u00f1os.<\/strong><\/span><\/p>\n<\/div>\n<div class=\"ac-textBlock\">\n<p><span style=\"color: #999999;\"> <\/span><\/p>\n<\/div>\n<div class=\"ac-textBlock\">\n<h3><span style=\"color: #999999;\">Acero VG10 &#8211; El filo definitivo:<\/span><\/h3>\n<\/div>\n<div class=\"ac-textBlock\">\n<p><span style=\"color: #999999;\">Fabricadas a mano con acero VG10 de alta calidad, estas tijeras redefinen el afilado. VG10 se desarroll\u00f3 espec\u00edficamente para crear los cuchillos y tijeras de peluquer\u00eda m\u00e1s afilados. No s\u00f3lo proporciona una durabilidad excepcional, sino que tambi\u00e9n mantiene el filo durante largos periodos de uso.<\/span><\/p>\n<\/div>\n<div class=\"ac-textBlock\">\n<p><span style=\"color: #999999;\">Con nuestras tijeras, los peluqueros pueden conseguir cortes precisos y limpios con cada tijerazo.  <\/span><\/p>\n<\/div>\n<div class=\"ac-textBlock\">\n<p><span style=\"color: #999999;\"> <\/span><\/p>\n<\/div>\n<div class=\"ac-textBlock\">\n<p><span style=\"color: #999999;\">Eleve su experiencia de peinado con Craft Rose Gold, el ep\u00edtome de la elegancia, la precisi\u00f3n y la longevidad.<\/span><\/p>\n<\/div>\n<div class=\"ac-textBlock\">\n<p><span style=\"color: #999999;\"><strong>Tijeras Mr. Mustache<\/strong>: Disponible ahora para los que exigen excelencia.<\/span><\/p>\n<\/div>\n\t\t\t\t\t\t\t\t<\/div>\n\t\t\t\t<\/div>\n\t\t\t\t\t<\/div>\n\t\t\t\t<\/div>\n\t\t\t\t<\/div>\n\t\t","protected":false},"excerpt":{"rendered":"<p>Acabado a mano Gracias al estampado a mano del acero, cada par de tijeras es especial y \u00fanico. Perfil offset Pieza de mano ergon\u00f3mica desplazada que permite un trabajo m\u00e1s c\u00f3modo e indoloro para las articulaciones. Serie avanzada Gracias a un nuevo procedimiento de producci\u00f3n, la nueva serie de tijeras se caracteriza por un afilado de tijera muy elevado. Las tijeras de peluquer\u00eda Craft Rose Gold combinan una exquisita artesan\u00eda con prestaciones de vanguardia. Dise\u00f1adas para estilistas profesionales y personas exigentes, estas tijeras son algo m\u00e1s que herramientas: son una declaraci\u00f3n de calidad y precisi\u00f3n. Caracter\u00edsticas principales: Acero inoxidable VG10: Fabricadas en acero inoxidable VG10, estas tijeras presentan una dureza excepcional, de aproximadamente 61-62 HRC. Este acero de alta calidad garantiza la longevidad y mantiene el filo incluso tras un uso prolongado. Serie Advanced: El modelo Craft Rose Gold pertenece a nuestra prestigiosa serie Advanced. Su excepcional afilado la distingue, permitiendo cortes precisos y sin esfuerzo. Tensi\u00f3n personalizable: Ajusta la tensi\u00f3n de las tijeras a tu gusto con la llave incluida. Tanto si prefiere un tacto m\u00e1s cerrado como m\u00e1s suelto, estas tijeras se adaptan a su estilo de corte. Artesan\u00eda impecable: Cada detalle es importante. Desde el ornamentado relieve alrededor del tornillo regulador hasta el dise\u00f1o ergon\u00f3mico, estas tijeras son un testimonio de meticulosa artesan\u00eda. Duradero acabado met\u00e1lico en oro rosa: El llamativo acabado en tono oro rosa no solo aporta elegancia, sino que tambi\u00e9n resiste el desgaste y la desinfecci\u00f3n frecuente. Las tijeras Craft Rose Gold son tan bellas como funcionales. VG10 Composici\u00f3n del acero: Hierro (Fe): Aproximadamente el 79 Cromo (Cr): Aproximadamente el 15%. Molibdeno (Mo): Aproximadamente 1%. Cobalto (Co): Aproximadamente 1,4%-1,6%. Carbono \u00a9: Aproximadamente 1%. Vanadio (V): Aproximadamente 0,25%-0,35% Calidad sin concesiones: Nuestro compromiso con la excelencia va m\u00e1s all\u00e1 del dise\u00f1o. Cada elemento se somete a rigurosos controles de calidad durante la producci\u00f3n. Por ello, ofrecemos una garant\u00eda de 5 a\u00f1os. Acero VG10 &#8211; El filo definitivo: Fabricadas a mano con acero VG10 de alta calidad, estas tijeras redefinen el afilado. VG10 se desarroll\u00f3 espec\u00edficamente para crear los cuchillos y tijeras de peluquer\u00eda m\u00e1s afilados. No s\u00f3lo proporciona una durabilidad excepcional, sino que tambi\u00e9n mantiene el filo durante largos periodos de uso. Con nuestras tijeras, los peluqueros pueden conseguir cortes precisos y limpios con cada tijerazo. Eleve su experiencia de peinado con Craft Rose Gold, el ep\u00edtome de la elegancia, la precisi\u00f3n y la longevidad. Tijeras Mr. Mustache: Disponible ahora para los que exigen excelencia.<\/p>\n","protected":false},"featured_media":4723,"comment_status":"closed","ping_status":"closed","template":"","meta":[],"product_brand":[],"product_cat":[73,72],"product_tag":[],"class_list":{"0":"post-4735","1":"product","2":"type-product","3":"status-publish","4":"has-post-thumbnail","6":"product_cat-corte-de-pelo","7":"product_cat-tijeras","9":"first","10":"instock","11":"shipping-taxable","12":"purchasable","13":"product-type-variable","14":"has-default-attributes"},"_links":{"self":[{"href":"https:\/\/mr-mustache.com\/es\/wp-json\/wp\/v2\/product\/4735","targetHints":{"allow":["GET"]}}],"collection":[{"href":"https:\/\/mr-mustache.com\/es\/wp-json\/wp\/v2\/product"}],"about":[{"href":"https:\/\/mr-mustache.com\/es\/wp-json\/wp\/v2\/types\/product"}],"replies":[{"embeddable":true,"href":"https:\/\/mr-mustache.com\/es\/wp-json\/wp\/v2\/comments?post=4735"}],"version-history":[{"count":6,"href":"https:\/\/mr-mustache.com\/es\/wp-json\/wp\/v2\/product\/4735\/revisions"}],"predecessor-version":[{"id":5242,"href":"https:\/\/mr-mustache.com\/es\/wp-json\/wp\/v2\/product\/4735\/revisions\/5242"}],"wp:featuredmedia":[{"embeddable":true,"href":"https:\/\/mr-mustache.com\/es\/wp-json\/wp\/v2\/media\/4723"}],"wp:attachment":[{"href":"https:\/\/mr-mustache.com\/es\/wp-json\/wp\/v2\/media?parent=4735"}],"wp:term":[{"taxonomy":"product_brand","embeddable":true,"href":"https:\/\/mr-mustache.com\/es\/wp-json\/wp\/v2\/product_brand?post=4735"},{"taxonomy":"product_cat","embeddable":true,"href":"https:\/\/mr-mustache.com\/es\/wp-json\/wp\/v2\/product_cat?post=4735"},{"taxonomy":"product_tag","embeddable":true,"href":"https:\/\/mr-mustache.com\/es\/wp-json\/wp\/v2\/product_tag?post=4735"}],"curies":[{"name":"wp","href":"https:\/\/api.w.org\/{rel}","templated":true}]}}