{"id":4783,"date":"2024-02-16T09:03:48","date_gmt":"2024-02-16T09:03:48","guid":{"rendered":"https:\/\/mr-mustache.com\/produkt\/cortadora-de-pelo-inalambrica-gamma-absolute-alpha\/"},"modified":"2024-04-11T08:18:07","modified_gmt":"2024-04-11T08:18:07","slug":"cortadora-de-pelo-inalambrica-gamma-absolute-alpha","status":"publish","type":"product","link":"https:\/\/mr-mustache.com\/es\/produkt\/cortadora-de-pelo-inalambrica-gamma-absolute-alpha\/","title":{"rendered":"Cortadora de pelo inal\u00e1mbrica Gamma Absolute Alpha"},"content":{"rendered":"<h1><strong>Cortadora de pelo inal\u00e1mbrica Gamma Absolute Alpha<\/strong><\/h1>\n<p>&nbsp;<\/p>\n<h3><strong>Caracter\u00edsticas principales<\/strong><\/h3>\n<ul>\n<li><strong>Innovaci\u00f3n en la hoja<\/strong>: Cuenta con una hoja de 45 mm de fibra de carbono de diamante negro DLC (Diamond-Like Carbon) &#8220;Flat&#8221;, que garantiza cortes excepcionalmente suaves.<\/li>\n<li><strong>Cuchilla ajustable<\/strong>: La longitud de corte de la cuchilla se puede ajustar de 0,8 a 3,3 mm, para adaptarse a una gran variedad de longitudes de pelo y estilos.<\/li>\n<li><strong>Flexibilidad de carga<\/strong>: Alcanza una carga completa en 150 minutos a trav\u00e9s de una estaci\u00f3n de acoplamiento, cable o Mini USB, ofreciendo m\u00faltiples opciones de carga convenientes.<\/li>\n<li><strong>Funcionamiento prolongado<\/strong>: Ofrece hasta 240 minutos de funcionamiento inal\u00e1mbrico con una sola carga gracias a su bater\u00eda de iones de litio.<\/li>\n<li><strong>Completo juego de<\/strong> peines: Viene con un juego de 5 peines magn\u00e9ticos diferentes, que van de 1,5 a 13 mm, para adaptarse a diversas necesidades de corte.<\/li>\n<li><strong>Cuchillas intercambiables<\/strong>: Incluye una cuchilla reemplazable de titanio dorado con &#8220;dientes alternos&#8221; para un rendimiento de corte \u00fanico.<\/li>\n<li>Kit de <strong>mantenimiento<\/strong>: Equipado con un kit de limpieza y mantenimiento que incluye un minidestornillador para realizar ajustes precisos.<\/li>\n<\/ul>\n<p>&nbsp;<\/p>\n<h3><strong>Contenido del paquete<\/strong><\/h3>\n<p>Dentro de la caja, encontrar\u00e1s:<\/p>\n<ul>\n<li>La recortadora Gamma Alpha Absolute con carcasa negra<\/li>\n<li>Dos carcasas adicionales en dorado y rojo para un estilo personalizado<\/li>\n<li>Una estaci\u00f3n de carga y almacenamiento<\/li>\n<li>Una cuchilla dorada especializada para bordes y contornos precisos<\/li>\n<li>Una cuchilla DLC de carbono tipo diamante para un rendimiento de corte superior<\/li>\n<li>Peines magn\u00e9ticos de 1,5 a 13 mm para distintas longitudes de pelo<\/li>\n<li>Un cepillo para limpiar las cuchillas y mantener un rendimiento \u00f3ptimo<\/li>\n<li>Un destornillador para los ajustes, que garantiza que la recortadora funcione con la m\u00e1xima eficacia<\/li>\n<li>Aceite para el mantenimiento de las cuchillas, que mantiene la maquinilla suave y eficaz<\/li>\n<\/ul>\n<p>El cortapelos inal\u00e1mbrico Gamma Absolute Alpha est\u00e1 dise\u00f1ado para uso profesional y ofrece una precisi\u00f3n, flexibilidad y facilidad de uso sin igual, lo que lo convierte en una herramienta esencial para cualquier peluquero o estilista que busque lo mejor en tecnolog\u00eda de corte de pelo.<\/p>\n","protected":false},"excerpt":{"rendered":"<p>Cortadora de pelo inal\u00e1mbrica Gamma Absolute Alpha &nbsp; Caracter\u00edsticas principales Innovaci\u00f3n en la hoja: Cuenta con una hoja de 45 mm de fibra de carbono de diamante negro DLC (Diamond-Like Carbon) &#8220;Flat&#8221;, que garantiza cortes excepcionalmente suaves. Cuchilla ajustable: La longitud de corte de la cuchilla se puede ajustar de 0,8 a 3,3 mm, para adaptarse a una gran variedad de longitudes de pelo y estilos. Flexibilidad de carga: Alcanza una carga completa en 150 minutos a trav\u00e9s de una estaci\u00f3n de acoplamiento, cable o Mini USB, ofreciendo m\u00faltiples opciones de carga convenientes. Funcionamiento prolongado: Ofrece hasta 240 minutos de funcionamiento inal\u00e1mbrico con una sola carga gracias a su bater\u00eda de iones de litio. Completo juego de peines: Viene con un juego de 5 peines magn\u00e9ticos diferentes, que van de 1,5 a 13 mm, para adaptarse a diversas necesidades de corte. Cuchillas intercambiables: Incluye una cuchilla reemplazable de titanio dorado con &#8220;dientes alternos&#8221; para un rendimiento de corte \u00fanico. Kit de mantenimiento: Equipado con un kit de limpieza y mantenimiento que incluye un minidestornillador para realizar ajustes precisos. &nbsp; Contenido del paquete Dentro de la caja, encontrar\u00e1s: La recortadora Gamma Alpha Absolute con carcasa negra Dos carcasas adicionales en dorado y rojo para un estilo personalizado Una estaci\u00f3n de carga y almacenamiento Una cuchilla dorada especializada para bordes y contornos precisos Una cuchilla DLC de carbono tipo diamante para un rendimiento de corte superior Peines magn\u00e9ticos de 1,5 a 13 mm para distintas longitudes de pelo Un cepillo para limpiar las cuchillas y mantener un rendimiento \u00f3ptimo Un destornillador para los ajustes, que garantiza que la recortadora funcione con la m\u00e1xima eficacia Aceite para el mantenimiento de las cuchillas, que mantiene la maquinilla suave y eficaz El cortapelos inal\u00e1mbrico Gamma Absolute Alpha est\u00e1 dise\u00f1ado para uso profesional y ofrece una precisi\u00f3n, flexibilidad y facilidad de uso sin igual, lo que lo convierte en una herramienta esencial para cualquier peluquero o estilista que busque lo mejor en tecnolog\u00eda de corte de pelo.<\/p>\n","protected":false},"featured_media":4790,"comment_status":"closed","ping_status":"closed","template":"","meta":[],"product_brand":[],"product_cat":[80,76],"product_tag":[],"class_list":{"0":"post-4783","1":"product","2":"type-product","3":"status-publish","4":"has-post-thumbnail","6":"product_cat-clippers-es","7":"product_cat-herramientas-del-peluquero","9":"first","10":"instock","11":"shipping-taxable","12":"purchasable","13":"product-type-simple"},"_links":{"self":[{"href":"https:\/\/mr-mustache.com\/es\/wp-json\/wp\/v2\/product\/4783","targetHints":{"allow":["GET"]}}],"collection":[{"href":"https:\/\/mr-mustache.com\/es\/wp-json\/wp\/v2\/product"}],"about":[{"href":"https:\/\/mr-mustache.com\/es\/wp-json\/wp\/v2\/types\/product"}],"replies":[{"embeddable":true,"href":"https:\/\/mr-mustache.com\/es\/wp-json\/wp\/v2\/comments?post=4783"}],"version-history":[{"count":1,"href":"https:\/\/mr-mustache.com\/es\/wp-json\/wp\/v2\/product\/4783\/revisions"}],"predecessor-version":[{"id":4797,"href":"https:\/\/mr-mustache.com\/es\/wp-json\/wp\/v2\/product\/4783\/revisions\/4797"}],"wp:featuredmedia":[{"embeddable":true,"href":"https:\/\/mr-mustache.com\/es\/wp-json\/wp\/v2\/media\/4790"}],"wp:attachment":[{"href":"https:\/\/mr-mustache.com\/es\/wp-json\/wp\/v2\/media?parent=4783"}],"wp:term":[{"taxonomy":"product_brand","embeddable":true,"href":"https:\/\/mr-mustache.com\/es\/wp-json\/wp\/v2\/product_brand?post=4783"},{"taxonomy":"product_cat","embeddable":true,"href":"https:\/\/mr-mustache.com\/es\/wp-json\/wp\/v2\/product_cat?post=4783"},{"taxonomy":"product_tag","embeddable":true,"href":"https:\/\/mr-mustache.com\/es\/wp-json\/wp\/v2\/product_tag?post=4783"}],"curies":[{"name":"wp","href":"https:\/\/api.w.org\/{rel}","templated":true}]}}