{"id":4787,"date":"2024-02-16T09:03:47","date_gmt":"2024-02-16T09:03:47","guid":{"rendered":"https:\/\/mr-mustache.com\/produkt\/pinza-magica-inalambrica\/"},"modified":"2024-04-11T08:18:08","modified_gmt":"2024-04-11T08:18:08","slug":"pinza-magica-inalambrica","status":"publish","type":"product","link":"https:\/\/mr-mustache.com\/es\/produkt\/pinza-magica-inalambrica\/","title":{"rendered":"PINZA M\u00c1GICA INAL\u00c1MBRICA"},"content":{"rendered":"<div class=\"gobli_sposob_uzycia_h\">\n<h1><strong>PINZA M\u00c1GICA INAL\u00c1MBRICA<\/strong><\/h1>\n<p>&nbsp;<\/p>\n<h3><strong>Cortapelos profesional con y sin cable<\/strong><\/h3>\n<p>Experimente la magia del corte de precisi\u00f3n con la Magic Clip inal\u00e1mbrica, que incorpora la innovadora cuchilla de dientes escalonados 2161 equipada con tecnolog\u00eda crunch para un rendimiento superior.<\/p>\n<p>&nbsp;<\/p>\n<h3><strong>Caracter\u00edsticas principales<\/strong><\/h3>\n<ul>\n<li><strong>Cuchilla Stagger-Tooth Crunch:<\/strong> Proporciona cortes y mezclas precisos.<\/li>\n<li><strong>Dise\u00f1o ligero e inal\u00e1mbrico:<\/strong> Mejora la maniobrabilidad y la facilidad de uso.<\/li>\n<li><strong>Bater\u00eda duradera de iones de litio:<\/strong> Garantiza potencia y rendimiento sostenidos.<\/li>\n<li><strong>Incluye 8 peines Premium:<\/strong> Para opciones de peinado vers\u00e1tiles.<\/li>\n<\/ul>\n<p>&nbsp;<\/p>\n<h3><strong>Especificaciones<\/strong><\/h3>\n<ul>\n<li><strong>Tipo:<\/strong> Cortapelos profesional con y sin cable<\/li>\n<li><strong>Unidad motriz:<\/strong> Motor de corriente continua, 5.500 rpm para un corte potente.<\/li>\n<li><strong>Tiempo de funcionamiento:<\/strong> Funcionamiento continuo, lo que elimina los tiempos de inactividad.<\/li>\n<li><strong>Juego de cuchillas:<\/strong> Cuchilla fija cromada con palanca c\u00f3nica para facilitar el ajuste de la longitud.<\/li>\n<li><strong>Longitud de corte:<\/strong> Ajustable de 0,8 a 2,5 mm para longitudes de corte variadas.<\/li>\n<li><strong>Anchura de corte:<\/strong> 40 mm para un corte eficaz y de gran alcance.<\/li>\n<li><strong>Peso:<\/strong> 290 g sin cable, para un manejo ligero.<\/li>\n<\/ul>\n<p>&nbsp;<\/p>\n<h3><strong>Contenido del paquete<\/strong><\/h3>\n<p>El Cordless Magic Clip\u2122 viene con los siguientes elementos:<\/p>\n<ul>\n<li><strong>8 peines de sujeci\u00f3n premium:<\/strong> Los tama\u00f1os incluyen 1\u00bd mm, 3 mm, 4\u00bd mm, 6 mm, 10 mm, 13 mm, 19 mm y 25 mm.<\/li>\n<li><strong>Cepillo de limpieza:<\/strong> Para facilitar el mantenimiento de la recortadora.<\/li>\n<li><strong>Aceite:<\/strong> Para mantener el buen funcionamiento de la cuchilla.<\/li>\n<li><strong>Protector de la cuchilla:<\/strong> Protege la cuchilla cuando no se utiliza.<\/li>\n<\/ul>\n<p>&nbsp;<\/p>\n<p>Este completo kit de recortadoras est\u00e1 dise\u00f1ado para barberos y estilistas profesionales que exigen lo mejor en precisi\u00f3n y versatilidad de sus herramientas.<\/p>\n<\/div>\n","protected":false},"excerpt":{"rendered":"<p><strong>Pinza m\u00e1gica inal\u00e1mbrica Maszynka bezprzewodowa  <\/strong><\/p>\n<ul>\n<li>Profesiones liberales<\/li>\n<li>Posiada ostrze o wysokiej precyzji z\u0119batej 2161 z technologi\u0105 Crunch<\/li>\n<li>Zapewnia doskona\u0142\u0105 szybko\u015b\u0107 i \u0142atwo\u015b\u0107 obs\u0142ugi<\/li>\n<li>D\u017awignia sto\u017ckowa<\/li>\n<li>Acumulador luminoso de 90 minutos de duraci\u00f3n<\/li>\n<li>Mo\u017cliwo\u015b\u0107 pracy na kablu<\/li>\n<li>M\u00e1scaras y accesorios para la industria de la construcci\u00f3n<\/li>\n<\/ul>\n<div class=\"gobli_sposob_uzycia\"><\/div>\n","protected":false},"featured_media":4793,"comment_status":"closed","ping_status":"closed","template":"","meta":[],"product_brand":[],"product_cat":[80,76],"product_tag":[],"class_list":{"0":"post-4787","1":"product","2":"type-product","3":"status-publish","4":"has-post-thumbnail","6":"product_cat-clippers-es","7":"product_cat-herramientas-del-peluquero","9":"first","10":"instock","11":"shipping-taxable","12":"purchasable","13":"product-type-simple"},"_links":{"self":[{"href":"https:\/\/mr-mustache.com\/es\/wp-json\/wp\/v2\/product\/4787","targetHints":{"allow":["GET"]}}],"collection":[{"href":"https:\/\/mr-mustache.com\/es\/wp-json\/wp\/v2\/product"}],"about":[{"href":"https:\/\/mr-mustache.com\/es\/wp-json\/wp\/v2\/types\/product"}],"replies":[{"embeddable":true,"href":"https:\/\/mr-mustache.com\/es\/wp-json\/wp\/v2\/comments?post=4787"}],"version-history":[{"count":1,"href":"https:\/\/mr-mustache.com\/es\/wp-json\/wp\/v2\/product\/4787\/revisions"}],"predecessor-version":[{"id":4798,"href":"https:\/\/mr-mustache.com\/es\/wp-json\/wp\/v2\/product\/4787\/revisions\/4798"}],"wp:featuredmedia":[{"embeddable":true,"href":"https:\/\/mr-mustache.com\/es\/wp-json\/wp\/v2\/media\/4793"}],"wp:attachment":[{"href":"https:\/\/mr-mustache.com\/es\/wp-json\/wp\/v2\/media?parent=4787"}],"wp:term":[{"taxonomy":"product_brand","embeddable":true,"href":"https:\/\/mr-mustache.com\/es\/wp-json\/wp\/v2\/product_brand?post=4787"},{"taxonomy":"product_cat","embeddable":true,"href":"https:\/\/mr-mustache.com\/es\/wp-json\/wp\/v2\/product_cat?post=4787"},{"taxonomy":"product_tag","embeddable":true,"href":"https:\/\/mr-mustache.com\/es\/wp-json\/wp\/v2\/product_tag?post=4787"}],"curies":[{"name":"wp","href":"https:\/\/api.w.org\/{rel}","templated":true}]}}