{"id":4803,"date":"2024-02-16T09:04:30","date_gmt":"2024-02-16T09:04:30","guid":{"rendered":"https:\/\/mr-mustache.com\/produkt\/babyliss-skeleton-pro-boost-black-red-cortapelos\/"},"modified":"2024-04-11T08:18:05","modified_gmt":"2024-04-11T08:18:05","slug":"babyliss-skeleton-pro-boost-black-red-cortapelos","status":"publish","type":"product","link":"https:\/\/mr-mustache.com\/es\/produkt\/babyliss-skeleton-pro-boost-black-red-cortapelos\/","title":{"rendered":"BaByliss Skeleton PRO BOOST+ BLACK RED Cortapelos"},"content":{"rendered":"<h1>BaByliss Skeleton PRO BOOST+ BLACK RED Cortapelos<\/h1>\n<p>Descubre la nueva generaci\u00f3n de recortadoras con la Boost+ Pro de BaBylissPRO, dise\u00f1ada pensando en los profesionales que buscan la perfecci\u00f3n en cada detalle. Este avanzado aparato para recortar el vello no s\u00f3lo ofrece una potencia impresionante, sino tambi\u00e9n la comodidad y precisi\u00f3n necesarias para lograr resultados impecables.<\/p>\n<p>&nbsp;<\/p>\n<h3><strong>Principales ventajas:<\/strong><\/h3>\n<ul>\n<li><strong>Innovadora cuchilla en forma de &#8220;T&#8221;:<\/strong> Con dientes de 2,0 mm de profundidad, perfectamente adecuada para trabajar con vello grueso y \u00e1spero. Fabricado con materiales de la m\u00e1s alta calidad, como DLC (carbono tipo diamante) o titanio, que garantizan durabilidad y resistencia al sobrecalentamiento.<\/li>\n<li><strong>Motor digital:<\/strong> Controlado electr\u00f3nicamente para proporcionar una impresionante velocidad de 7200 RPM, manteniendo un funcionamiento silencioso y energ\u00e9ticamente eficiente.<\/li>\n<li><strong>Bater\u00eda de iones de litio:<\/strong> Equipado con una bater\u00eda de 3300 mAh, el Boost+ Pro permite hasta tres horas de trabajo continuo tras solo una carga de cuatro horas.<\/li>\n<\/ul>\n<p>&nbsp;<\/p>\n<h3><strong>Especificaciones del producto:<\/strong><\/h3>\n<ul>\n<li><strong>Motor digital de alta velocidad:<\/strong> 7200 RPM<\/li>\n<li><strong>Hoja en forma de &#8220;T&#8221;:<\/strong> con dientes de 2,0 mm de profundidad<\/li>\n<li><strong>Nueva bater\u00eda de iones de litio:<\/strong> 3300 mAh de capacidad<\/li>\n<li><strong>Hasta tres horas de funcionamiento:<\/strong> Con una sola carga<\/li>\n<li><strong>Modo de funcionamiento con cable e inal\u00e1mbrico<\/strong><\/li>\n<li><strong>Robusta carcasa met\u00e1lica:<\/strong> Con empu\u00f1adura de textura de goma<\/li>\n<li><strong>Anillo colgante:<\/strong> Con limitador<\/li>\n<li><strong>Admite voltaje universal<\/strong><\/li>\n<li><strong>Incluye:<\/strong> Cepillo de limpieza y aceite lubricante<\/li>\n<li><strong>Garant\u00eda:<\/strong> 12 meses<\/li>\n<\/ul>\n<p>Adopte un nuevo est\u00e1ndar en recortadoras y elija la Boost+ Pro de BaBylissPRO, dise\u00f1ada para satisfacer las m\u00e1s altas expectativas de los profesionales.<\/p>\n","protected":false},"excerpt":{"rendered":"<p>BaByliss Skeleton PRO BOOST+ BLACK RED Cortapelos Descubre la nueva generaci\u00f3n de recortadoras con la Boost+ Pro de BaBylissPRO, dise\u00f1ada pensando en los profesionales que buscan la perfecci\u00f3n en cada detalle. Este avanzado aparato para recortar el vello no s\u00f3lo ofrece una potencia impresionante, sino tambi\u00e9n la comodidad y precisi\u00f3n necesarias para lograr resultados impecables. &nbsp; Principales ventajas: Innovadora cuchilla en forma de &#8220;T&#8221;: Con dientes de 2,0 mm de profundidad, perfectamente adecuada para trabajar con vello grueso y \u00e1spero. Fabricado con materiales de la m\u00e1s alta calidad, como DLC (carbono tipo diamante) o titanio, que garantizan durabilidad y resistencia al sobrecalentamiento. Motor digital: Controlado electr\u00f3nicamente para proporcionar una impresionante velocidad de 7200 RPM, manteniendo un funcionamiento silencioso y energ\u00e9ticamente eficiente. Bater\u00eda de iones de litio: Equipado con una bater\u00eda de 3300 mAh, el Boost+ Pro permite hasta tres horas de trabajo continuo tras solo una carga de cuatro horas. &nbsp; Especificaciones del producto: Motor digital de alta velocidad: 7200 RPM Hoja en forma de &#8220;T&#8221;: con dientes de 2,0 mm de profundidad Nueva bater\u00eda de iones de litio: 3300 mAh de capacidad Hasta tres horas de funcionamiento: Con una sola carga Modo de funcionamiento con cable e inal\u00e1mbrico Robusta carcasa met\u00e1lica: Con empu\u00f1adura de textura de goma Anillo colgante: Con limitador Admite voltaje universal Incluye: Cepillo de limpieza y aceite lubricante Garant\u00eda: 12 meses Adopte un nuevo est\u00e1ndar en recortadoras y elija la Boost+ Pro de BaBylissPRO, dise\u00f1ada para satisfacer las m\u00e1s altas expectativas de los profesionales.<\/p>\n","protected":false},"featured_media":4809,"comment_status":"closed","ping_status":"closed","template":"","meta":[],"product_brand":[],"product_cat":[76,77],"product_tag":[],"class_list":{"0":"post-4803","1":"product","2":"type-product","3":"status-publish","4":"has-post-thumbnail","6":"product_cat-herramientas-del-peluquero","7":"product_cat-recortadoras","9":"first","10":"instock","11":"shipping-taxable","12":"purchasable","13":"product-type-simple"},"_links":{"self":[{"href":"https:\/\/mr-mustache.com\/es\/wp-json\/wp\/v2\/product\/4803","targetHints":{"allow":["GET"]}}],"collection":[{"href":"https:\/\/mr-mustache.com\/es\/wp-json\/wp\/v2\/product"}],"about":[{"href":"https:\/\/mr-mustache.com\/es\/wp-json\/wp\/v2\/types\/product"}],"replies":[{"embeddable":true,"href":"https:\/\/mr-mustache.com\/es\/wp-json\/wp\/v2\/comments?post=4803"}],"version-history":[{"count":1,"href":"https:\/\/mr-mustache.com\/es\/wp-json\/wp\/v2\/product\/4803\/revisions"}],"predecessor-version":[{"id":4815,"href":"https:\/\/mr-mustache.com\/es\/wp-json\/wp\/v2\/product\/4803\/revisions\/4815"}],"wp:featuredmedia":[{"embeddable":true,"href":"https:\/\/mr-mustache.com\/es\/wp-json\/wp\/v2\/media\/4809"}],"wp:attachment":[{"href":"https:\/\/mr-mustache.com\/es\/wp-json\/wp\/v2\/media?parent=4803"}],"wp:term":[{"taxonomy":"product_brand","embeddable":true,"href":"https:\/\/mr-mustache.com\/es\/wp-json\/wp\/v2\/product_brand?post=4803"},{"taxonomy":"product_cat","embeddable":true,"href":"https:\/\/mr-mustache.com\/es\/wp-json\/wp\/v2\/product_cat?post=4803"},{"taxonomy":"product_tag","embeddable":true,"href":"https:\/\/mr-mustache.com\/es\/wp-json\/wp\/v2\/product_tag?post=4803"}],"curies":[{"name":"wp","href":"https:\/\/api.w.org\/{rel}","templated":true}]}}