{"id":4805,"date":"2024-02-16T09:03:48","date_gmt":"2024-02-16T09:03:48","guid":{"rendered":"https:\/\/mr-mustache.com\/produkt\/cortadora-de-pelo-profesional-gamma-piu-x-ergo\/"},"modified":"2024-04-11T08:18:07","modified_gmt":"2024-04-11T08:18:07","slug":"cortadora-de-pelo-profesional-gamma-piu-x-ergo","status":"publish","type":"product","link":"https:\/\/mr-mustache.com\/es\/produkt\/cortadora-de-pelo-profesional-gamma-piu-x-ergo\/","title":{"rendered":"Cortadora de pelo profesional GAMMA PIU X-ERGO"},"content":{"rendered":"<h1><strong>Cortapelos Profesional GAMMA PIU X-ERGO + 3 Fundas Intercambiables<\/strong><\/h1>\n<p>&nbsp;<\/p>\n<h3><strong>Equipo original de distribuci\u00f3n oficial<\/strong><\/h3>\n<p>Este paquete incluye el cortapelos GAMMA PIU X-ERGO original y totalmente nuevo directamente de la distribuci\u00f3n oficial. Viene con una garant\u00eda de Gamma Piu Polska. Como extra, se incluye un peine Kashoki Sachiko de regalo.<\/p>\n<p>&nbsp;<\/p>\n<h3><strong>Caracter\u00edsticas principales<\/strong><\/h3>\n<ul>\n<li>Motor <strong>magn\u00e9tico<\/strong>: La recortadora profesional X-Ergo funciona con un motor magn\u00e9tico y viene con 3 fundas intercambiables de diferentes colores, lo que a\u00f1ade versatilidad y personalizaci\u00f3n a tu kit de herramientas profesionales.<\/li>\n<li><strong>Calidad de la hoja<\/strong>: Cuenta con una hoja de 45 mm de fibra de carbono &#8220;Taper&#8221; DLC (Diamond-Like Carbon) Black Diamond, conocida por su gran suavidad, que garantiza cortes limpios y precisos.<\/li>\n<li>Palancas <strong>personalizables<\/strong>: Equipado con 3 palancas configurables &#8211; 2 para el sistema de clic y 1 para ajustes de estilo libre, proporcionando flexibilidad en las t\u00e9cnicas de corte.<\/li>\n<li><strong>Motor de alta velocidad<\/strong>: La recortadora presume de una velocidad de motor de 10.000 RPM, mejorada por un microchip ampliado para aumentar el par y la potencia, ofreciendo un rendimiento de corte eficiente y potente.<\/li>\n<li>Ajuste <strong>de<\/strong> la cuchilla: F\u00e1cil ajuste de la cuchilla con una opci\u00f3n de espacio cero para una precisi\u00f3n de afeitado.<\/li>\n<li><strong>Rendimiento de la bater\u00eda<\/strong>: Incorpora una bater\u00eda de litio con 120 minutos de autonom\u00eda con una carga r\u00e1pida de s\u00f3lo 105 minutos, lo que garantiza un rendimiento continuo durante los d\u00edas m\u00e1s ajetreados.<\/li>\n<li>Soporte de <strong>cuchilla<\/strong>: Viene con soporte de cuchilla Regular o Stretch para ajustar para carreras cortas o largas, acomodando una variedad de estilos de corte.<\/li>\n<li><strong>Completo juego de<\/strong> peines: Incluye un juego de 8 peines de doble im\u00e1n que miden 1,5-3-4,5-6-10-13-16-19 mm, lo que permite una amplia gama de longitudes y estilos.<\/li>\n<li>Kit de <strong>mantenimiento<\/strong>: Tambi\u00e9n se incluye un kit de limpieza y mantenimiento con un mini destornillador para ajustes, que garantiza que la recortadora se mantenga en las mejores condiciones.<\/li>\n<\/ul>\n<p>Este set profesional de cortapelos est\u00e1 dise\u00f1ado para las exigentes necesidades de los profesionales, ofreciendo un alto rendimiento, precisi\u00f3n y versatilidad con funciones personalizables y fundas intercambiables.<\/p>\n","protected":false},"excerpt":{"rendered":"<p>Cortapelos Profesional GAMMA PIU X-ERGO + 3 Fundas Intercambiables &nbsp; Equipo original de distribuci\u00f3n oficial Este paquete incluye el cortapelos GAMMA PIU X-ERGO original y totalmente nuevo directamente de la distribuci\u00f3n oficial. Viene con una garant\u00eda de Gamma Piu Polska. Como extra, se incluye un peine Kashoki Sachiko de regalo. &nbsp; Caracter\u00edsticas principales Motor magn\u00e9tico: La recortadora profesional X-Ergo funciona con un motor magn\u00e9tico y viene con 3 fundas intercambiables de diferentes colores, lo que a\u00f1ade versatilidad y personalizaci\u00f3n a tu kit de herramientas profesionales. Calidad de la hoja: Cuenta con una hoja de 45 mm de fibra de carbono &#8220;Taper&#8221; DLC (Diamond-Like Carbon) Black Diamond, conocida por su gran suavidad, que garantiza cortes limpios y precisos. Palancas personalizables: Equipado con 3 palancas configurables &#8211; 2 para el sistema de clic y 1 para ajustes de estilo libre, proporcionando flexibilidad en las t\u00e9cnicas de corte. Motor de alta velocidad: La recortadora presume de una velocidad de motor de 10.000 RPM, mejorada por un microchip ampliado para aumentar el par y la potencia, ofreciendo un rendimiento de corte eficiente y potente. Ajuste de la cuchilla: F\u00e1cil ajuste de la cuchilla con una opci\u00f3n de espacio cero para una precisi\u00f3n de afeitado. Rendimiento de la bater\u00eda: Incorpora una bater\u00eda de litio con 120 minutos de autonom\u00eda con una carga r\u00e1pida de s\u00f3lo 105 minutos, lo que garantiza un rendimiento continuo durante los d\u00edas m\u00e1s ajetreados. Soporte de cuchilla: Viene con soporte de cuchilla Regular o Stretch para ajustar para carreras cortas o largas, acomodando una variedad de estilos de corte. Completo juego de peines: Incluye un juego de 8 peines de doble im\u00e1n que miden 1,5-3-4,5-6-10-13-16-19 mm, lo que permite una amplia gama de longitudes y estilos. Kit de mantenimiento: Tambi\u00e9n se incluye un kit de limpieza y mantenimiento con un mini destornillador para ajustes, que garantiza que la recortadora se mantenga en las mejores condiciones. Este set profesional de cortapelos est\u00e1 dise\u00f1ado para las exigentes necesidades de los profesionales, ofreciendo un alto rendimiento, precisi\u00f3n y versatilidad con funciones personalizables y fundas intercambiables.<\/p>\n","protected":false},"featured_media":4811,"comment_status":"closed","ping_status":"closed","template":"","meta":[],"product_brand":[],"product_cat":[80,76],"product_tag":[],"class_list":{"0":"post-4805","1":"product","2":"type-product","3":"status-publish","4":"has-post-thumbnail","6":"product_cat-clippers-es","7":"product_cat-herramientas-del-peluquero","9":"first","10":"instock","11":"sale","12":"shipping-taxable","13":"purchasable","14":"product-type-simple"},"_links":{"self":[{"href":"https:\/\/mr-mustache.com\/es\/wp-json\/wp\/v2\/product\/4805","targetHints":{"allow":["GET"]}}],"collection":[{"href":"https:\/\/mr-mustache.com\/es\/wp-json\/wp\/v2\/product"}],"about":[{"href":"https:\/\/mr-mustache.com\/es\/wp-json\/wp\/v2\/types\/product"}],"replies":[{"embeddable":true,"href":"https:\/\/mr-mustache.com\/es\/wp-json\/wp\/v2\/comments?post=4805"}],"version-history":[{"count":1,"href":"https:\/\/mr-mustache.com\/es\/wp-json\/wp\/v2\/product\/4805\/revisions"}],"predecessor-version":[{"id":4819,"href":"https:\/\/mr-mustache.com\/es\/wp-json\/wp\/v2\/product\/4805\/revisions\/4819"}],"wp:featuredmedia":[{"embeddable":true,"href":"https:\/\/mr-mustache.com\/es\/wp-json\/wp\/v2\/media\/4811"}],"wp:attachment":[{"href":"https:\/\/mr-mustache.com\/es\/wp-json\/wp\/v2\/media?parent=4805"}],"wp:term":[{"taxonomy":"product_brand","embeddable":true,"href":"https:\/\/mr-mustache.com\/es\/wp-json\/wp\/v2\/product_brand?post=4805"},{"taxonomy":"product_cat","embeddable":true,"href":"https:\/\/mr-mustache.com\/es\/wp-json\/wp\/v2\/product_cat?post=4805"},{"taxonomy":"product_tag","embeddable":true,"href":"https:\/\/mr-mustache.com\/es\/wp-json\/wp\/v2\/product_tag?post=4805"}],"curies":[{"name":"wp","href":"https:\/\/api.w.org\/{rel}","templated":true}]}}