{"id":4806,"date":"2024-02-16T09:04:09","date_gmt":"2024-02-16T09:04:09","guid":{"rendered":"https:\/\/mr-mustache.com\/produkt\/afeitadora-babyliss-chemeleon-pro-fxfs2ie-4artista\/"},"modified":"2024-04-11T08:18:06","modified_gmt":"2024-04-11T08:18:06","slug":"afeitadora-babyliss-chemeleon-pro-fxfs2ie-4artista","status":"publish","type":"product","link":"https:\/\/mr-mustache.com\/es\/produkt\/afeitadora-babyliss-chemeleon-pro-fxfs2ie-4artista\/","title":{"rendered":"Afeitadora BABYLISS Chemeleon PRO FXFS2IE 4Artista"},"content":{"rendered":"<h1><strong>Afeitadora BaByliss PRO FXFS2IE 4Artist<\/strong><\/h1>\n<p>&nbsp;<\/p>\n<p>Esta afeitadora sin cable de la serie 4Artists se presenta en un elegante color. La BaBylissPRO4Artists es una l\u00ednea de productos de lujo creada pensando en los profesionales. La afeitadora se distingue por su excepcional calidad, funcionalidad, precisi\u00f3n y comodidad de uso. El elegante dise\u00f1o de la afeitadora y su forma ergon\u00f3mica hacen que utilizar el producto sea un placer.<\/p>\n<h3><strong>Caracter\u00edsticas profesionales:<\/strong><\/h3>\n<p>Las afeitadoras totalmente met\u00e1licas FOILFX02 de la serie BaBylissPRO\u00ae4Artists combinan estilo, clase y funcionalidad. La afeitadora est\u00e1 dise\u00f1ada para proporcionar el acabado perfecto a cualquier corte de pelo. Es la herramienta ideal para afeitados apurados y para nivelar las l\u00edneas del pelo.<\/p>\n<p>El sistema de l\u00e1minas ultrafinas garantiza un afeitado seguro y preciso sin irritaciones. La afeitadora es muy c\u00f3moda de usar, con una forma que se adapta perfectamente a la mano.<\/p>\n<p>&nbsp;<\/p>\n<h3><strong>Dise\u00f1o y mantenimiento:<\/strong><\/h3>\n<p>La carcasa met\u00e1lica es elegante y duradera. La l\u00e1mina de afeitado puede retirarse f\u00e1cilmente para su mantenimiento peri\u00f3dico. Despu\u00e9s de usar la afeitadora, basta con colocar la tapa protectora para apagarla.<\/p>\n<p>Con las afeitadoras de l\u00e1minas BaBylissPRO4Artists FOILFX02, puede cambiar f\u00e1cilmente las longitudes para dar matices a la barba o afeitar toda la cabeza muy corta, nivelar el escote, afeitar barbas y pelos sueltos y terminar perfectamente el peinado.<\/p>\n<p>&nbsp;<\/p>\n<h3><strong>Especificaciones:<\/strong><\/h3>\n<ul>\n<li>Carcasa totalmente met\u00e1lica<\/li>\n<li>Potente motor de corriente continua &#8211; 11.000 movimientos de cuchilla por minuto<\/li>\n<li>Sistema de doble l\u00e1mina ultrafina<\/li>\n<li>Bater\u00eda NiMH<\/li>\n<li>Tiempo de trabajo con una carga: 3 horas<\/li>\n<li>Tiempo de carga completa: 3 horas<\/li>\n<li>Gran superficie de afeitado &#8211; 44 mm<\/li>\n<li>Apagado autom\u00e1tico al cerrar la tapa<\/li>\n<li>Incluye un estuche y un cepillo de limpieza<\/li>\n<li>Cable de alimentaci\u00f3n profesional de 3 m<\/li>\n<li>Tensi\u00f3n universal<\/li>\n<\/ul>\n<p>El sistema de l\u00e1minas ultrafinas proporciona un afeitado seguro y preciso sin irritar la piel. Estas afeitadoras son muy c\u00f3modas de usar gracias a su dise\u00f1o perfectamente equilibrado.<\/p>\n<p>La carcasa totalmente met\u00e1lica no s\u00f3lo es elegante, sino tambi\u00e9n extremadamente duradera.<\/p>\n<p>&nbsp;<\/p>\n<p><strong>Garant\u00eda:<\/strong> 12 meses<\/p>\n","protected":false},"excerpt":{"rendered":"<p>Afeitadora BaByliss PRO FXFS2IE 4Artist &nbsp; Esta afeitadora sin cable de la serie 4Artists se presenta en un elegante color. La BaBylissPRO4Artists es una l\u00ednea de productos de lujo creada pensando en los profesionales. La afeitadora se distingue por su excepcional calidad, funcionalidad, precisi\u00f3n y comodidad de uso. El elegante dise\u00f1o de la afeitadora y su forma ergon\u00f3mica hacen que utilizar el producto sea un placer. Caracter\u00edsticas profesionales: Las afeitadoras totalmente met\u00e1licas FOILFX02 de la serie BaBylissPRO\u00ae4Artists combinan estilo, clase y funcionalidad. La afeitadora est\u00e1 dise\u00f1ada para proporcionar el acabado perfecto a cualquier corte de pelo. Es la herramienta ideal para afeitados apurados y para nivelar las l\u00edneas del pelo. El sistema de l\u00e1minas ultrafinas garantiza un afeitado seguro y preciso sin irritaciones. La afeitadora es muy c\u00f3moda de usar, con una forma que se adapta perfectamente a la mano. &nbsp; Dise\u00f1o y mantenimiento: La carcasa met\u00e1lica es elegante y duradera. La l\u00e1mina de afeitado puede retirarse f\u00e1cilmente para su mantenimiento peri\u00f3dico. Despu\u00e9s de usar la afeitadora, basta con colocar la tapa protectora para apagarla. Con las afeitadoras de l\u00e1minas BaBylissPRO4Artists FOILFX02, puede cambiar f\u00e1cilmente las longitudes para dar matices a la barba o afeitar toda la cabeza muy corta, nivelar el escote, afeitar barbas y pelos sueltos y terminar perfectamente el peinado. &nbsp; Especificaciones: Carcasa totalmente met\u00e1lica Potente motor de corriente continua &#8211; 11.000 movimientos de cuchilla por minuto Sistema de doble l\u00e1mina ultrafina Bater\u00eda NiMH Tiempo de trabajo con una carga: 3 horas Tiempo de carga completa: 3 horas Gran superficie de afeitado &#8211; 44 mm Apagado autom\u00e1tico al cerrar la tapa Incluye un estuche y un cepillo de limpieza Cable de alimentaci\u00f3n profesional de 3 m Tensi\u00f3n universal El sistema de l\u00e1minas ultrafinas proporciona un afeitado seguro y preciso sin irritar la piel. Estas afeitadoras son muy c\u00f3modas de usar gracias a su dise\u00f1o perfectamente equilibrado. La carcasa totalmente met\u00e1lica no s\u00f3lo es elegante, sino tambi\u00e9n extremadamente duradera. &nbsp; Garant\u00eda: 12 meses<\/p>\n","protected":false},"featured_media":4814,"comment_status":"closed","ping_status":"closed","template":"","meta":[],"product_brand":[],"product_cat":[81,76],"product_tag":[],"class_list":{"0":"post-4806","1":"product","2":"type-product","3":"status-publish","4":"has-post-thumbnail","6":"product_cat-afeitadoras","7":"product_cat-herramientas-del-peluquero","9":"first","10":"instock","11":"shipping-taxable","12":"purchasable","13":"product-type-simple"},"_links":{"self":[{"href":"https:\/\/mr-mustache.com\/es\/wp-json\/wp\/v2\/product\/4806","targetHints":{"allow":["GET"]}}],"collection":[{"href":"https:\/\/mr-mustache.com\/es\/wp-json\/wp\/v2\/product"}],"about":[{"href":"https:\/\/mr-mustache.com\/es\/wp-json\/wp\/v2\/types\/product"}],"replies":[{"embeddable":true,"href":"https:\/\/mr-mustache.com\/es\/wp-json\/wp\/v2\/comments?post=4806"}],"version-history":[{"count":1,"href":"https:\/\/mr-mustache.com\/es\/wp-json\/wp\/v2\/product\/4806\/revisions"}],"predecessor-version":[{"id":4821,"href":"https:\/\/mr-mustache.com\/es\/wp-json\/wp\/v2\/product\/4806\/revisions\/4821"}],"wp:featuredmedia":[{"embeddable":true,"href":"https:\/\/mr-mustache.com\/es\/wp-json\/wp\/v2\/media\/4814"}],"wp:attachment":[{"href":"https:\/\/mr-mustache.com\/es\/wp-json\/wp\/v2\/media?parent=4806"}],"wp:term":[{"taxonomy":"product_brand","embeddable":true,"href":"https:\/\/mr-mustache.com\/es\/wp-json\/wp\/v2\/product_brand?post=4806"},{"taxonomy":"product_cat","embeddable":true,"href":"https:\/\/mr-mustache.com\/es\/wp-json\/wp\/v2\/product_cat?post=4806"},{"taxonomy":"product_tag","embeddable":true,"href":"https:\/\/mr-mustache.com\/es\/wp-json\/wp\/v2\/product_tag?post=4806"}],"curies":[{"name":"wp","href":"https:\/\/api.w.org\/{rel}","templated":true}]}}