{"id":4807,"date":"2024-02-16T09:03:47","date_gmt":"2024-02-16T09:03:47","guid":{"rendered":"https:\/\/mr-mustache.com\/produkt\/cortapelos-jrl-freshfade-2020c-gold\/"},"modified":"2024-04-11T08:18:08","modified_gmt":"2024-04-11T08:18:08","slug":"cortapelos-jrl-freshfade-2020c-gold","status":"publish","type":"product","link":"https:\/\/mr-mustache.com\/es\/produkt\/cortapelos-jrl-freshfade-2020c-gold\/","title":{"rendered":"Cortapelos JRL FreshFade 2020C GOLD"},"content":{"rendered":"<h1><strong>Cortapelos JRL FreshFade 2020C GOLD<\/strong><\/h1>\n<p>&nbsp;<\/p>\n<h3><strong>Dise\u00f1o innovador con refrigeraci\u00f3n superior<\/strong><\/h3>\n<p>El cortapelos JRL FreshFade 2020C Clipper GOLD destaca por su exclusiva cuchilla que permanece hasta 7 \u00b0C\/13,89 \u00b0F m\u00e1s fr\u00eda que la mayor\u00eda de los cortapelos tras 30 minutos de uso. Esto es posible gracias a su tecnolog\u00eda patentada Smart-Clip, que aumenta de forma inteligente la velocidad del motor cuando detecta resistencia, evitando que la recortadora se sobrecargue. Adem\u00e1s, el sistema de bloqueo de palanca permite ajustar la altura de la cuchilla a 5 niveles diferentes de forma segura, permitiendo un corte preciso de 0,5 mm a 3,5 mm sin necesidad de peines de sujeci\u00f3n.<\/p>\n<p>&nbsp;<\/p>\n<h3><strong>Bater\u00eda de larga duraci\u00f3n y funcionamiento silencioso<\/strong><\/h3>\n<ul>\n<li><strong>Duraci\u00f3n de la bater\u00eda<\/strong>: Hasta 4 horas de funcionamiento con una sola carga, lo que garantiza un uso prolongado sin recargas frecuentes.<\/li>\n<li><strong>Cuchilla revolucionaria<\/strong>: Ofrece 2 velocidades ajustables para mayor versatilidad de corte (6000 y 7200 rotaciones por minuto).<\/li>\n<li><strong>Motor silen<\/strong>cioso: Dise\u00f1ado para un funcionamiento silencioso, mejorando la comodidad tanto para el usuario como para el cliente.<\/li>\n<li><strong>Bater\u00eda de iones de litio<\/strong>: Proporciona energ\u00eda fiable y eficiente.<\/li>\n<li><strong>Gancho para colgar<\/strong>: Para guardarlo c\u00f3modamente.<\/li>\n<li><strong>Tecnolog\u00eda patentada Smart-Clip<\/strong>: Ajusta la velocidad del motor para cortar diferentes tipos de cabello sin esfuerzo.<\/li>\n<li><strong>Rango de corte ampliado<\/strong>: Ajustable de 0,5 a 3,5 mm para una amplia gama de estilos.<\/li>\n<\/ul>\n<p>&nbsp;<\/p>\n<h3><strong>Accesorios incluidos:<\/strong><\/h3>\n<ul>\n<li>1 destornillador<\/li>\n<li>1 Cepillo de limpieza<\/li>\n<li>1 Lubricante<\/li>\n<li>1 Cuchilla c\u00f3nica BF03 con ajuste de separaci\u00f3n cero<\/li>\n<li>Cargador (Nota: la recortadora no viene con estaci\u00f3n de carga).<\/li>\n<\/ul>\n<p>&nbsp;<\/p>\n<h3><strong>10 peines de sujeci\u00f3n:<\/strong><\/h3>\n<ul>\n<li>1,5 mm<\/li>\n<li>3 mm<\/li>\n<li>4,5 mm<\/li>\n<li>6 mm<\/li>\n<li>10 mm<\/li>\n<li>13 mm<\/li>\n<li>16 mm<\/li>\n<li>19 mm<\/li>\n<li>22 mm<\/li>\n<li>25 mm<\/li>\n<\/ul>\n","protected":false},"excerpt":{"rendered":"<p>&nbsp;<\/p>\n<p><em><br \/>\n  <strong>M\u00e1scara JRL<\/strong><br \/>\n<\/em> posiada wyj\u0105tkowe ostrze, ch\u0142odniejsze o 7\u00b0C\/13,89\u00b0F w por\u00f3wnaniu do wi\u0119kszo\u015bci maszynek do strzy\u017cenia po 30 min. pracy. La tecnolog\u00eda inteligente de Smart-Clip permite a los usuarios controlar la silueta, ya que las piezas de desgaste no se mueven, lo que hace que las m\u00e1scaras no se muevan. System blokady d\u017awigni odpowiedzialnej za regulacj\u0119 wysoko\u015bci no\u017ca sprawia, \u017ce mo\u017cesz ustawi\u0107 j\u0105 na 5 poziomach bez obawy, \u017ce samoistnie si\u0119 przesunie &#8211; dzi\u0119ki temu mo\u017cesz pracowa\u0107 bez u\u017cycia nasadek od 0,5mm do 3,5mm.<\/p>\n","protected":false},"featured_media":4812,"comment_status":"closed","ping_status":"closed","template":"","meta":[],"product_brand":[],"product_cat":[80,76],"product_tag":[],"class_list":{"0":"post-4807","1":"product","2":"type-product","3":"status-publish","4":"has-post-thumbnail","6":"product_cat-clippers-es","7":"product_cat-herramientas-del-peluquero","9":"first","10":"instock","11":"shipping-taxable","12":"purchasable","13":"product-type-simple"},"_links":{"self":[{"href":"https:\/\/mr-mustache.com\/es\/wp-json\/wp\/v2\/product\/4807","targetHints":{"allow":["GET"]}}],"collection":[{"href":"https:\/\/mr-mustache.com\/es\/wp-json\/wp\/v2\/product"}],"about":[{"href":"https:\/\/mr-mustache.com\/es\/wp-json\/wp\/v2\/types\/product"}],"replies":[{"embeddable":true,"href":"https:\/\/mr-mustache.com\/es\/wp-json\/wp\/v2\/comments?post=4807"}],"version-history":[{"count":1,"href":"https:\/\/mr-mustache.com\/es\/wp-json\/wp\/v2\/product\/4807\/revisions"}],"predecessor-version":[{"id":4820,"href":"https:\/\/mr-mustache.com\/es\/wp-json\/wp\/v2\/product\/4807\/revisions\/4820"}],"wp:featuredmedia":[{"embeddable":true,"href":"https:\/\/mr-mustache.com\/es\/wp-json\/wp\/v2\/media\/4812"}],"wp:attachment":[{"href":"https:\/\/mr-mustache.com\/es\/wp-json\/wp\/v2\/media?parent=4807"}],"wp:term":[{"taxonomy":"product_brand","embeddable":true,"href":"https:\/\/mr-mustache.com\/es\/wp-json\/wp\/v2\/product_brand?post=4807"},{"taxonomy":"product_cat","embeddable":true,"href":"https:\/\/mr-mustache.com\/es\/wp-json\/wp\/v2\/product_cat?post=4807"},{"taxonomy":"product_tag","embeddable":true,"href":"https:\/\/mr-mustache.com\/es\/wp-json\/wp\/v2\/product_tag?post=4807"}],"curies":[{"name":"wp","href":"https:\/\/api.w.org\/{rel}","templated":true}]}}