{"id":4823,"date":"2024-02-16T09:05:05","date_gmt":"2024-02-16T09:05:05","guid":{"rendered":"https:\/\/mr-mustache.com\/produkt\/afeitadora-babyliss-pro-fxfs1e-4artist\/"},"modified":"2024-04-11T08:18:04","modified_gmt":"2024-04-11T08:18:04","slug":"afeitadora-babyliss-pro-fxfs1e-4artist","status":"publish","type":"product","link":"https:\/\/mr-mustache.com\/es\/produkt\/afeitadora-babyliss-pro-fxfs1e-4artist\/","title":{"rendered":"Afeitadora BABYLISS PRO FXFS1E 4Artist"},"content":{"rendered":"<h1><strong>BaBylissPRO4Artistas: Afeitadora Ergon\u00f3mica de Precisi\u00f3n<\/strong><\/h1>\n<p>&nbsp;<\/p>\n<h3><strong>Introducci\u00f3n<\/strong><\/h3>\n<p>La BaBylissPRO4Artists es una afeitadora de precisi\u00f3n y ergon\u00f3mica que emana de una exclusiva gama de productos dise\u00f1ados para profesionales que convierten su pasi\u00f3n en arte. Todo artista apreciar\u00e1 la precisi\u00f3n y calidad del aparato. En manos de un maestro, esta afeitadora puede hacer maravillas que est\u00e1n a su alcance. Funcionalidad, clase y elegancia son s\u00f3lo algunos de los rasgos que caracterizan a la afeitadora de la l\u00ednea 4Artists. Todos los especialistas apreciar\u00e1n tambi\u00e9n su dise\u00f1o y estilo modernos, que ser\u00e1n un adorno en cualquier sal\u00f3n.<\/p>\n<p>&nbsp;<\/p>\n<h3><strong>Caracter\u00edsticas y dise\u00f1o<\/strong><\/h3>\n<p>Las afeitadoras met\u00e1licas de precisi\u00f3n de la serie BaBylissPRO\u00ae4Artists representan la mezcla perfecta de clase, estilo y un toque de tecnolog\u00eda moderna, dise\u00f1adas para lograr un acabado profesional. Se han convertido en la herramienta ideal para un afeitado supersuave y para nivelar las l\u00edneas del pelo. El sistema de l\u00e1minas ultrafinas garantiza un afeitado preciso sin riesgo de irritar la piel delicada. La afeitadora puede utilizarse sin preocuparse por posibles irritaciones. Gracias a su forma ergon\u00f3mica, las afeitadoras no s\u00f3lo se adaptan perfectamente a la mano, sino que adem\u00e1s hacen que el ritual del afeitado sea todo un placer.<\/p>\n<p>&nbsp;<\/p>\n<h3><strong>Mantenimiento<\/strong><\/h3>\n<p>La l\u00e1mina de afeitado puede retirarse f\u00e1cilmente para su mantenimiento peri\u00f3dico. Despu\u00e9s de usar la afeitadora, basta con colocar la tapa protectora para apagarla.<\/p>\n<p>&nbsp;<\/p>\n<h3><strong>Aplicaciones  <\/strong><\/h3>\n<p>Con las afeitadoras de l\u00e1minas met\u00e1licas BaBylissPRO4Artists FOILFX02 &#8211; FOILFX01, puede trabajar diferentes longitudes para dar matices a la barba, afeitar toda la cabeza muy corta, igualar el escote, afeitar la barba y los pelos sueltos y terminar perfectamente el peinado sin irritaciones.<\/p>\n<p>&nbsp;<\/p>\n<h3><strong>Especificaciones:<\/strong><\/h3>\n<ul>\n<li><strong>Carcasa totalmente met\u00e1lica:<\/strong> Duradera y elegante.<\/li>\n<li><strong>Cabezal de corte de l\u00e1minas de oro hipoalerg\u00e9nico:<\/strong> Para un afeitado suave y sin irritaciones.<\/li>\n<li><strong>Potente motor de corriente continua:<\/strong> 8.500 movimientos de cuchilla por minuto para un afeitado eficaz.<\/li>\n<li><strong>Sistema de l\u00e1mina \u00fanica ultrafina:<\/strong> Para un afeitado de precisi\u00f3n.<\/li>\n<li><strong>2 pilas alcalinas AA:<\/strong> Incluidas en el paquete.<\/li>\n<li><strong>\u00c1rea de afeitado:<\/strong> 40 mm de ancho.<\/li>\n<li><strong>Apagado autom\u00e1tico:<\/strong> Por seguridad y conservaci\u00f3n de la bater\u00eda.<\/li>\n<li><strong>Incluye:<\/strong> Funda protectora.<\/li>\n<\/ul>\n<p>&nbsp;<\/p>\n<p><strong>Garant\u00eda:<\/strong> 12 meses.<\/p>\n","protected":false},"excerpt":{"rendered":"<p>BaBylissPRO4Artistas: Afeitadora Ergon\u00f3mica de Precisi\u00f3n &nbsp; Introducci\u00f3n La BaBylissPRO4Artists es una afeitadora de precisi\u00f3n y ergon\u00f3mica que emana de una exclusiva gama de productos dise\u00f1ados para profesionales que convierten su pasi\u00f3n en arte. Todo artista apreciar\u00e1 la precisi\u00f3n y calidad del aparato. En manos de un maestro, esta afeitadora puede hacer maravillas que est\u00e1n a su alcance. Funcionalidad, clase y elegancia son s\u00f3lo algunos de los rasgos que caracterizan a la afeitadora de la l\u00ednea 4Artists. Todos los especialistas apreciar\u00e1n tambi\u00e9n su dise\u00f1o y estilo modernos, que ser\u00e1n un adorno en cualquier sal\u00f3n. &nbsp; Caracter\u00edsticas y dise\u00f1o Las afeitadoras met\u00e1licas de precisi\u00f3n de la serie BaBylissPRO\u00ae4Artists representan la mezcla perfecta de clase, estilo y un toque de tecnolog\u00eda moderna, dise\u00f1adas para lograr un acabado profesional. Se han convertido en la herramienta ideal para un afeitado supersuave y para nivelar las l\u00edneas del pelo. El sistema de l\u00e1minas ultrafinas garantiza un afeitado preciso sin riesgo de irritar la piel delicada. La afeitadora puede utilizarse sin preocuparse por posibles irritaciones. Gracias a su forma ergon\u00f3mica, las afeitadoras no s\u00f3lo se adaptan perfectamente a la mano, sino que adem\u00e1s hacen que el ritual del afeitado sea todo un placer. &nbsp; Mantenimiento La l\u00e1mina de afeitado puede retirarse f\u00e1cilmente para su mantenimiento peri\u00f3dico. Despu\u00e9s de usar la afeitadora, basta con colocar la tapa protectora para apagarla. &nbsp; Aplicaciones Con las afeitadoras de l\u00e1minas met\u00e1licas BaBylissPRO4Artists FOILFX02 &#8211; FOILFX01, puede trabajar diferentes longitudes para dar matices a la barba, afeitar toda la cabeza muy corta, igualar el escote, afeitar la barba y los pelos sueltos y terminar perfectamente el peinado sin irritaciones. &nbsp; Especificaciones: Carcasa totalmente met\u00e1lica: Duradera y elegante. Cabezal de corte de l\u00e1minas de oro hipoalerg\u00e9nico: Para un afeitado suave y sin irritaciones. Potente motor de corriente continua: 8.500 movimientos de cuchilla por minuto para un afeitado eficaz. Sistema de l\u00e1mina \u00fanica ultrafina: Para un afeitado de precisi\u00f3n. 2 pilas alcalinas AA: Incluidas en el paquete. \u00c1rea de afeitado: 40 mm de ancho. Apagado autom\u00e1tico: Por seguridad y conservaci\u00f3n de la bater\u00eda. Incluye: Funda protectora. &nbsp; Garant\u00eda: 12 meses.<\/p>\n","protected":false},"featured_media":4825,"comment_status":"closed","ping_status":"closed","template":"","meta":[],"product_brand":[],"product_cat":[81,76],"product_tag":[],"class_list":{"0":"post-4823","1":"product","2":"type-product","3":"status-publish","4":"has-post-thumbnail","6":"product_cat-afeitadoras","7":"product_cat-herramientas-del-peluquero","9":"first","10":"instock","11":"shipping-taxable","12":"purchasable","13":"product-type-simple"},"_links":{"self":[{"href":"https:\/\/mr-mustache.com\/es\/wp-json\/wp\/v2\/product\/4823","targetHints":{"allow":["GET"]}}],"collection":[{"href":"https:\/\/mr-mustache.com\/es\/wp-json\/wp\/v2\/product"}],"about":[{"href":"https:\/\/mr-mustache.com\/es\/wp-json\/wp\/v2\/types\/product"}],"replies":[{"embeddable":true,"href":"https:\/\/mr-mustache.com\/es\/wp-json\/wp\/v2\/comments?post=4823"}],"version-history":[{"count":1,"href":"https:\/\/mr-mustache.com\/es\/wp-json\/wp\/v2\/product\/4823\/revisions"}],"predecessor-version":[{"id":4830,"href":"https:\/\/mr-mustache.com\/es\/wp-json\/wp\/v2\/product\/4823\/revisions\/4830"}],"wp:featuredmedia":[{"embeddable":true,"href":"https:\/\/mr-mustache.com\/es\/wp-json\/wp\/v2\/media\/4825"}],"wp:attachment":[{"href":"https:\/\/mr-mustache.com\/es\/wp-json\/wp\/v2\/media?parent=4823"}],"wp:term":[{"taxonomy":"product_brand","embeddable":true,"href":"https:\/\/mr-mustache.com\/es\/wp-json\/wp\/v2\/product_brand?post=4823"},{"taxonomy":"product_cat","embeddable":true,"href":"https:\/\/mr-mustache.com\/es\/wp-json\/wp\/v2\/product_cat?post=4823"},{"taxonomy":"product_tag","embeddable":true,"href":"https:\/\/mr-mustache.com\/es\/wp-json\/wp\/v2\/product_tag?post=4823"}],"curies":[{"name":"wp","href":"https:\/\/api.w.org\/{rel}","templated":true}]}}