{"id":4845,"date":"2024-02-16T09:04:30","date_gmt":"2024-02-16T09:04:30","guid":{"rendered":"https:\/\/mr-mustache.com\/produkt\/stylecraft-cortapelos-sc-rebel\/"},"modified":"2024-04-11T08:18:05","modified_gmt":"2024-04-11T08:18:05","slug":"stylecraft-cortapelos-sc-rebel","status":"publish","type":"product","link":"https:\/\/mr-mustache.com\/es\/produkt\/stylecraft-cortapelos-sc-rebel\/","title":{"rendered":"StyleCraft &#8211; Cortapelos S|C Rebel"},"content":{"rendered":"<h1><strong>StyleCraft &#8211; Cortapelos S|C Rebel<\/strong><\/h1>\n<p>&nbsp;<\/p>\n<h3><strong>El cortapelos m\u00e1s potente<\/strong><\/h3>\n<p>Rebel es m\u00e1s potente que nunca, ya que incorpora un motor rotativo con una potencia de 7200 RPM, al tiempo que se caracteriza por su bajo nivel de ruido y vibraciones. Proporciona 3 horas de funcionamiento sin cable. El paquete incluye una base de carga con un enchufe para la bater\u00eda de iones de litio, que ofrece otra opci\u00f3n de alimentaci\u00f3n. Se puede cargar a trav\u00e9s de un conector Micro-USB, por lo que es f\u00e1cil de transportar. Rebel viene con 3 fundas intercambiables para personalizarla con elementos rosas, azules o negros, todos adornados con el logotipo de Rebel y una luz que brilla durante el uso. Son muy f\u00e1ciles de cambiar para adaptarlas a tu propio estilo. Un gancho para colgar garantiza la eficacia y el almacenamiento.<\/p>\n<p>&nbsp;<\/p>\n<h3><strong>Especificaciones:<\/strong><\/h3>\n<ul>\n<li>Potencia del motor de 7200 RPM<\/li>\n<li>Hoja de fibra de carbono Black Diamond con dientes estrechos y hoja fija h\u00edbrida Faper de fibra de carbono Black Diamond<\/li>\n<li>La bater\u00eda de iones de litio proporciona 3 horas de funcionamiento sin cable con una carga r\u00e1pida en 1 hora<\/li>\n<li>Cuchilla totalmente ajustable que se puede poner a cero f\u00e1cilmente<\/li>\n<li>Palanca de clic configurable o control c\u00f3nico de estilo libre con 5 posiciones de clic<\/li>\n<li>Soporte de carga universal y carga micro-USB<\/li>\n<li>3 fundas adicionales con lazo para colgar<\/li>\n<li>Juego de 8 fijaciones magn\u00e9ticas negras<\/li>\n<li>Dise\u00f1ado y fabricado en EE.UU.<\/li>\n<\/ul>\n<p>&nbsp;<\/p>\n<h3><strong>Incluido en el paquete:<\/strong><\/h3>\n<ul>\n<li>StyleCraft &#8211; Cortapelos S|C Rebel<\/li>\n<li>Hoja Black Diamond DLC Faper<\/li>\n<li>Black Diamond DLC con dientes estrechos<\/li>\n<li>8 fijaciones magn\u00e9ticas (1\/16&#8243;, 1\/8&#8243;, 3\/16&#8243;, 1\/4&#8243;, 3\/8&#8243;, 1\/2&#8243;, 5\/8&#8243;, 3\/4&#8243;)<\/li>\n<li>Cubierta de la cuchilla<\/li>\n<li>Soporte de carga con opci\u00f3n de carga micro-USB<\/li>\n<li>Cable<\/li>\n<li>Kit de limpieza\/mantenimiento<\/li>\n<li>Destornillador<\/li>\n<\/ul>\n","protected":false},"excerpt":{"rendered":"<p>StyleCraft &#8211; Cortapelos S|C Rebel &nbsp; El cortapelos m\u00e1s potente Rebel es m\u00e1s potente que nunca, ya que incorpora un motor rotativo con una potencia de 7200 RPM, al tiempo que se caracteriza por su bajo nivel de ruido y vibraciones. Proporciona 3 horas de funcionamiento sin cable. El paquete incluye una base de carga con un enchufe para la bater\u00eda de iones de litio, que ofrece otra opci\u00f3n de alimentaci\u00f3n. Se puede cargar a trav\u00e9s de un conector Micro-USB, por lo que es f\u00e1cil de transportar. Rebel viene con 3 fundas intercambiables para personalizarla con elementos rosas, azules o negros, todos adornados con el logotipo de Rebel y una luz que brilla durante el uso. Son muy f\u00e1ciles de cambiar para adaptarlas a tu propio estilo. Un gancho para colgar garantiza la eficacia y el almacenamiento. &nbsp; Especificaciones: Potencia del motor de 7200 RPM Hoja de fibra de carbono Black Diamond con dientes estrechos y hoja fija h\u00edbrida Faper de fibra de carbono Black Diamond La bater\u00eda de iones de litio proporciona 3 horas de funcionamiento sin cable con una carga r\u00e1pida en 1 hora Cuchilla totalmente ajustable que se puede poner a cero f\u00e1cilmente Palanca de clic configurable o control c\u00f3nico de estilo libre con 5 posiciones de clic Soporte de carga universal y carga micro-USB 3 fundas adicionales con lazo para colgar Juego de 8 fijaciones magn\u00e9ticas negras Dise\u00f1ado y fabricado en EE.UU. &nbsp; Incluido en el paquete: StyleCraft &#8211; Cortapelos S|C Rebel Hoja Black Diamond DLC Faper Black Diamond DLC con dientes estrechos 8 fijaciones magn\u00e9ticas (1\/16&#8243;, 1\/8&#8243;, 3\/16&#8243;, 1\/4&#8243;, 3\/8&#8243;, 1\/2&#8243;, 5\/8&#8243;, 3\/4&#8243;) Cubierta de la cuchilla Soporte de carga con opci\u00f3n de carga micro-USB Cable Kit de limpieza\/mantenimiento Destornillador<\/p>\n","protected":false},"featured_media":4852,"comment_status":"closed","ping_status":"closed","template":"","meta":[],"product_brand":[],"product_cat":[80,76],"product_tag":[],"class_list":{"0":"post-4845","1":"product","2":"type-product","3":"status-publish","4":"has-post-thumbnail","6":"product_cat-clippers-es","7":"product_cat-herramientas-del-peluquero","9":"first","10":"instock","11":"shipping-taxable","12":"purchasable","13":"product-type-simple"},"_links":{"self":[{"href":"https:\/\/mr-mustache.com\/es\/wp-json\/wp\/v2\/product\/4845","targetHints":{"allow":["GET"]}}],"collection":[{"href":"https:\/\/mr-mustache.com\/es\/wp-json\/wp\/v2\/product"}],"about":[{"href":"https:\/\/mr-mustache.com\/es\/wp-json\/wp\/v2\/types\/product"}],"replies":[{"embeddable":true,"href":"https:\/\/mr-mustache.com\/es\/wp-json\/wp\/v2\/comments?post=4845"}],"version-history":[{"count":1,"href":"https:\/\/mr-mustache.com\/es\/wp-json\/wp\/v2\/product\/4845\/revisions"}],"predecessor-version":[{"id":4858,"href":"https:\/\/mr-mustache.com\/es\/wp-json\/wp\/v2\/product\/4845\/revisions\/4858"}],"wp:featuredmedia":[{"embeddable":true,"href":"https:\/\/mr-mustache.com\/es\/wp-json\/wp\/v2\/media\/4852"}],"wp:attachment":[{"href":"https:\/\/mr-mustache.com\/es\/wp-json\/wp\/v2\/media?parent=4845"}],"wp:term":[{"taxonomy":"product_brand","embeddable":true,"href":"https:\/\/mr-mustache.com\/es\/wp-json\/wp\/v2\/product_brand?post=4845"},{"taxonomy":"product_cat","embeddable":true,"href":"https:\/\/mr-mustache.com\/es\/wp-json\/wp\/v2\/product_cat?post=4845"},{"taxonomy":"product_tag","embeddable":true,"href":"https:\/\/mr-mustache.com\/es\/wp-json\/wp\/v2\/product_tag?post=4845"}],"curies":[{"name":"wp","href":"https:\/\/api.w.org\/{rel}","templated":true}]}}