{"id":4847,"date":"2024-02-16T09:03:48","date_gmt":"2024-02-16T09:03:48","guid":{"rendered":"https:\/\/mr-mustache.com\/produkt\/afeitadora-sin-cable-gamma-piu-uno\/"},"modified":"2024-04-11T08:18:07","modified_gmt":"2024-04-11T08:18:07","slug":"afeitadora-sin-cable-gamma-piu-uno","status":"publish","type":"product","link":"https:\/\/mr-mustache.com\/es\/produkt\/afeitadora-sin-cable-gamma-piu-uno\/","title":{"rendered":"Afeitadora sin cable GAMMA PIU UNO"},"content":{"rendered":"<h1>Afeitadora sin cable GAMMA PIU UNO<\/h1>\n<p><strong>Material original y nuevo de distribuci\u00f3n oficial.<\/strong>  Garant\u00eda Gamma Piu Polonia.<\/p>\n<h4><\/h4>\n<h3>AFEITADORA PROFESIONAL INAL\u00c1MBRICA DE UNA SOLA CUCHILLA<\/h3>\n<p>La Gamma + UNO es elegante, potente y perfecta para conseguir un acabado sin fisuras tanto en el sal\u00f3n de belleza como en casa. Cuenta con un cabezal y un sistema de l\u00e1minas f\u00e1ciles de sustituir.<\/p>\n<p>&nbsp;<\/p>\n<h3><strong>Caracter\u00edsticas principales:<\/strong><\/h3>\n<ul>\n<li><strong>Bater\u00eda de iones de litio:<\/strong> Ofrece el doble de tiempo de funcionamiento.<\/li>\n<li><strong>L\u00e1mina de titanio dorada hipoalerg\u00e9nica y ultrafina:<\/strong> Garantiza un acabado sin huecos, ideal incluso para las pieles m\u00e1s sensibles.<\/li>\n<li><strong>Carga r\u00e1pida:<\/strong> Mediante cable USB.<\/li>\n<li><strong>Funcionamiento con o sin cable:<\/strong> Para la m\u00e1xima comodidad.<\/li>\n<li><strong>Dise\u00f1o ligero, ergon\u00f3mico y elegante:<\/strong> S\u00f3lo pesa 90 g.<\/li>\n<li><strong>Incluido en el Set:<\/strong> Hoja FORJADA, hoja CRUNCHY y una l\u00e1mina adicional de titanio dorado.<\/li>\n<li><strong>Mini cargador USB multifunci\u00f3n:<\/strong> Para una carga f\u00e1cil.<\/li>\n<li><strong>Velocidad de corte:<\/strong> 9000 rpm.<\/li>\n<li><strong>Empu\u00f1adura especial ergon\u00f3mica y antideslizante:<\/strong> Para un mejor manejo.<\/li>\n<li><strong>Bolsa de viaje incluida:<\/strong> Para mayor comodidad sobre la marcha.<\/li>\n<\/ul>\n<p>Experimenta un aseo profesional con la afeitadora inal\u00e1mbrica GAMMA PIU UNO, que combina estilo, funcionalidad y comodidad en un dise\u00f1o compacto.<\/p>\n","protected":false},"excerpt":{"rendered":"<p>Afeitadora sin cable GAMMA PIU UNO Material original y nuevo de distribuci\u00f3n oficial. Garant\u00eda Gamma Piu Polonia. AFEITADORA PROFESIONAL INAL\u00c1MBRICA DE UNA SOLA CUCHILLA La Gamma + UNO es elegante, potente y perfecta para conseguir un acabado sin fisuras tanto en el sal\u00f3n de belleza como en casa. Cuenta con un cabezal y un sistema de l\u00e1minas f\u00e1ciles de sustituir. &nbsp; Caracter\u00edsticas principales: Bater\u00eda de iones de litio: Ofrece el doble de tiempo de funcionamiento. L\u00e1mina de titanio dorada hipoalerg\u00e9nica y ultrafina: Garantiza un acabado sin huecos, ideal incluso para las pieles m\u00e1s sensibles. Carga r\u00e1pida: Mediante cable USB. Funcionamiento con o sin cable: Para la m\u00e1xima comodidad. Dise\u00f1o ligero, ergon\u00f3mico y elegante: S\u00f3lo pesa 90 g. Incluido en el Set: Hoja FORJADA, hoja CRUNCHY y una l\u00e1mina adicional de titanio dorado. Mini cargador USB multifunci\u00f3n: Para una carga f\u00e1cil. Velocidad de corte: 9000 rpm. Empu\u00f1adura especial ergon\u00f3mica y antideslizante: Para un mejor manejo. Bolsa de viaje incluida: Para mayor comodidad sobre la marcha. Experimenta un aseo profesional con la afeitadora inal\u00e1mbrica GAMMA PIU UNO, que combina estilo, funcionalidad y comodidad en un dise\u00f1o compacto.<\/p>\n","protected":false},"featured_media":4854,"comment_status":"closed","ping_status":"closed","template":"","meta":[],"product_brand":[],"product_cat":[81,76],"product_tag":[],"class_list":{"0":"post-4847","1":"product","2":"type-product","3":"status-publish","4":"has-post-thumbnail","6":"product_cat-afeitadoras","7":"product_cat-herramientas-del-peluquero","9":"first","10":"instock","11":"shipping-taxable","12":"purchasable","13":"product-type-simple"},"_links":{"self":[{"href":"https:\/\/mr-mustache.com\/es\/wp-json\/wp\/v2\/product\/4847","targetHints":{"allow":["GET"]}}],"collection":[{"href":"https:\/\/mr-mustache.com\/es\/wp-json\/wp\/v2\/product"}],"about":[{"href":"https:\/\/mr-mustache.com\/es\/wp-json\/wp\/v2\/types\/product"}],"replies":[{"embeddable":true,"href":"https:\/\/mr-mustache.com\/es\/wp-json\/wp\/v2\/comments?post=4847"}],"version-history":[{"count":1,"href":"https:\/\/mr-mustache.com\/es\/wp-json\/wp\/v2\/product\/4847\/revisions"}],"predecessor-version":[{"id":4859,"href":"https:\/\/mr-mustache.com\/es\/wp-json\/wp\/v2\/product\/4847\/revisions\/4859"}],"wp:featuredmedia":[{"embeddable":true,"href":"https:\/\/mr-mustache.com\/es\/wp-json\/wp\/v2\/media\/4854"}],"wp:attachment":[{"href":"https:\/\/mr-mustache.com\/es\/wp-json\/wp\/v2\/media?parent=4847"}],"wp:term":[{"taxonomy":"product_brand","embeddable":true,"href":"https:\/\/mr-mustache.com\/es\/wp-json\/wp\/v2\/product_brand?post=4847"},{"taxonomy":"product_cat","embeddable":true,"href":"https:\/\/mr-mustache.com\/es\/wp-json\/wp\/v2\/product_cat?post=4847"},{"taxonomy":"product_tag","embeddable":true,"href":"https:\/\/mr-mustache.com\/es\/wp-json\/wp\/v2\/product_tag?post=4847"}],"curies":[{"name":"wp","href":"https:\/\/api.w.org\/{rel}","templated":true}]}}