{"id":4848,"date":"2024-02-16T09:03:47","date_gmt":"2024-02-16T09:03:47","guid":{"rendered":"https:\/\/mr-mustache.com\/produkt\/trymer-do-wlosow-jrl-fresh-fade-2020\/"},"modified":"2024-04-16T10:18:56","modified_gmt":"2024-04-16T10:18:56","slug":"trymer-do-wlosow-jrl-fresh-fade-2020","status":"publish","type":"product","link":"https:\/\/mr-mustache.com\/es\/produkt\/trymer-do-wlosow-jrl-fresh-fade-2020\/","title":{"rendered":"Recortadora de cabello JRL Fresh Fade 2020"},"content":{"rendered":"<h1><em><strong>Recortadora de cabello JRL Fresh Fade<\/strong><\/em><\/h1>\n<p><em><strong>Trymer<\/strong><\/em> es un proveedor de soluciones para la industria de la construcci\u00f3n. <strong><em>Trymer en el mundo<\/em><\/strong> JRL tiene una cuchilla \u00fanica, 7\u00b0C\/13,89\u00b0F m\u00e1s fr\u00eda en comparaci\u00f3n con la mayor\u00eda de las cortadoras de cabello despu\u00e9s de 30 minutos de uso. Adem\u00e1s, la cuchilla en forma de T ofrece mayor libertad de movimiento durante el recorte. La tecnolog\u00eda inteligente de Smart-Clip permite a los usuarios reducir el tama\u00f1o de las gafas, ya que no se pueden colocar en la parte superior de la pantalla.<\/p>\n<p><strong>CARACTER\u00cdSTICAS:<\/strong><\/p>\n<ul>\n<li>Tiempo de carga: 2h<\/li>\n<li>Tiempo de funcionamiento con la bater\u00eda llena: 2h<\/li>\n<li>velocidad de funcionamiento: 7200 rpm<\/li>\n<li>bater\u00eda de iones de litio (3,7 V 1400 mAh)<\/li>\n<li>muy bajo nivel de ruido durante el funcionamiento (60 dB)<\/li>\n<li>Peso: 212 g<\/li>\n<\/ul>\n<p><strong>Incluido:<\/strong><\/p>\n<ul>\n<li>oliva<\/li>\n<li>cuchillo SF07 Cuchilla de precisi\u00f3n en T<\/li>\n<li>suministro el\u00e9ctrico<\/li>\n<li>cepillo<\/li>\n<\/ul>\n<p>&nbsp;<\/p>\n","protected":false},"excerpt":{"rendered":"<p>Cortapelos jrl fresh fade<\/p>\n","protected":false},"featured_media":4620,"comment_status":"open","ping_status":"closed","template":"","meta":[],"product_brand":[],"product_cat":[76,77],"product_tag":[],"class_list":{"0":"post-4848","1":"product","2":"type-product","3":"status-publish","4":"has-post-thumbnail","6":"product_cat-herramientas-del-peluquero","7":"product_cat-recortadoras","9":"first","10":"instock","11":"shipping-taxable","12":"purchasable","13":"product-type-simple"},"_links":{"self":[{"href":"https:\/\/mr-mustache.com\/es\/wp-json\/wp\/v2\/product\/4848","targetHints":{"allow":["GET"]}}],"collection":[{"href":"https:\/\/mr-mustache.com\/es\/wp-json\/wp\/v2\/product"}],"about":[{"href":"https:\/\/mr-mustache.com\/es\/wp-json\/wp\/v2\/types\/product"}],"replies":[{"embeddable":true,"href":"https:\/\/mr-mustache.com\/es\/wp-json\/wp\/v2\/comments?post=4848"}],"version-history":[{"count":2,"href":"https:\/\/mr-mustache.com\/es\/wp-json\/wp\/v2\/product\/4848\/revisions"}],"predecessor-version":[{"id":5174,"href":"https:\/\/mr-mustache.com\/es\/wp-json\/wp\/v2\/product\/4848\/revisions\/5174"}],"wp:featuredmedia":[{"embeddable":true,"href":"https:\/\/mr-mustache.com\/es\/wp-json\/wp\/v2\/media\/4620"}],"wp:attachment":[{"href":"https:\/\/mr-mustache.com\/es\/wp-json\/wp\/v2\/media?parent=4848"}],"wp:term":[{"taxonomy":"product_brand","embeddable":true,"href":"https:\/\/mr-mustache.com\/es\/wp-json\/wp\/v2\/product_brand?post=4848"},{"taxonomy":"product_cat","embeddable":true,"href":"https:\/\/mr-mustache.com\/es\/wp-json\/wp\/v2\/product_cat?post=4848"},{"taxonomy":"product_tag","embeddable":true,"href":"https:\/\/mr-mustache.com\/es\/wp-json\/wp\/v2\/product_tag?post=4848"}],"curies":[{"name":"wp","href":"https:\/\/api.w.org\/{rel}","templated":true}]}}