{"id":4849,"date":"2024-02-16T09:04:08","date_gmt":"2024-02-16T09:04:08","guid":{"rendered":"https:\/\/mr-mustache.com\/produkt\/leyenda-inalambrica-5-estrellas\/"},"modified":"2024-04-11T08:18:06","modified_gmt":"2024-04-11T08:18:06","slug":"leyenda-inalambrica-5-estrellas","status":"publish","type":"product","link":"https:\/\/mr-mustache.com\/es\/produkt\/leyenda-inalambrica-5-estrellas\/","title":{"rendered":"LEYENDA INAL\u00c1MBRICA 5 ESTRELLAS"},"content":{"rendered":"<h1><strong>LEYENDA INAL\u00c1MBRICA<\/strong><\/h1>\n<p>&nbsp;<\/p>\n<h3><strong>Introducci\u00f3n a la revoluci\u00f3n inal\u00e1mbrica<\/strong><\/h3>\n<p>\u00a1Grandes noticias para todos los barberos! La popular recortadora LEGEND de WAHL est\u00e1 ahora disponible en versi\u00f3n inal\u00e1mbrica. Esta herramienta profesional, preferida por los barberos por sus potentes prestaciones de corte y su excelente durabilidad, se ha actualizado t\u00e9cnicamente y ahora cuenta con numerosas caracter\u00edsticas de primera.<\/p>\n<p>&nbsp;<\/p>\n<h3><strong>Principales caracter\u00edsticas y ventajas<\/strong><\/h3>\n<ul>\n<li><strong>WEDGE BLADE Precisi\u00f3n:<\/strong> Gracias a la cuchilla de precisi\u00f3n WEDGE BLADE de primera clase, ofrece un corte extremadamente r\u00e1pido y preciso. El juego de cuchillas tiene un \u00e1ngulo notablemente plano de 13\u00b0, lo que facilita los cortes cerca de la piel sin crear bordes molestos.<\/li>\n<li><strong>Ideal para difuminados completos:<\/strong> Equipada con un juego especial de dientes cuadrados (Crunch Blade), proporciona una respuesta audible para perfeccionar los desvanecimientos. El ajuste integrado de la longitud de corte ofrece las mejores variaciones de longitud posibles entre todos los aparatos WAHL, permitiendo desvanecimientos completos y transiciones suaves. Tambi\u00e9n es perfecto para mezclar e incorporar detalles precisos a la perfecci\u00f3n.<\/li>\n<li><strong>Facilidad de uso:<\/strong> La palanca de ajuste met\u00e1lica facilita el ajuste individual de las longitudes de corte sobre la marcha. Su dise\u00f1o m\u00e1s elegante y su peso reducido aumentan la comodidad, haci\u00e9ndola m\u00e1s ligera, flexible y f\u00e1cil de manejar gracias a su nueva funci\u00f3n inal\u00e1mbrica.<\/li>\n<\/ul>\n<p>&nbsp;<\/p>\n<h3><strong>Especificaciones t\u00e9cnicas<\/strong><\/h3>\n<ul>\n<li><strong>Bater\u00eda eficiente y duradera:<\/strong> Viene con una bater\u00eda de iones de litio altamente eficiente y duradera (sin efecto memoria), que ofrece 100 minutos de funcionamiento y 120 minutos de tiempo de recarga. La opci\u00f3n de conmutaci\u00f3n a la red el\u00e9ctrica garantiza su uso continuo en el sal\u00f3n.<\/li>\n<li><strong>Dise\u00f1o profesional:<\/strong> El aparato est\u00e1 equipado con ocho peines de sujeci\u00f3n de alta calidad (de 1,5 mm a 25 mm) con tecnolog\u00eda Secure Fit para un ajuste de precisi\u00f3n y puntas redondeadas para mayor comodidad del cliente.<\/li>\n<\/ul>\n<p>&nbsp;<\/p>\n<h3><strong>M\u00e1s informaci\u00f3n:<\/strong><\/h3>\n<ul>\n<li style=\"list-style-type: none;\">\n<ul>\n<li><strong>C\u00f3digo de barras del art\u00edculo (EAN):<\/strong> 0043917859460<\/li>\n<li><strong>Tiempo de carga:<\/strong> 60 minutos<\/li>\n<li><strong>Tipo de bater\u00eda:<\/strong> Li-Ion<\/li>\n<li><strong>Longitud del cable:<\/strong> 2,4 m<\/li>\n<li><strong>Longitud de corte:<\/strong> 0,7 &#8211; 1,7 mm<\/li>\n<li><strong>Tipo de alimentaci\u00f3n:<\/strong> Bater\u00eda recargable &#8211; se puede utilizar sin cable o con cable<\/li>\n<li><strong>Anchura de corte:<\/strong> 46 mm<\/li>\n<li><strong>Color:<\/strong> Borgo\u00f1a<\/li>\n<li><strong>Motor\/Drive:<\/strong> Motor DC, 6500 rpm<\/li>\n<li><strong>Duraci\u00f3n:<\/strong> 100 minutos<\/li>\n<li><strong>Tensi\u00f3n:<\/strong> 100-240V<\/li>\n<li><strong>Juego de cuchillas:<\/strong> WEDGE BLADE, fija<\/li>\n<li><strong>Peso:<\/strong> 295 g<\/li>\n<li><strong>Devoluci\u00f3n de art\u00edculos:<\/strong> Este art\u00edculo puede ser devuelto<\/li>\n<\/ul>\n<\/li>\n<\/ul>\n<p>&nbsp;<\/p>\n<h3><strong>\u00bfQu\u00e9 hay en la caja?<\/strong><\/h3>\n<ul>\n<li>Cortapelos profesional con cable y sin cable con palanca c\u00f3nica ajustable<\/li>\n<li>8 gu\u00edas de corte premium (1\/16&#8243; &#8211; 1&#8243;)<\/li>\n<li>Peine<\/li>\n<li>Fuente de alimentaci\u00f3n<\/li>\n<li>Aceite<\/li>\n<li>Cepillo de limpieza<\/li>\n<li>Instrucciones de uso<\/li>\n<li>Protector de cuchilla rojo<\/li>\n<\/ul>\n<p>Esta innovadora herramienta, ahora inal\u00e1mbrica, se convertir\u00e1 en una compa\u00f1era de confianza para los barberos, garantizando un rendimiento de primera incluso en los d\u00edas m\u00e1s ajetreados.<\/p>\n","protected":false},"excerpt":{"rendered":"<p>LEYENDA INAL\u00c1MBRICA &nbsp; Introducci\u00f3n a la revoluci\u00f3n inal\u00e1mbrica \u00a1Grandes noticias para todos los barberos! La popular recortadora LEGEND de WAHL est\u00e1 ahora disponible en versi\u00f3n inal\u00e1mbrica. Esta herramienta profesional, preferida por los barberos por sus potentes prestaciones de corte y su excelente durabilidad, se ha actualizado t\u00e9cnicamente y ahora cuenta con numerosas caracter\u00edsticas de primera. &nbsp; Principales caracter\u00edsticas y ventajas WEDGE BLADE Precisi\u00f3n: Gracias a la cuchilla de precisi\u00f3n WEDGE BLADE de primera clase, ofrece un corte extremadamente r\u00e1pido y preciso. El juego de cuchillas tiene un \u00e1ngulo notablemente plano de 13\u00b0, lo que facilita los cortes cerca de la piel sin crear bordes molestos. Ideal para difuminados completos: Equipada con un juego especial de dientes cuadrados (Crunch Blade), proporciona una respuesta audible para perfeccionar los desvanecimientos. El ajuste integrado de la longitud de corte ofrece las mejores variaciones de longitud posibles entre todos los aparatos WAHL, permitiendo desvanecimientos completos y transiciones suaves. Tambi\u00e9n es perfecto para mezclar e incorporar detalles precisos a la perfecci\u00f3n. Facilidad de uso: La palanca de ajuste met\u00e1lica facilita el ajuste individual de las longitudes de corte sobre la marcha. Su dise\u00f1o m\u00e1s elegante y su peso reducido aumentan la comodidad, haci\u00e9ndola m\u00e1s ligera, flexible y f\u00e1cil de manejar gracias a su nueva funci\u00f3n inal\u00e1mbrica. &nbsp; Especificaciones t\u00e9cnicas Bater\u00eda eficiente y duradera: Viene con una bater\u00eda de iones de litio altamente eficiente y duradera (sin efecto memoria), que ofrece 100 minutos de funcionamiento y 120 minutos de tiempo de recarga. La opci\u00f3n de conmutaci\u00f3n a la red el\u00e9ctrica garantiza su uso continuo en el sal\u00f3n. Dise\u00f1o profesional: El aparato est\u00e1 equipado con ocho peines de sujeci\u00f3n de alta calidad (de 1,5 mm a 25 mm) con tecnolog\u00eda Secure Fit para un ajuste de precisi\u00f3n y puntas redondeadas para mayor comodidad del cliente. &nbsp; M\u00e1s informaci\u00f3n: C\u00f3digo de barras del art\u00edculo (EAN): 0043917859460 Tiempo de carga: 60 minutos Tipo de bater\u00eda: Li-Ion Longitud del cable: 2,4 m Longitud de corte: 0,7 &#8211; 1,7 mm Tipo de alimentaci\u00f3n: Bater\u00eda recargable &#8211; se puede utilizar sin cable o con cable Anchura de corte: 46 mm Color: Borgo\u00f1a Motor\/Drive: Motor DC, 6500 rpm Duraci\u00f3n: 100 minutos Tensi\u00f3n: 100-240V Juego de cuchillas: WEDGE BLADE, fija Peso: 295 g Devoluci\u00f3n de art\u00edculos: Este art\u00edculo puede ser devuelto &nbsp; \u00bfQu\u00e9 hay en la caja? Cortapelos profesional con cable y sin cable con palanca c\u00f3nica ajustable 8 gu\u00edas de corte premium (1\/16&#8243; &#8211; 1&#8243;) Peine Fuente de alimentaci\u00f3n Aceite Cepillo de limpieza Instrucciones de uso Protector de cuchilla rojo Esta innovadora herramienta, ahora inal\u00e1mbrica, se convertir\u00e1 en una compa\u00f1era de confianza para los barberos, garantizando un rendimiento de primera incluso en los d\u00edas m\u00e1s ajetreados.<\/p>\n","protected":false},"featured_media":4856,"comment_status":"closed","ping_status":"closed","template":"","meta":[],"product_brand":[],"product_cat":[80],"product_tag":[],"class_list":{"0":"post-4849","1":"product","2":"type-product","3":"status-publish","4":"has-post-thumbnail","6":"product_cat-clippers-es","8":"first","9":"instock","10":"shipping-taxable","11":"product-type-simple"},"_links":{"self":[{"href":"https:\/\/mr-mustache.com\/es\/wp-json\/wp\/v2\/product\/4849","targetHints":{"allow":["GET"]}}],"collection":[{"href":"https:\/\/mr-mustache.com\/es\/wp-json\/wp\/v2\/product"}],"about":[{"href":"https:\/\/mr-mustache.com\/es\/wp-json\/wp\/v2\/types\/product"}],"replies":[{"embeddable":true,"href":"https:\/\/mr-mustache.com\/es\/wp-json\/wp\/v2\/comments?post=4849"}],"version-history":[{"count":1,"href":"https:\/\/mr-mustache.com\/es\/wp-json\/wp\/v2\/product\/4849\/revisions"}],"predecessor-version":[{"id":4861,"href":"https:\/\/mr-mustache.com\/es\/wp-json\/wp\/v2\/product\/4849\/revisions\/4861"}],"wp:featuredmedia":[{"embeddable":true,"href":"https:\/\/mr-mustache.com\/es\/wp-json\/wp\/v2\/media\/4856"}],"wp:attachment":[{"href":"https:\/\/mr-mustache.com\/es\/wp-json\/wp\/v2\/media?parent=4849"}],"wp:term":[{"taxonomy":"product_brand","embeddable":true,"href":"https:\/\/mr-mustache.com\/es\/wp-json\/wp\/v2\/product_brand?post=4849"},{"taxonomy":"product_cat","embeddable":true,"href":"https:\/\/mr-mustache.com\/es\/wp-json\/wp\/v2\/product_cat?post=4849"},{"taxonomy":"product_tag","embeddable":true,"href":"https:\/\/mr-mustache.com\/es\/wp-json\/wp\/v2\/product_tag?post=4849"}],"curies":[{"name":"wp","href":"https:\/\/api.w.org\/{rel}","templated":true}]}}