{"id":4850,"date":"2024-02-16T09:03:48","date_gmt":"2024-02-16T09:03:48","guid":{"rendered":"https:\/\/mr-mustache.com\/produkt\/afeitadora-absolute-gamma-piu-zero\/"},"modified":"2024-04-11T08:18:06","modified_gmt":"2024-04-11T08:18:06","slug":"afeitadora-absolute-gamma-piu-zero","status":"publish","type":"product","link":"https:\/\/mr-mustache.com\/es\/produkt\/afeitadora-absolute-gamma-piu-zero\/","title":{"rendered":"Afeitadora Absolute Gamma Piu Zero"},"content":{"rendered":"<h1>GAMMA PIU Absolute Zero Afeitadora de Barba y Cabeza<\/h1>\n<h3><strong>Descripci\u00f3n:<\/strong><\/h3>\n<p>La GAMMA PIU Absolute Zero es una afeitadora vers\u00e1til equipada con finas cuchillas doradas de titanio conocidas por sus propiedades hipoalerg\u00e9nicas. Dise\u00f1ada para ofrecer precisi\u00f3n, la disposici\u00f3n de sus l\u00e1minas garantiza un afeitado preciso y uniforme.<\/p>\n<p>&nbsp;<\/p>\n<h3><strong>Caracter\u00edsticas:<\/strong><\/h3>\n<ul>\n<li><strong>Tipo de l\u00e1mina:<\/strong> Titanio, hipoalerg\u00e9nico (50% m\u00e1s de durabilidad)<\/li>\n<li><strong>Bater\u00eda:<\/strong> Bater\u00eda doble, i\u00f3n-litio<\/li>\n<li><strong>Tecnolog\u00eda de carga:<\/strong> Innovadora tecnolog\u00eda de carga, hasta 120 minutos de funcionamiento sin cable<\/li>\n<li><strong>Flexibilidad:<\/strong> Puede utilizarse con o sin cable<\/li>\n<\/ul>\n<p>&nbsp;<\/p>\n<h3><strong>Afeitado excepcional de cabeza y barba:<\/strong><\/h3>\n<p>Equipada con una eficaz bater\u00eda de iones de litio, la Gamma Piu Absolute Zero s\u00f3lo necesita 30 minutos para cargarse por completo y puede funcionar hasta 120 minutos con la bater\u00eda llena. Ligera (s\u00f3lo pesa 130 g) y manejable, esta afeitadora es perfecta para recortar, afeitar de cerca y terminar cortes de pelo. Destaca en la captura de pelos cortos, pero no est\u00e1 dise\u00f1ada para cortar pelos m\u00e1s largos.<\/p>\n<p>&nbsp;<\/p>\n<h3><strong>Especificaciones t\u00e9cnicas:<\/strong><\/h3>\n<ul>\n<li><strong>Cuchillas:<\/strong> Cuchillas muy finas de titanio dorado hipoalerg\u00e9nico que no irritan la piel.<\/li>\n<li><strong>Cuchillas uniformemente distribuidas:<\/strong> Para un afeitado m\u00e1s preciso y uniforme.<\/li>\n<li><strong>Recortador de patillas integrado:<\/strong> Adapta tu look con el recortador integrado.<\/li>\n<li><strong>Bater\u00eda de iones de litio:<\/strong> Hasta 120 minutos de funcionamiento tras la carga.<\/li>\n<li><strong>Ciclo de carga:<\/strong> Una carga completa s\u00f3lo tarda 30 minutos.<\/li>\n<li><strong>Versatilidad:<\/strong> Se puede utilizar con cable o de forma inal\u00e1mbrica.<\/li>\n<li><strong>Dise\u00f1o:<\/strong> Ligero (s\u00f3lo 130 g) y ergon\u00f3mico para un f\u00e1cil manejo.<\/li>\n<\/ul>\n<p>&nbsp;<\/p>\n<p>Experimente un rendimiento de afeitado inigualable con la GAMMA PIU Absolute Zero, dise\u00f1ada para satisfacer los altos est\u00e1ndares de barberos y estilistas profesionales.<\/p>\n","protected":false},"excerpt":{"rendered":"<p>GAMMA PIU Absolute Zero Afeitadora de Barba y Cabeza Descripci\u00f3n: La GAMMA PIU Absolute Zero es una afeitadora vers\u00e1til equipada con finas cuchillas doradas de titanio conocidas por sus propiedades hipoalerg\u00e9nicas. Dise\u00f1ada para ofrecer precisi\u00f3n, la disposici\u00f3n de sus l\u00e1minas garantiza un afeitado preciso y uniforme. &nbsp; Caracter\u00edsticas: Tipo de l\u00e1mina: Titanio, hipoalerg\u00e9nico (50% m\u00e1s de durabilidad) Bater\u00eda: Bater\u00eda doble, i\u00f3n-litio Tecnolog\u00eda de carga: Innovadora tecnolog\u00eda de carga, hasta 120 minutos de funcionamiento sin cable Flexibilidad: Puede utilizarse con o sin cable &nbsp; Afeitado excepcional de cabeza y barba: Equipada con una eficaz bater\u00eda de iones de litio, la Gamma Piu Absolute Zero s\u00f3lo necesita 30 minutos para cargarse por completo y puede funcionar hasta 120 minutos con la bater\u00eda llena. Ligera (s\u00f3lo pesa 130 g) y manejable, esta afeitadora es perfecta para recortar, afeitar de cerca y terminar cortes de pelo. Destaca en la captura de pelos cortos, pero no est\u00e1 dise\u00f1ada para cortar pelos m\u00e1s largos. &nbsp; Especificaciones t\u00e9cnicas: Cuchillas: Cuchillas muy finas de titanio dorado hipoalerg\u00e9nico que no irritan la piel. Cuchillas uniformemente distribuidas: Para un afeitado m\u00e1s preciso y uniforme. Recortador de patillas integrado: Adapta tu look con el recortador integrado. Bater\u00eda de iones de litio: Hasta 120 minutos de funcionamiento tras la carga. Ciclo de carga: Una carga completa s\u00f3lo tarda 30 minutos. Versatilidad: Se puede utilizar con cable o de forma inal\u00e1mbrica. Dise\u00f1o: Ligero (s\u00f3lo 130 g) y ergon\u00f3mico para un f\u00e1cil manejo. &nbsp; Experimente un rendimiento de afeitado inigualable con la GAMMA PIU Absolute Zero, dise\u00f1ada para satisfacer los altos est\u00e1ndares de barberos y estilistas profesionales.<\/p>\n","protected":false},"featured_media":4857,"comment_status":"closed","ping_status":"closed","template":"","meta":[],"product_brand":[],"product_cat":[81,76],"product_tag":[],"class_list":{"0":"post-4850","1":"product","2":"type-product","3":"status-publish","4":"has-post-thumbnail","6":"product_cat-afeitadoras","7":"product_cat-herramientas-del-peluquero","9":"first","10":"instock","11":"shipping-taxable","12":"purchasable","13":"product-type-simple"},"_links":{"self":[{"href":"https:\/\/mr-mustache.com\/es\/wp-json\/wp\/v2\/product\/4850","targetHints":{"allow":["GET"]}}],"collection":[{"href":"https:\/\/mr-mustache.com\/es\/wp-json\/wp\/v2\/product"}],"about":[{"href":"https:\/\/mr-mustache.com\/es\/wp-json\/wp\/v2\/types\/product"}],"replies":[{"embeddable":true,"href":"https:\/\/mr-mustache.com\/es\/wp-json\/wp\/v2\/comments?post=4850"}],"version-history":[{"count":1,"href":"https:\/\/mr-mustache.com\/es\/wp-json\/wp\/v2\/product\/4850\/revisions"}],"predecessor-version":[{"id":4862,"href":"https:\/\/mr-mustache.com\/es\/wp-json\/wp\/v2\/product\/4850\/revisions\/4862"}],"wp:featuredmedia":[{"embeddable":true,"href":"https:\/\/mr-mustache.com\/es\/wp-json\/wp\/v2\/media\/4857"}],"wp:attachment":[{"href":"https:\/\/mr-mustache.com\/es\/wp-json\/wp\/v2\/media?parent=4850"}],"wp:term":[{"taxonomy":"product_brand","embeddable":true,"href":"https:\/\/mr-mustache.com\/es\/wp-json\/wp\/v2\/product_brand?post=4850"},{"taxonomy":"product_cat","embeddable":true,"href":"https:\/\/mr-mustache.com\/es\/wp-json\/wp\/v2\/product_cat?post=4850"},{"taxonomy":"product_tag","embeddable":true,"href":"https:\/\/mr-mustache.com\/es\/wp-json\/wp\/v2\/product_tag?post=4850"}],"curies":[{"name":"wp","href":"https:\/\/api.w.org\/{rel}","templated":true}]}}