{"id":4865,"date":"2024-02-16T09:04:30","date_gmt":"2024-02-16T09:04:30","guid":{"rendered":"https:\/\/mr-mustache.com\/produkt\/cortadora-de-pelo-gamma-piu-cyborg\/"},"modified":"2024-04-11T08:18:04","modified_gmt":"2024-04-11T08:18:04","slug":"cortadora-de-pelo-gamma-piu-cyborg","status":"publish","type":"product","link":"https:\/\/mr-mustache.com\/es\/produkt\/cortadora-de-pelo-gamma-piu-cyborg\/","title":{"rendered":"Cortadora de pelo Gamma PIU Cyborg"},"content":{"rendered":"<h1><strong>Cortadora de pelo Gamma PIU Cyborg<\/strong><\/h1>\n<p>&nbsp;<\/p>\n<h3><strong>Rendimiento profesional de corte de pelo<\/strong><\/h3>\n<p>El cortapelos profesional Gamma+ CYBORG ha sido dise\u00f1ado para ofrecer un rendimiento duradero. Est\u00e1 equipado con un cuerpo met\u00e1lico duradero y una construcci\u00f3n tecnol\u00f3gica avanzada.<\/p>\n<p>&nbsp;<\/p>\n<h3><strong>Especificaciones:<\/strong><\/h3>\n<ul>\n<li>Hoja fija Black Diamond Faper de 45 mm de anchura, complementada con una hoja m\u00f3vil Black Diamond Deep Slim que garantiza una gran suavidad de corte.<\/li>\n<li>Motor digital con una velocidad de 7500 RPM que garantiza un funcionamiento suave y eficaz.<\/li>\n<li>Alto par que minimiza las vibraciones y el ruido.<\/li>\n<li>Dos palancas de ajuste de la hoja, que permiten el manejo tanto con la mano izquierda como con la derecha.<\/li>\n<li>Estaci\u00f3n de acoplamiento antideslizante y duradera con iluminaci\u00f3n LED.<\/li>\n<li>El tiempo de carga de la bater\u00eda es de 150 minutos, con un tiempo de funcionamiento de hasta 200 minutos con una sola carga.<\/li>\n<li>Longitud de corte: de 0,3 a 1,5 mm<\/li>\n<li>Tensi\u00f3n: 100-240 V ~<\/li>\n<li>Peso: 430 g<\/li>\n<li>Fabricante: Gamma PIU<\/li>\n<li>Contenido del paquete: un juego de 8 peines magn\u00e9ticos de 1,5 mm a 19 mm, un destornillador, un cepillo, aceite, estaci\u00f3n de carga y un cable de alimentaci\u00f3n.<\/li>\n<\/ul>\n<p>&nbsp;<\/p>\n<p><strong>Garant\u00eda:<\/strong> 12 meses<\/p>\n","protected":false},"excerpt":{"rendered":"<p>Cortadora de pelo Gamma PIU Cyborg &nbsp; Rendimiento profesional de corte de pelo El cortapelos profesional Gamma+ CYBORG ha sido dise\u00f1ado para ofrecer un rendimiento duradero. Est\u00e1 equipado con un cuerpo met\u00e1lico duradero y una construcci\u00f3n tecnol\u00f3gica avanzada. &nbsp; Especificaciones: Hoja fija Black Diamond Faper de 45 mm de anchura, complementada con una hoja m\u00f3vil Black Diamond Deep Slim que garantiza una gran suavidad de corte. Motor digital con una velocidad de 7500 RPM que garantiza un funcionamiento suave y eficaz. Alto par que minimiza las vibraciones y el ruido. Dos palancas de ajuste de la hoja, que permiten el manejo tanto con la mano izquierda como con la derecha. Estaci\u00f3n de acoplamiento antideslizante y duradera con iluminaci\u00f3n LED. El tiempo de carga de la bater\u00eda es de 150 minutos, con un tiempo de funcionamiento de hasta 200 minutos con una sola carga. Longitud de corte: de 0,3 a 1,5 mm Tensi\u00f3n: 100-240 V ~ Peso: 430 g Fabricante: Gamma PIU Contenido del paquete: un juego de 8 peines magn\u00e9ticos de 1,5 mm a 19 mm, un destornillador, un cepillo, aceite, estaci\u00f3n de carga y un cable de alimentaci\u00f3n. &nbsp; Garant\u00eda: 12 meses<\/p>\n","protected":false},"featured_media":4871,"comment_status":"closed","ping_status":"closed","template":"","meta":[],"product_brand":[],"product_cat":[80,76],"product_tag":[],"class_list":{"0":"post-4865","1":"product","2":"type-product","3":"status-publish","4":"has-post-thumbnail","6":"product_cat-clippers-es","7":"product_cat-herramientas-del-peluquero","9":"first","10":"instock","11":"sale","12":"shipping-taxable","13":"purchasable","14":"product-type-simple"},"_links":{"self":[{"href":"https:\/\/mr-mustache.com\/es\/wp-json\/wp\/v2\/product\/4865","targetHints":{"allow":["GET"]}}],"collection":[{"href":"https:\/\/mr-mustache.com\/es\/wp-json\/wp\/v2\/product"}],"about":[{"href":"https:\/\/mr-mustache.com\/es\/wp-json\/wp\/v2\/types\/product"}],"replies":[{"embeddable":true,"href":"https:\/\/mr-mustache.com\/es\/wp-json\/wp\/v2\/comments?post=4865"}],"version-history":[{"count":1,"href":"https:\/\/mr-mustache.com\/es\/wp-json\/wp\/v2\/product\/4865\/revisions"}],"predecessor-version":[{"id":4877,"href":"https:\/\/mr-mustache.com\/es\/wp-json\/wp\/v2\/product\/4865\/revisions\/4877"}],"wp:featuredmedia":[{"embeddable":true,"href":"https:\/\/mr-mustache.com\/es\/wp-json\/wp\/v2\/media\/4871"}],"wp:attachment":[{"href":"https:\/\/mr-mustache.com\/es\/wp-json\/wp\/v2\/media?parent=4865"}],"wp:term":[{"taxonomy":"product_brand","embeddable":true,"href":"https:\/\/mr-mustache.com\/es\/wp-json\/wp\/v2\/product_brand?post=4865"},{"taxonomy":"product_cat","embeddable":true,"href":"https:\/\/mr-mustache.com\/es\/wp-json\/wp\/v2\/product_cat?post=4865"},{"taxonomy":"product_tag","embeddable":true,"href":"https:\/\/mr-mustache.com\/es\/wp-json\/wp\/v2\/product_tag?post=4865"}],"curies":[{"name":"wp","href":"https:\/\/api.w.org\/{rel}","templated":true}]}}