{"id":4867,"date":"2024-02-16T09:03:47","date_gmt":"2024-02-16T09:03:47","guid":{"rendered":"https:\/\/mr-mustache.com\/produkt\/andis-master-cordless-gold-edicion-limitada\/"},"modified":"2024-04-11T08:18:09","modified_gmt":"2024-04-11T08:18:09","slug":"andis-master-cordless-gold-edicion-limitada","status":"publish","type":"product","link":"https:\/\/mr-mustache.com\/es\/produkt\/andis-master-cordless-gold-edicion-limitada\/","title":{"rendered":"Andis Master Cordless GOLD &#8211; Edici\u00f3n Limitada"},"content":{"rendered":"<h1><strong>Andis Master Cordless GOLD &#8211; Edici\u00f3n Limitada<\/strong><\/h1>\n<p>&nbsp;<\/p>\n<p><strong>Retorno de la codiciada edici\u00f3n limitada<\/strong><\/p>\n<p>Tras una larga ausencia en el mercado, la edici\u00f3n limitada de la recortadora Master Cordless Gold regresa con gran expectaci\u00f3n. Esta edici\u00f3n se distingue por su indestructible y ligera carcasa de aluminio en un duradero color dorado personalizado, que garantiza a\u00f1os de uso fiable.<\/p>\n<p>&nbsp;<\/p>\n<p><strong>Hoja de acero al carbono de alta calidad<\/strong><\/p>\n<ul>\n<li>La hoja est\u00e1 hecha de acero al carbono, acabada en un duradero color dorado personalizado, y cuenta con ajustes de longitud ajustables.<\/li>\n<li><strong>Bater\u00eda de iones de litio<\/strong>: Proporciona m\u00e1s de 90 minutos de autonom\u00eda con una sola carga, lo que permite largas sesiones de aseo sin necesidad de recargarla con frecuencia.<\/li>\n<li><strong>Potente motor rotativo<\/strong>: Presume de una velocidad de la cuchilla de m\u00e1s de 7200 SPM, equipada con tecnolog\u00eda de velocidad constante para mantener el rendimiento a trav\u00e9s del vello grueso sin arrastrarlo ni calarse.<\/li>\n<li><strong>Funcionamiento con<\/strong> o sin cable: Ofrece la flexibilidad de utilizar la recortadora con o sin cable, mejorando la maniobrabilidad y la comodidad.<\/li>\n<li><strong>Indicador LED del nivel<\/strong> de carga de la bater\u00eda: Equipado con una luz LED que muestra el nivel de carga actual de la bater\u00eda, asegurando que siempre sepas cu\u00e1ndo es el momento de recargar.<\/li>\n<\/ul>\n<p>&nbsp;<\/p>\n<p><strong>El kit incluye:<\/strong><\/p>\n<ul>\n<li>Cortapelos<\/li>\n<li>Soporte de carga premium con adaptador<\/li>\n<li>5 peines met\u00e1licos de alta calidad en tama\u00f1os: 0 (1\/16&#8243;), 1 (1\/8&#8243;), 2 (1\/4&#8243;), 3 (3\/8&#8243;) y 4 (1\/2&#8243;)<\/li>\n<li>Protector de cuchilla<\/li>\n<li>Aceite<\/li>\n<\/ul>\n<p>Esta edici\u00f3n limitada de Andis Master Cordless GOLD ofrece una mezcla de lujo y rendimiento, ideal tanto para profesionales como para entusiastas que buscan una calidad y un estilo excepcionales en sus herramientas de aseo.<\/p>\n","protected":false},"excerpt":{"rendered":"<p>Andis Master Cordless GOLD &#8211; Edici\u00f3n Limitada &nbsp; Retorno de la codiciada edici\u00f3n limitada Tras una larga ausencia en el mercado, la edici\u00f3n limitada de la recortadora Master Cordless Gold regresa con gran expectaci\u00f3n. Esta edici\u00f3n se distingue por su indestructible y ligera carcasa de aluminio en un duradero color dorado personalizado, que garantiza a\u00f1os de uso fiable. &nbsp; Hoja de acero al carbono de alta calidad La hoja est\u00e1 hecha de acero al carbono, acabada en un duradero color dorado personalizado, y cuenta con ajustes de longitud ajustables. Bater\u00eda de iones de litio: Proporciona m\u00e1s de 90 minutos de autonom\u00eda con una sola carga, lo que permite largas sesiones de aseo sin necesidad de recargarla con frecuencia. Potente motor rotativo: Presume de una velocidad de la cuchilla de m\u00e1s de 7200 SPM, equipada con tecnolog\u00eda de velocidad constante para mantener el rendimiento a trav\u00e9s del vello grueso sin arrastrarlo ni calarse. Funcionamiento con o sin cable: Ofrece la flexibilidad de utilizar la recortadora con o sin cable, mejorando la maniobrabilidad y la comodidad. Indicador LED del nivel de carga de la bater\u00eda: Equipado con una luz LED que muestra el nivel de carga actual de la bater\u00eda, asegurando que siempre sepas cu\u00e1ndo es el momento de recargar. &nbsp; El kit incluye: Cortapelos Soporte de carga premium con adaptador 5 peines met\u00e1licos de alta calidad en tama\u00f1os: 0 (1\/16&#8243;), 1 (1\/8&#8243;), 2 (1\/4&#8243;), 3 (3\/8&#8243;) y 4 (1\/2&#8243;) Protector de cuchilla Aceite Esta edici\u00f3n limitada de Andis Master Cordless GOLD ofrece una mezcla de lujo y rendimiento, ideal tanto para profesionales como para entusiastas que buscan una calidad y un estilo excepcionales en sus herramientas de aseo.<\/p>\n","protected":false},"featured_media":4874,"comment_status":"closed","ping_status":"closed","template":"","meta":[],"product_brand":[],"product_cat":[80,76],"product_tag":[],"class_list":{"0":"post-4867","1":"product","2":"type-product","3":"status-publish","4":"has-post-thumbnail","6":"product_cat-clippers-es","7":"product_cat-herramientas-del-peluquero","9":"first","10":"instock","11":"shipping-taxable","12":"purchasable","13":"product-type-simple"},"_links":{"self":[{"href":"https:\/\/mr-mustache.com\/es\/wp-json\/wp\/v2\/product\/4867","targetHints":{"allow":["GET"]}}],"collection":[{"href":"https:\/\/mr-mustache.com\/es\/wp-json\/wp\/v2\/product"}],"about":[{"href":"https:\/\/mr-mustache.com\/es\/wp-json\/wp\/v2\/types\/product"}],"replies":[{"embeddable":true,"href":"https:\/\/mr-mustache.com\/es\/wp-json\/wp\/v2\/comments?post=4867"}],"version-history":[{"count":1,"href":"https:\/\/mr-mustache.com\/es\/wp-json\/wp\/v2\/product\/4867\/revisions"}],"predecessor-version":[{"id":4879,"href":"https:\/\/mr-mustache.com\/es\/wp-json\/wp\/v2\/product\/4867\/revisions\/4879"}],"wp:featuredmedia":[{"embeddable":true,"href":"https:\/\/mr-mustache.com\/es\/wp-json\/wp\/v2\/media\/4874"}],"wp:attachment":[{"href":"https:\/\/mr-mustache.com\/es\/wp-json\/wp\/v2\/media?parent=4867"}],"wp:term":[{"taxonomy":"product_brand","embeddable":true,"href":"https:\/\/mr-mustache.com\/es\/wp-json\/wp\/v2\/product_brand?post=4867"},{"taxonomy":"product_cat","embeddable":true,"href":"https:\/\/mr-mustache.com\/es\/wp-json\/wp\/v2\/product_cat?post=4867"},{"taxonomy":"product_tag","embeddable":true,"href":"https:\/\/mr-mustache.com\/es\/wp-json\/wp\/v2\/product_tag?post=4867"}],"curies":[{"name":"wp","href":"https:\/\/api.w.org\/{rel}","templated":true}]}}