{"id":4868,"date":"2024-02-16T09:04:08","date_gmt":"2024-02-16T09:04:08","guid":{"rendered":"https:\/\/mr-mustache.com\/produkt\/wahl-prolithium-beret-recortadora-profesional-sin-cable\/"},"modified":"2024-04-11T08:18:06","modified_gmt":"2024-04-11T08:18:06","slug":"wahl-prolithium-beret-recortadora-profesional-sin-cable","status":"publish","type":"product","link":"https:\/\/mr-mustache.com\/es\/produkt\/wahl-prolithium-beret-recortadora-profesional-sin-cable\/","title":{"rendered":"WAHL PROLITHIUM BERET Recortadora profesional sin cable"},"content":{"rendered":"<h1>WAHL PROLITHIUM BERET Recortadora profesional sin cable<\/h1>\n<p>&nbsp;<\/p>\n<p>Conseguir recortar con precisi\u00f3n el pelo corto es un reto importante, no s\u00f3lo para los aficionados, sino tambi\u00e9n para los estilistas experimentados. Utilizar las tijeras para este fin es un grave error, que provoca un corte inacabado y el riesgo de lesionar el cuero cabelludo o la cara. La soluci\u00f3n es un equipo profesional de una empresa acreditada.<\/p>\n<p>La <strong>recortadora profesional sin cable Wahl ProLithium Beret<\/strong> es un moderno aparato de peluquer\u00eda que se caracteriza por su funcionamiento silencioso y altamente eficiente. La bater\u00eda de iones de litio, tras una hora de carga, puede funcionar durante 75 minutos. Esta elegante recortadora se adapta c\u00f3modamente a la mano y es ligera. El juego de cuchillas cromadas es f\u00e1cil de sustituir. Esta innovadora recortadora es adecuada para contornear peinados delicados y cortar el pelo muy cerca de la cara y el cuero cabelludo.<\/p>\n<p>La <strong>recortadora profesional sin cable<\/strong> facilita el corte r\u00e1pido, incluso de mechones muy cortos, especialmente en los laterales o haciendo cortes justo contra el cuero cabelludo. La recortadora es f\u00e1cil de desconectar y no consume una gran cantidad de energ\u00eda el\u00e9ctrica. Es un aparato c\u00f3modo de mantener y limpiar. El equipo puede funcionar tanto de forma inal\u00e1mbrica como con cable. La cuchilla cromada tiene un ajuste de longitud y una longitud de corte de 0,4 mm y una anchura de 28 mm.<\/p>\n<p>&nbsp;<\/p>\n<h3><strong>Ventajas del producto:<\/strong><\/h3>\n<ul>\n<li>La tensi\u00f3n de red es de 240 V,<\/li>\n<li>El peso de la recortadora es de 120 gramos (sin cable),<\/li>\n<li>El aparato es muy f\u00e1cil de usar,<\/li>\n<li>La recortadora tiene una carcasa resistente a la humedad.<\/li>\n<\/ul>\n<p>&nbsp;<\/p>\n<p><strong>Contenido del paquete \/ Recomendaciones del fabricante:<\/strong> El set incluye los accesorios de la maquinilla: 3 mm, 6 mm, 10 mm, 13 mm, funda protectora de la cuchilla, estaci\u00f3n de carga, adaptador de corriente, cepillo de limpieza, aceite protector de 5 ml, manual de usuario en polaco, tarjeta de garant\u00eda. El fabricante recomienda engrasar regularmente las cuchillas para prolongar su vida \u00fatil y protegerlas de factores externos nocivos.<\/p>\n","protected":false},"excerpt":{"rendered":"<p>WAHL PROLITHIUM BERET Recortadora profesional sin cable &nbsp; Conseguir recortar con precisi\u00f3n el pelo corto es un reto importante, no s\u00f3lo para los aficionados, sino tambi\u00e9n para los estilistas experimentados. Utilizar las tijeras para este fin es un grave error, que provoca un corte inacabado y el riesgo de lesionar el cuero cabelludo o la cara. La soluci\u00f3n es un equipo profesional de una empresa acreditada. La recortadora profesional sin cable Wahl ProLithium Beret es un moderno aparato de peluquer\u00eda que se caracteriza por su funcionamiento silencioso y altamente eficiente. La bater\u00eda de iones de litio, tras una hora de carga, puede funcionar durante 75 minutos. Esta elegante recortadora se adapta c\u00f3modamente a la mano y es ligera. El juego de cuchillas cromadas es f\u00e1cil de sustituir. Esta innovadora recortadora es adecuada para contornear peinados delicados y cortar el pelo muy cerca de la cara y el cuero cabelludo. La recortadora profesional sin cable facilita el corte r\u00e1pido, incluso de mechones muy cortos, especialmente en los laterales o haciendo cortes justo contra el cuero cabelludo. La recortadora es f\u00e1cil de desconectar y no consume una gran cantidad de energ\u00eda el\u00e9ctrica. Es un aparato c\u00f3modo de mantener y limpiar. El equipo puede funcionar tanto de forma inal\u00e1mbrica como con cable. La cuchilla cromada tiene un ajuste de longitud y una longitud de corte de 0,4 mm y una anchura de 28 mm. &nbsp; Ventajas del producto: La tensi\u00f3n de red es de 240 V, El peso de la recortadora es de 120 gramos (sin cable), El aparato es muy f\u00e1cil de usar, La recortadora tiene una carcasa resistente a la humedad. &nbsp; Contenido del paquete \/ Recomendaciones del fabricante: El set incluye los accesorios de la maquinilla: 3 mm, 6 mm, 10 mm, 13 mm, funda protectora de la cuchilla, estaci\u00f3n de carga, adaptador de corriente, cepillo de limpieza, aceite protector de 5 ml, manual de usuario en polaco, tarjeta de garant\u00eda. El fabricante recomienda engrasar regularmente las cuchillas para prolongar su vida \u00fatil y protegerlas de factores externos nocivos.<\/p>\n","protected":false},"featured_media":4875,"comment_status":"closed","ping_status":"closed","template":"","meta":[],"product_brand":[],"product_cat":[76,77],"product_tag":[],"class_list":{"0":"post-4868","1":"product","2":"type-product","3":"status-publish","4":"has-post-thumbnail","6":"product_cat-herramientas-del-peluquero","7":"product_cat-recortadoras","9":"first","10":"instock","11":"shipping-taxable","12":"purchasable","13":"product-type-simple"},"_links":{"self":[{"href":"https:\/\/mr-mustache.com\/es\/wp-json\/wp\/v2\/product\/4868","targetHints":{"allow":["GET"]}}],"collection":[{"href":"https:\/\/mr-mustache.com\/es\/wp-json\/wp\/v2\/product"}],"about":[{"href":"https:\/\/mr-mustache.com\/es\/wp-json\/wp\/v2\/types\/product"}],"replies":[{"embeddable":true,"href":"https:\/\/mr-mustache.com\/es\/wp-json\/wp\/v2\/comments?post=4868"}],"version-history":[{"count":1,"href":"https:\/\/mr-mustache.com\/es\/wp-json\/wp\/v2\/product\/4868\/revisions"}],"predecessor-version":[{"id":4880,"href":"https:\/\/mr-mustache.com\/es\/wp-json\/wp\/v2\/product\/4868\/revisions\/4880"}],"wp:featuredmedia":[{"embeddable":true,"href":"https:\/\/mr-mustache.com\/es\/wp-json\/wp\/v2\/media\/4875"}],"wp:attachment":[{"href":"https:\/\/mr-mustache.com\/es\/wp-json\/wp\/v2\/media?parent=4868"}],"wp:term":[{"taxonomy":"product_brand","embeddable":true,"href":"https:\/\/mr-mustache.com\/es\/wp-json\/wp\/v2\/product_brand?post=4868"},{"taxonomy":"product_cat","embeddable":true,"href":"https:\/\/mr-mustache.com\/es\/wp-json\/wp\/v2\/product_cat?post=4868"},{"taxonomy":"product_tag","embeddable":true,"href":"https:\/\/mr-mustache.com\/es\/wp-json\/wp\/v2\/product_tag?post=4868"}],"curies":[{"name":"wp","href":"https:\/\/api.w.org\/{rel}","templated":true}]}}