{"id":2334,"date":"2024-01-13T23:41:31","date_gmt":"2024-01-13T23:41:31","guid":{"rendered":"https:\/\/mr-mustache.com\/produkt\/ciseaux-a-cheveux-mr-mustache-craft-rose-gold-55-60-65\/"},"modified":"2025-08-18T12:33:34","modified_gmt":"2025-08-18T12:33:34","slug":"ciseaux-a-cheveux-mr-mustache-craft-rose-gold-55-60-65","status":"publish","type":"product","link":"https:\/\/mr-mustache.com\/fr\/produkt\/ciseaux-a-cheveux-mr-mustache-craft-rose-gold-55-60-65\/","title":{"rendered":"Ciseaux de coupe Mr. Mustache Craft Rose Gold 5,5&#8243; \/ 6,0&#8243; \/ 6,5&#8243;"},"content":{"rendered":"\t\t<div data-elementor-type=\"wp-post\" data-elementor-id=\"2334\" class=\"elementor elementor-2334\">\n\t\t\t\t<div class=\"elementor-element elementor-element-2d233d5 e-con-full e-flex wpr-particle-no wpr-jarallax-no wpr-parallax-no wpr-sticky-section-no e-con e-parent\" data-id=\"2d233d5\" data-element_type=\"container\" data-e-type=\"container\">\n\t\t<div class=\"elementor-element elementor-element-5c51c12 e-con-full e-flex wpr-particle-no wpr-jarallax-no wpr-parallax-no wpr-sticky-section-no e-con e-child\" data-id=\"5c51c12\" data-element_type=\"container\" data-e-type=\"container\" data-settings=\"{&quot;background_background&quot;:&quot;classic&quot;}\">\n\t\t\t\t<div class=\"elementor-element elementor-element-190f1ab elementor-widget elementor-widget-heading\" data-id=\"190f1ab\" data-element_type=\"widget\" data-e-type=\"widget\" data-widget_type=\"heading.default\">\n\t\t\t\t<div class=\"elementor-widget-container\">\n\t\t\t\t\t<h3 class=\"elementor-heading-title elementor-size-default\">Finition \u00e0 la main<\/h3>\t\t\t\t<\/div>\n\t\t\t\t<\/div>\n\t\t\t\t<div class=\"elementor-element elementor-element-e8a57f1 elementor-widget elementor-widget-text-editor\" data-id=\"e8a57f1\" data-element_type=\"widget\" data-e-type=\"widget\" data-widget_type=\"text-editor.default\">\n\t\t\t\t<div class=\"elementor-widget-container\">\n\t\t\t\t\t\t\t\t\t<p>Gr\u00e2ce \u00e0 l&#8217;estampillage \u00e0 la main de l&#8217;acier, chaque paire de ciseaux est sp\u00e9ciale et unique.<\/p>\n\t\t\t\t\t\t\t\t<\/div>\n\t\t\t\t<\/div>\n\t\t\t\t<\/div>\n\t\t<div class=\"elementor-element elementor-element-da15630 e-con-full e-flex wpr-particle-no wpr-jarallax-no wpr-parallax-no wpr-sticky-section-no e-con e-child\" data-id=\"da15630\" data-element_type=\"container\" data-e-type=\"container\" data-settings=\"{&quot;background_background&quot;:&quot;classic&quot;}\">\n\t\t\t\t<div class=\"elementor-element elementor-element-317775a elementor-widget elementor-widget-heading\" data-id=\"317775a\" data-element_type=\"widget\" data-e-type=\"widget\" data-widget_type=\"heading.default\">\n\t\t\t\t<div class=\"elementor-widget-container\">\n\t\t\t\t\t<h3 class=\"elementor-heading-title elementor-size-default\">Profil Offset<\/h3>\t\t\t\t<\/div>\n\t\t\t\t<\/div>\n\t\t\t\t<div class=\"elementor-element elementor-element-ed32480 elementor-widget elementor-widget-text-editor\" data-id=\"ed32480\" data-element_type=\"widget\" data-e-type=\"widget\" data-widget_type=\"text-editor.default\">\n\t\t\t\t<div class=\"elementor-widget-container\">\n\t\t\t\t\t\t\t\t\t<p>Pi\u00e8ce \u00e0 main ergonomique d\u00e9cal\u00e9e qui permet un travail plus confortable et indolore pour les articulations.<\/p>\n\t\t\t\t\t\t\t\t<\/div>\n\t\t\t\t<\/div>\n\t\t\t\t<\/div>\n\t\t<div class=\"elementor-element elementor-element-ad6f4ce e-con-full e-flex wpr-particle-no wpr-jarallax-no wpr-parallax-no wpr-sticky-section-no e-con e-child\" data-id=\"ad6f4ce\" data-element_type=\"container\" data-e-type=\"container\" data-settings=\"{&quot;background_background&quot;:&quot;classic&quot;}\">\n\t\t\t\t<div class=\"elementor-element elementor-element-a260f67 elementor-widget elementor-widget-heading\" data-id=\"a260f67\" data-element_type=\"widget\" data-e-type=\"widget\" data-widget_type=\"heading.default\">\n\t\t\t\t<div class=\"elementor-widget-container\">\n\t\t\t\t\t<h3 class=\"elementor-heading-title elementor-size-default\">S\u00e9rie avanc\u00e9e<\/h3>\t\t\t\t<\/div>\n\t\t\t\t<\/div>\n\t\t\t\t<div class=\"elementor-element elementor-element-f03271f elementor-widget elementor-widget-text-editor\" data-id=\"f03271f\" data-element_type=\"widget\" data-e-type=\"widget\" data-widget_type=\"text-editor.default\">\n\t\t\t\t<div class=\"elementor-widget-container\">\n\t\t\t\t\t\t\t\t\t<p>Gr\u00e2ce \u00e0 une nouvelle proc\u00e9dure de production, la nouvelle s\u00e9rie de ciseaux se caract\u00e9rise par un tranchant tr\u00e8s \u00e9lev\u00e9.<\/p>\n\t\t\t\t\t\t\t\t<\/div>\n\t\t\t\t<\/div>\n\t\t\t\t<\/div>\n\t\t\t\t<\/div>\n\t\t<div class=\"elementor-element elementor-element-56e8ac32 e-flex e-con-boxed wpr-particle-no wpr-jarallax-no wpr-parallax-no wpr-sticky-section-no e-con e-parent\" data-id=\"56e8ac32\" data-element_type=\"container\" data-e-type=\"container\">\n\t\t\t\t\t<div class=\"e-con-inner\">\n\t\t\t\t<div class=\"elementor-element elementor-element-22b7728b elementor-widget elementor-widget-text-editor\" data-id=\"22b7728b\" data-element_type=\"widget\" data-e-type=\"widget\" data-widget_type=\"text-editor.default\">\n\t\t\t\t<div class=\"elementor-widget-container\">\n\t\t\t\t\t\t\t\t\t<p><span style=\"color: #999999;\">Les <strong>ciseaux de coiffure Craft Rose Gold<\/strong> allient un savoir-faire exquis \u00e0 des performances de pointe. Con\u00e7us pour les stylistes professionnels et les particuliers exigeants, ces ciseaux sont plus que de simples outils : ils sont un gage de qualit\u00e9 et de pr\u00e9cision.<\/span><\/p>\n<div class=\"ac-textBlock\">&nbsp;<\/div>\n<div class=\"ac-textBlock\">\n<h3><span style=\"color: #999999;\">Caract\u00e9ristiques principales :<\/span><\/h3>\n<\/div>\n<div class=\"ac-textBlock\">\n<ol>\n<li><span style=\"color: #999999;\"><span style=\"font-weight: 700;\">Japonais Acier VG10<\/span>: Fabriqu\u00e9s en acier inoxydable VG10, ces ciseaux pr\u00e9sentent une duret\u00e9 exceptionnelle, mesurant environ <strong>61-62 HRC<\/strong>. Cet acier de haute qualit\u00e9 garantit la long\u00e9vit\u00e9 et maintient le tranchant m\u00eame apr\u00e8s une utilisation prolong\u00e9e.<\/span><\/li>\n<li><span style=\"color: #999999;\"><strong>S\u00e9rie avanc\u00e9e<\/strong>: Le mod\u00e8le Craft Rose Gold appartient \u00e0 notre prestigieuse s\u00e9rie Advanced. Il se distingue par son tranchant exceptionnel qui permet des coupes pr\u00e9cises et sans effort.<\/span><\/li>\n<li><span style=\"color: #999999;\"><strong>Tension personnalisable<\/strong>: R\u00e9glez la tension des ciseaux selon vos pr\u00e9f\u00e9rences \u00e0 l&#8217;aide de la cl\u00e9 incluse. Que vous pr\u00e9f\u00e9riez un toucher plus ou moins serr\u00e9, ces ciseaux s&#8217;adaptent \u00e0 votre style de coupe.<\/span><\/li>\n<li><span style=\"color: #999999;\">Un <strong>savoir-faire impeccable<\/strong>: Chaque d\u00e9tail compte. De l&#8217;embossage orn\u00e9 autour de la vis de r\u00e9glage \u00e0 la conception ergonomique, ces ciseaux t\u00e9moignent d&#8217;un travail artisanal m\u00e9ticuleux.<\/span><\/li>\n<li><span style=\"color: #999999;\"><strong>Finition m\u00e9tallis\u00e9e or rose durable<\/strong>: La finition frappante en or rose ajoute non seulement de l&#8217;\u00e9l\u00e9gance, mais r\u00e9siste \u00e9galement \u00e0 l&#8217;usure et aux d\u00e9sinfections fr\u00e9quentes. Les ciseaux Craft Rose Gold sont aussi beaux que fonctionnels.<\/span><\/li>\n<\/ol>\n<\/div>\n<div class=\"ac-textBlock\">\n<h3><span style=\"color: #999999;\">VG10 Composition de l&#8217;acier :<\/span><\/h3>\n<\/div>\n<div class=\"ac-textBlock\">\n<ul>\n<li><span style=\"color: #999999;\"><strong>Fer (Fe<\/strong>) : Environ 79 %<\/span><\/li>\n<li><span style=\"color: #999999;\"><strong>Chrome (Cr<\/strong>) : Environ 15 %<\/span><\/li>\n<li><span style=\"color: #999999;\"><strong>Molybd\u00e8ne (Mo<\/strong>) : Environ 1 %<\/span><\/li>\n<li><span style=\"color: #999999;\"><strong>Cobalt (Co<\/strong>) : Environ 1,4 %-1,6 %<\/span><\/li>\n<li><span style=\"color: #999999;\"><strong>Carbone (C)<\/strong>: Environ 1 %<\/span><\/li>\n<li><span style=\"color: #999999;\"><strong>Vanadium (V<\/strong>) : Environ 0,25 %-0,35 %<\/span><\/li>\n<\/ul>\n<\/div>\n<div class=\"ac-textBlock\">\n<h3><span style=\"color: #999999;\">Une qualit\u00e9 sans compromis :<\/span><\/h3>\n<\/div>\n<div class=\"ac-textBlock\">\n<p><span style=\"color: #999999;\">Notre engagement en faveur de l&#8217;excellence va au-del\u00e0 de la conception. Chaque \u00e9l\u00e9ment est soumis \u00e0 des contr\u00f4les de qualit\u00e9 rigoureux pendant la production. C&#8217;est pourquoi nous offrons en toute confiance une <strong>garantie de 5 ans<\/strong>.<\/span><\/p>\n<\/div>\n<div class=\"ac-textBlock\">\n<\/div>\n<div class=\"ac-textBlock\">\n<h3><span style=\"color: #999999;\"><b>Japonais Acier VG10<\/b> &#8211; Le tranchant ultime :<\/span><\/h3>\n<\/div>\n<div class=\"ac-textBlock\">\n<p><span style=\"color: #999999;\">Fabriqu\u00e9s \u00e0 la main en acier VG10 de haute qualit\u00e9, ces ciseaux red\u00e9finissent la notion de tranchant. Le VG10 a \u00e9t\u00e9 sp\u00e9cialement d\u00e9velopp\u00e9 pour cr\u00e9er les couteaux et les ciseaux de coiffure les plus tranchants. Non seulement il offre une durabilit\u00e9 exceptionnelle, mais il maintient \u00e9galement le tranchant des ar\u00eates pendant de longues p\u00e9riodes d&#8217;utilisation.<\/span><\/p>\n<\/div>\n<div class=\"ac-textBlock\">\n<p><span style=\"color: #999999;\">Avec nos ciseaux, les coiffeurs peuvent r\u00e9aliser des coupes pr\u00e9cises et nettes \u00e0 chaque coup. <\/span><\/p>\n<\/div>\n<div class=\"ac-textBlock\">\n<\/div>\n<div class=\"ac-textBlock\">\n<p><span style=\"color: #999999;\">Am\u00e9liorez votre exp\u00e9rience de la coiffure avec Craft Rose Gold, l&#8217;incarnation de l&#8217;\u00e9l\u00e9gance, de la pr\u00e9cision et de la long\u00e9vit\u00e9.<\/span><\/p>\n<\/div>\n<div class=\"ac-textBlock\">\n<p><span style=\"color: #999999;\"><strong>Ciseaux Mr. Mustache<\/strong>: Disponible d\u00e8s maintenant pour ceux qui exigent l&#8217;excellence.<\/span><\/p>\n<\/div>\t\t\t\t\t\t\t\t<\/div>\n\t\t\t\t<\/div>\n\t\t\t\t\t<\/div>\n\t\t\t\t<\/div>\n\t\t\t\t<\/div>\n\t\t","protected":false},"excerpt":{"rendered":"<p>Finition \u00e0 la main Gr\u00e2ce \u00e0 l&#8217;estampillage \u00e0 la main de l&#8217;acier, chaque paire de ciseaux est sp\u00e9ciale et unique. Profil Offset Pi\u00e8ce \u00e0 main ergonomique d\u00e9cal\u00e9e qui permet un travail plus confortable et indolore pour les articulations. S\u00e9rie avanc\u00e9e Gr\u00e2ce \u00e0 une nouvelle proc\u00e9dure de production, la nouvelle s\u00e9rie de ciseaux se caract\u00e9rise par un tranchant tr\u00e8s \u00e9lev\u00e9. Les ciseaux de coiffure Craft Rose Gold allient un savoir-faire exquis \u00e0 des performances de pointe. Con\u00e7us pour les stylistes professionnels et les particuliers exigeants, ces ciseaux sont plus que de simples outils : ils sont un gage de qualit\u00e9 et de pr\u00e9cision. &nbsp; Caract\u00e9ristiques principales : Japonais Acier VG10: Fabriqu\u00e9s en acier inoxydable VG10, ces ciseaux pr\u00e9sentent une duret\u00e9 exceptionnelle, mesurant environ 61-62 HRC. Cet acier de haute qualit\u00e9 garantit la long\u00e9vit\u00e9 et maintient le tranchant m\u00eame apr\u00e8s une utilisation prolong\u00e9e. S\u00e9rie avanc\u00e9e: Le mod\u00e8le Craft Rose Gold appartient \u00e0 notre prestigieuse s\u00e9rie Advanced. Il se distingue par son tranchant exceptionnel qui permet des coupes pr\u00e9cises et sans effort. Tension personnalisable: R\u00e9glez la tension des ciseaux selon vos pr\u00e9f\u00e9rences \u00e0 l&#8217;aide de la cl\u00e9 incluse. Que vous pr\u00e9f\u00e9riez un toucher plus ou moins serr\u00e9, ces ciseaux s&#8217;adaptent \u00e0 votre style de coupe. Un savoir-faire impeccable: Chaque d\u00e9tail compte. De l&#8217;embossage orn\u00e9 autour de la vis de r\u00e9glage \u00e0 la conception ergonomique, ces ciseaux t\u00e9moignent d&#8217;un travail artisanal m\u00e9ticuleux. Finition m\u00e9tallis\u00e9e or rose durable: La finition frappante en or rose ajoute non seulement de l&#8217;\u00e9l\u00e9gance, mais r\u00e9siste \u00e9galement \u00e0 l&#8217;usure et aux d\u00e9sinfections fr\u00e9quentes. Les ciseaux Craft Rose Gold sont aussi beaux que fonctionnels. VG10 Composition de l&#8217;acier : Fer (Fe) : Environ 79 % Chrome (Cr) : Environ 15 % Molybd\u00e8ne (Mo) : Environ 1 % Cobalt (Co) : Environ 1,4 %-1,6 % Carbone (C): Environ 1 % Vanadium (V) : Environ 0,25 %-0,35 % Une qualit\u00e9 sans compromis : Notre engagement en faveur de l&#8217;excellence va au-del\u00e0 de la conception. Chaque \u00e9l\u00e9ment est soumis \u00e0 des contr\u00f4les de qualit\u00e9 rigoureux pendant la production. C&#8217;est pourquoi nous offrons en toute confiance une garantie de 5 ans. Japonais Acier VG10 &#8211; Le tranchant ultime : Fabriqu\u00e9s \u00e0 la main en acier VG10 de haute qualit\u00e9, ces ciseaux red\u00e9finissent la notion de tranchant. Le VG10 a \u00e9t\u00e9 sp\u00e9cialement d\u00e9velopp\u00e9 pour cr\u00e9er les couteaux et les ciseaux de coiffure les plus tranchants. Non seulement il offre une durabilit\u00e9 exceptionnelle, mais il maintient \u00e9galement le tranchant des ar\u00eates pendant de longues p\u00e9riodes d&#8217;utilisation. Avec nos ciseaux, les coiffeurs peuvent r\u00e9aliser des coupes pr\u00e9cises et nettes \u00e0 chaque coup. Am\u00e9liorez votre exp\u00e9rience de la coiffure avec Craft Rose Gold, l&#8217;incarnation de l&#8217;\u00e9l\u00e9gance, de la pr\u00e9cision et de la long\u00e9vit\u00e9. Ciseaux Mr. Mustache: Disponible d\u00e8s maintenant pour ceux qui exigent l&#8217;excellence.<\/p>\n","protected":false},"featured_media":3395,"comment_status":"closed","ping_status":"closed","template":"","meta":[],"product_brand":[],"product_cat":[57,58],"product_tag":[],"class_list":{"0":"post-2334","1":"product","2":"type-product","3":"status-publish","4":"has-post-thumbnail","6":"product_cat-ciseaux","7":"product_cat-ciseaux-de-coupe","9":"first","10":"instock","11":"shipping-taxable","12":"purchasable","13":"product-type-variable","14":"has-default-attributes"},"_links":{"self":[{"href":"https:\/\/mr-mustache.com\/fr\/wp-json\/wp\/v2\/product\/2334","targetHints":{"allow":["GET"]}}],"collection":[{"href":"https:\/\/mr-mustache.com\/fr\/wp-json\/wp\/v2\/product"}],"about":[{"href":"https:\/\/mr-mustache.com\/fr\/wp-json\/wp\/v2\/types\/product"}],"replies":[{"embeddable":true,"href":"https:\/\/mr-mustache.com\/fr\/wp-json\/wp\/v2\/comments?post=2334"}],"version-history":[{"count":10,"href":"https:\/\/mr-mustache.com\/fr\/wp-json\/wp\/v2\/product\/2334\/revisions"}],"predecessor-version":[{"id":5381,"href":"https:\/\/mr-mustache.com\/fr\/wp-json\/wp\/v2\/product\/2334\/revisions\/5381"}],"wp:featuredmedia":[{"embeddable":true,"href":"https:\/\/mr-mustache.com\/fr\/wp-json\/wp\/v2\/media\/3395"}],"wp:attachment":[{"href":"https:\/\/mr-mustache.com\/fr\/wp-json\/wp\/v2\/media?parent=2334"}],"wp:term":[{"taxonomy":"product_brand","embeddable":true,"href":"https:\/\/mr-mustache.com\/fr\/wp-json\/wp\/v2\/product_brand?post=2334"},{"taxonomy":"product_cat","embeddable":true,"href":"https:\/\/mr-mustache.com\/fr\/wp-json\/wp\/v2\/product_cat?post=2334"},{"taxonomy":"product_tag","embeddable":true,"href":"https:\/\/mr-mustache.com\/fr\/wp-json\/wp\/v2\/product_tag?post=2334"}],"curies":[{"name":"wp","href":"https:\/\/api.w.org\/{rel}","templated":true}]}}