{"id":2852,"date":"2024-02-11T09:30:43","date_gmt":"2024-02-11T09:30:43","guid":{"rendered":"https:\/\/mr-mustache.com\/produkt\/ciseaux-a-cheveux-mr-moustache-crusander-63-en-anglais\/"},"modified":"2025-09-10T05:44:09","modified_gmt":"2025-09-10T05:44:09","slug":"ciseaux-a-cheveux-mr-moustache-crusander-63-en-anglais","status":"publish","type":"product","link":"https:\/\/mr-mustache.com\/fr\/produkt\/ciseaux-a-cheveux-mr-moustache-crusander-63-en-anglais\/","title":{"rendered":"Ciseaux de coupe Mr. Mustache Crusander 6,0&#8243;"},"content":{"rendered":"\t\t<div data-elementor-type=\"wp-post\" data-elementor-id=\"2852\" class=\"elementor elementor-2852\">\n\t\t\t\t<div class=\"elementor-element elementor-element-30cafadc e-flex e-con-boxed wpr-particle-no wpr-jarallax-no wpr-parallax-no wpr-sticky-section-no e-con e-parent\" data-id=\"30cafadc\" data-element_type=\"container\" data-e-type=\"container\">\n\t\t\t\t\t<div class=\"e-con-inner\">\n\t\t<div class=\"elementor-element elementor-element-3d30c4a e-con-full e-flex wpr-particle-no wpr-jarallax-no wpr-parallax-no wpr-sticky-section-no e-con e-child\" data-id=\"3d30c4a\" data-element_type=\"container\" data-e-type=\"container\">\n\t\t<div class=\"elementor-element elementor-element-6c8857e e-con-full e-flex wpr-particle-no wpr-jarallax-no wpr-parallax-no wpr-sticky-section-no e-con e-child\" data-id=\"6c8857e\" data-element_type=\"container\" data-e-type=\"container\" data-settings=\"{&quot;background_background&quot;:&quot;classic&quot;}\">\n\t\t\t\t<div class=\"elementor-element elementor-element-d292fd0 elementor-widget elementor-widget-heading\" data-id=\"d292fd0\" data-element_type=\"widget\" data-e-type=\"widget\" data-widget_type=\"heading.default\">\n\t\t\t\t<div class=\"elementor-widget-container\">\n\t\t\t\t\t<h3 class=\"elementor-heading-title elementor-size-default\">Roulement \u00e0 billes \u00e0 miroir<\/h3>\t\t\t\t<\/div>\n\t\t\t\t<\/div>\n\t\t\t\t<div class=\"elementor-element elementor-element-cc730ce elementor-widget elementor-widget-text-editor\" data-id=\"cc730ce\" data-element_type=\"widget\" data-e-type=\"widget\" data-widget_type=\"text-editor.default\">\n\t\t\t\t<div class=\"elementor-widget-container\">\n\t\t\t\t\t\t\t\t\t<p>La vis \u00e0 roulement \u00e0 billes rend le mouvement des ciseaux plus fluide.<\/p>\n\t\t\t\t\t\t\t\t<\/div>\n\t\t\t\t<\/div>\n\t\t\t\t<\/div>\n\t\t<div class=\"elementor-element elementor-element-74d0c8d e-con-full e-flex wpr-particle-no wpr-jarallax-no wpr-parallax-no wpr-sticky-section-no e-con e-child\" data-id=\"74d0c8d\" data-element_type=\"container\" data-e-type=\"container\" data-settings=\"{&quot;background_background&quot;:&quot;classic&quot;}\">\n\t\t\t\t<div class=\"elementor-element elementor-element-24fc513 elementor-widget elementor-widget-heading\" data-id=\"24fc513\" data-element_type=\"widget\" data-e-type=\"widget\" data-widget_type=\"heading.default\">\n\t\t\t\t<div class=\"elementor-widget-container\">\n\t\t\t\t\t<h3 class=\"elementor-heading-title elementor-size-default\">Profil Curvy<\/h3>\t\t\t\t<\/div>\n\t\t\t\t<\/div>\n\t\t\t\t<div class=\"elementor-element elementor-element-55c0780 elementor-widget elementor-widget-text-editor\" data-id=\"55c0780\" data-element_type=\"widget\" data-e-type=\"widget\" data-widget_type=\"text-editor.default\">\n\t\t\t\t<div class=\"elementor-widget-container\">\n\t\t\t\t\t\t\t\t\t<p>Le profil de main le plus ergonomique au monde.<\/p>\n\t\t\t\t\t\t\t\t<\/div>\n\t\t\t\t<\/div>\n\t\t\t\t<\/div>\n\t\t<div class=\"elementor-element elementor-element-701c700 e-con-full e-flex wpr-particle-no wpr-jarallax-no wpr-parallax-no wpr-sticky-section-no e-con e-child\" data-id=\"701c700\" data-element_type=\"container\" data-e-type=\"container\" data-settings=\"{&quot;background_background&quot;:&quot;classic&quot;}\">\n\t\t\t\t<div class=\"elementor-element elementor-element-0b49425 elementor-widget elementor-widget-heading\" data-id=\"0b49425\" data-element_type=\"widget\" data-e-type=\"widget\" data-widget_type=\"heading.default\">\n\t\t\t\t<div class=\"elementor-widget-container\">\n\t\t\t\t\t<h3 class=\"elementor-heading-title elementor-size-default\">S\u00e9rie avanc\u00e9e<\/h3>\t\t\t\t<\/div>\n\t\t\t\t<\/div>\n\t\t\t\t<div class=\"elementor-element elementor-element-cc90a36 elementor-widget elementor-widget-text-editor\" data-id=\"cc90a36\" data-element_type=\"widget\" data-e-type=\"widget\" data-widget_type=\"text-editor.default\">\n\t\t\t\t<div class=\"elementor-widget-container\">\n\t\t\t\t\t\t\t\t\t<p>Gr\u00e2ce \u00e0 une nouvelle proc\u00e9dure de production, la nouvelle s\u00e9rie de ciseaux se caract\u00e9rise par un tranchant tr\u00e8s \u00e9lev\u00e9.<\/p>\n\t\t\t\t\t\t\t\t<\/div>\n\t\t\t\t<\/div>\n\t\t\t\t<\/div>\n\t\t\t\t<\/div>\n\t\t\t\t<div class=\"elementor-element elementor-element-3789f30a elementor-widget elementor-widget-text-editor\" data-id=\"3789f30a\" data-element_type=\"widget\" data-e-type=\"widget\" data-widget_type=\"text-editor.default\">\n\t\t\t\t<div class=\"elementor-widget-container\">\n\t\t\t\t\t\t\t\t\t<div class=\"ac-textBlock\"><p><span style=\"color: #999999;\">Les <strong>ciseaux de coiffure Crusander<\/strong> allient un savoir-faire exquis \u00e0 des performances de pointe. Con\u00e7us pour les stylistes professionnels et les particuliers exigeants, ces ciseaux sont plus que de simples outils : ils sont un gage de qualit\u00e9 et de pr\u00e9cision. <\/span><\/p><p><span style=\"color: #999999;\">Vous pouvez l&#8217;utiliser pour tous les types de coupe : coupe en <b>diagonale, coupe en pointe et coupe standard \u00e0 sec ou \u00e0 l&#8217;eau<\/b>.<\/span><\/p><\/div><div class=\"ac-textBlock\"><h3><span style=\"color: #999999;\">Caract\u00e9ristiques principales :<\/span><\/h3><\/div><div class=\"ac-textBlock\"><ol><li><span style=\"color: #999999;\"><span style=\"font-weight: bold; font-size: 16px;\">Japonais Acier VG10<\/span>: Fabriqu\u00e9s en acier inoxydable VG10, ces ciseaux pr\u00e9sentent une duret\u00e9 exceptionnelle, mesurant environ <strong>61-62 HRC<\/strong>. Cet acier de haute qualit\u00e9 garantit la long\u00e9vit\u00e9 et maintient le tranchant m\u00eame apr\u00e8s une utilisation prolong\u00e9e.<\/span><\/li><\/ol><\/div><div class=\"ac-textBlock\"><ol start=\"2\"><li><span style=\"color: #999999;\"><strong>S\u00e9rie avanc\u00e9e<\/strong>: Le mod\u00e8le Crusander appartient \u00e0 notre prestigieuse s\u00e9rie Advanced. Il se distingue par son tranchant exceptionnel qui permet des coupes pr\u00e9cises et sans effort.<\/span><\/li><\/ol><\/div><div class=\"ac-textBlock\"><ol start=\"3\"><li><span style=\"color: #999999;\"><strong>Tension personnalisable<\/strong>: R\u00e9glez la tension des ciseaux selon vos pr\u00e9f\u00e9rences \u00e0 l&#8217;aide de la cl\u00e9 incluse. Que vous pr\u00e9f\u00e9riez un toucher plus ou moins serr\u00e9, ces ciseaux s&#8217;adaptent \u00e0 votre style de coupe.<\/span><\/li><\/ol><\/div><div class=\"ac-textBlock\"><ol start=\"4\"><li><span style=\"color: #999999;\">Un <strong>savoir-faire impeccable<\/strong>: Chaque d\u00e9tail compte. De l&#8217;embossage orn\u00e9 autour de la vis de r\u00e9glage \u00e0 la conception ergonomique, ces ciseaux t\u00e9moignent d&#8217;un travail artisanal m\u00e9ticuleux.<\/span><\/li><\/ol><\/div><div class=\"ac-textBlock\"><ol start=\"5\"><li><span style=\"color: #999999;\">Le <b>profil incurv\u00e9 <\/b>est le plus ergonomique des ciseaux du march\u00e9.<\/span><\/li><\/ol><\/div><div class=\"ac-textBlock\"><h3><span style=\"color: #999999;\">VG10 Composition de l&#8217;acier :<\/span><\/h3><\/div><div class=\"ac-textBlock\"><ul><li><span style=\"color: #999999;\"><strong>Fer (Fe<\/strong>) : Environ 79 %<\/span><\/li><\/ul><\/div><div class=\"ac-textBlock\"><ul><li><span style=\"color: #999999;\"><strong>Chrome (Cr<\/strong>) : Environ 15 %<\/span><\/li><\/ul><\/div><div class=\"ac-textBlock\"><ul><li><span style=\"color: #999999;\"><strong>Molybd\u00e8ne (Mo<\/strong>) : Environ 1 %<\/span><\/li><\/ul><\/div><div class=\"ac-textBlock\"><ul><li><span style=\"color: #999999;\"><strong>Cobalt (Co<\/strong>) : Environ 1,4 %-1,6 %<\/span><\/li><\/ul><\/div><div class=\"ac-textBlock\"><ul><li><span style=\"color: #999999;\"><strong>Carbone (C)<\/strong>: Environ 1 %<\/span><\/li><\/ul><\/div><div class=\"ac-textBlock\"><ul><li><span style=\"color: #999999;\"><strong>Vanadium (V<\/strong>) : Environ 0,25 %-0,35 %<\/span><\/li><\/ul><\/div><div class=\"ac-textBlock\"><h3><span style=\"color: #999999;\">Une qualit\u00e9 sans compromis :<\/span><\/h3><\/div><div class=\"ac-textBlock\"><p><span style=\"color: #999999;\">Notre engagement en faveur de l&#8217;excellence va au-del\u00e0 de la conception. Chaque \u00e9l\u00e9ment est soumis \u00e0 des contr\u00f4les de qualit\u00e9 rigoureux pendant la production. C&#8217;est pourquoi nous offrons en toute confiance une <strong>garantie de 5 ans sur<\/strong> les ciseaux.<\/span><\/p><\/div><div class=\"ac-textBlock\"><h3><span style=\"color: #999999;\"><b>Japonais Acier VG10<\/b> &#8211; Le tranchant ultime :<\/span><\/h3><\/div><div class=\"ac-textBlock\"><p><span style=\"color: #999999;\">Fabriqu\u00e9s \u00e0 la main en acier VG10 de haute qualit\u00e9, ces ciseaux red\u00e9finissent la notion de tranchant. Le VG10 a \u00e9t\u00e9 sp\u00e9cialement d\u00e9velopp\u00e9 pour cr\u00e9er les couteaux et les ciseaux de coiffure les plus tranchants. Non seulement il offre une durabilit\u00e9 exceptionnelle, mais il maintient \u00e9galement le tranchant des ar\u00eates pendant de longues p\u00e9riodes d&#8217;utilisation.<\/span><\/p><\/div><div class=\"ac-textBlock\"><p><span style=\"color: #999999;\">Avec les ciseaux Crusander, les coiffeurs peuvent r\u00e9aliser des coupes pr\u00e9cises et nettes \u00e0 chaque coup.<\/span><\/p><\/div><div class=\"ac-textBlock\">\u00a0<\/div><div class=\"ac-textBlock\"><p><span style=\"color: #999999;\">Am\u00e9liorez votre exp\u00e9rience de la coiffure avec nos ciseaux &#8211; l&#8217;incarnation de l&#8217;\u00e9l\u00e9gance, de la pr\u00e9cision et de la long\u00e9vit\u00e9.<\/span><\/p><\/div><div class=\"ac-textBlock\"><p><span style=\"color: #999999;\"><strong>Ciseaux Mr. Mustache<\/strong>: Disponible d\u00e8s maintenant pour ceux qui exigent l&#8217;excellence.<\/span><\/p><\/div>\t\t\t\t\t\t\t\t<\/div>\n\t\t\t\t<\/div>\n\t\t\t\t\t<\/div>\n\t\t\t\t<\/div>\n\t\t\t\t<\/div>\n\t\t","protected":false},"excerpt":{"rendered":"<p>Roulement \u00e0 billes \u00e0 miroir La vis \u00e0 roulement \u00e0 billes rend le mouvement des ciseaux plus fluide. Profil Curvy Le profil de main le plus ergonomique au monde. S\u00e9rie avanc\u00e9e Gr\u00e2ce \u00e0 une nouvelle proc\u00e9dure de production, la nouvelle s\u00e9rie de ciseaux se caract\u00e9rise par un tranchant tr\u00e8s \u00e9lev\u00e9. Les ciseaux de coiffure Crusander allient un savoir-faire exquis \u00e0 des performances de pointe. Con\u00e7us pour les stylistes professionnels et les particuliers exigeants, ces ciseaux sont plus que de simples outils : ils sont un gage de qualit\u00e9 et de pr\u00e9cision. Vous pouvez l&#8217;utiliser pour tous les types de coupe : coupe en diagonale, coupe en pointe et coupe standard \u00e0 sec ou \u00e0 l&#8217;eau. Caract\u00e9ristiques principales : Japonais Acier VG10: Fabriqu\u00e9s en acier inoxydable VG10, ces ciseaux pr\u00e9sentent une duret\u00e9 exceptionnelle, mesurant environ 61-62 HRC. Cet acier de haute qualit\u00e9 garantit la long\u00e9vit\u00e9 et maintient le tranchant m\u00eame apr\u00e8s une utilisation prolong\u00e9e. S\u00e9rie avanc\u00e9e: Le mod\u00e8le Crusander appartient \u00e0 notre prestigieuse s\u00e9rie Advanced. Il se distingue par son tranchant exceptionnel qui permet des coupes pr\u00e9cises et sans effort. Tension personnalisable: R\u00e9glez la tension des ciseaux selon vos pr\u00e9f\u00e9rences \u00e0 l&#8217;aide de la cl\u00e9 incluse. Que vous pr\u00e9f\u00e9riez un toucher plus ou moins serr\u00e9, ces ciseaux s&#8217;adaptent \u00e0 votre style de coupe. Un savoir-faire impeccable: Chaque d\u00e9tail compte. De l&#8217;embossage orn\u00e9 autour de la vis de r\u00e9glage \u00e0 la conception ergonomique, ces ciseaux t\u00e9moignent d&#8217;un travail artisanal m\u00e9ticuleux. Le profil incurv\u00e9 est le plus ergonomique des ciseaux du march\u00e9. VG10 Composition de l&#8217;acier : Fer (Fe) : Environ 79 % Chrome (Cr) : Environ 15 % Molybd\u00e8ne (Mo) : Environ 1 % Cobalt (Co) : Environ 1,4 %-1,6 % Carbone (C): Environ 1 % Vanadium (V) : Environ 0,25 %-0,35 % Une qualit\u00e9 sans compromis : Notre engagement en faveur de l&#8217;excellence va au-del\u00e0 de la conception. Chaque \u00e9l\u00e9ment est soumis \u00e0 des contr\u00f4les de qualit\u00e9 rigoureux pendant la production. C&#8217;est pourquoi nous offrons en toute confiance une garantie de 5 ans sur les ciseaux. Japonais Acier VG10 &#8211; Le tranchant ultime : Fabriqu\u00e9s \u00e0 la main en acier VG10 de haute qualit\u00e9, ces ciseaux red\u00e9finissent la notion de tranchant. Le VG10 a \u00e9t\u00e9 sp\u00e9cialement d\u00e9velopp\u00e9 pour cr\u00e9er les couteaux et les ciseaux de coiffure les plus tranchants. Non seulement il offre une durabilit\u00e9 exceptionnelle, mais il maintient \u00e9galement le tranchant des ar\u00eates pendant de longues p\u00e9riodes d&#8217;utilisation. Avec les ciseaux Crusander, les coiffeurs peuvent r\u00e9aliser des coupes pr\u00e9cises et nettes \u00e0 chaque coup. Am\u00e9liorez votre exp\u00e9rience de la coiffure avec nos ciseaux &#8211; l&#8217;incarnation de l&#8217;\u00e9l\u00e9gance, de la pr\u00e9cision et de la long\u00e9vit\u00e9. Ciseaux Mr. Mustache: Disponible d\u00e8s maintenant pour ceux qui exigent l&#8217;excellence.<\/p>\n","protected":false},"featured_media":3374,"comment_status":"closed","ping_status":"closed","template":"","meta":[],"product_brand":[],"product_cat":[57,58],"product_tag":[],"class_list":{"0":"post-2852","1":"product","2":"type-product","3":"status-publish","4":"has-post-thumbnail","6":"product_cat-ciseaux","7":"product_cat-ciseaux-de-coupe","9":"first","10":"instock","11":"shipping-taxable","12":"purchasable","13":"product-type-simple"},"_links":{"self":[{"href":"https:\/\/mr-mustache.com\/fr\/wp-json\/wp\/v2\/product\/2852","targetHints":{"allow":["GET"]}}],"collection":[{"href":"https:\/\/mr-mustache.com\/fr\/wp-json\/wp\/v2\/product"}],"about":[{"href":"https:\/\/mr-mustache.com\/fr\/wp-json\/wp\/v2\/types\/product"}],"replies":[{"embeddable":true,"href":"https:\/\/mr-mustache.com\/fr\/wp-json\/wp\/v2\/comments?post=2852"}],"version-history":[{"count":15,"href":"https:\/\/mr-mustache.com\/fr\/wp-json\/wp\/v2\/product\/2852\/revisions"}],"predecessor-version":[{"id":6911,"href":"https:\/\/mr-mustache.com\/fr\/wp-json\/wp\/v2\/product\/2852\/revisions\/6911"}],"wp:featuredmedia":[{"embeddable":true,"href":"https:\/\/mr-mustache.com\/fr\/wp-json\/wp\/v2\/media\/3374"}],"wp:attachment":[{"href":"https:\/\/mr-mustache.com\/fr\/wp-json\/wp\/v2\/media?parent=2852"}],"wp:term":[{"taxonomy":"product_brand","embeddable":true,"href":"https:\/\/mr-mustache.com\/fr\/wp-json\/wp\/v2\/product_brand?post=2852"},{"taxonomy":"product_cat","embeddable":true,"href":"https:\/\/mr-mustache.com\/fr\/wp-json\/wp\/v2\/product_cat?post=2852"},{"taxonomy":"product_tag","embeddable":true,"href":"https:\/\/mr-mustache.com\/fr\/wp-json\/wp\/v2\/product_tag?post=2852"}],"curies":[{"name":"wp","href":"https:\/\/api.w.org\/{rel}","templated":true}]}}