{"id":2955,"date":"2024-02-16T09:04:30","date_gmt":"2024-02-16T09:04:30","guid":{"rendered":"https:\/\/mr-mustache.com\/produkt\/stylecraft-sc-rebel-hair-clipper\/"},"modified":"2024-04-04T08:47:59","modified_gmt":"2024-04-04T08:47:59","slug":"stylecraft-sc-rebel-hair-clipper","status":"publish","type":"product","link":"https:\/\/mr-mustache.com\/fr\/produkt\/stylecraft-sc-rebel-hair-clipper\/","title":{"rendered":"STYLECRAFT S|C REBEL Tondeuse de coupe"},"content":{"rendered":"<h1><strong>StyleCraft &#8211; Tondeuse \u00e0 cheveux S|C Rebel<\/strong><\/h1>\n<p>&nbsp;<\/p>\n<h3><strong>La tondeuse \u00e0 cheveux la plus puissante<\/strong><\/h3>\n<p>Rebel est plus puissant que jamais, avec un moteur rotatif d&#8217;une puissance de 7200 tours\/minute, tout en se caract\u00e9risant par un faible niveau de bruit et de vibrations. Il offre une autonomie de 3 heures sans fil. L&#8217;ensemble comprend une base de chargement avec une prise pour la batterie lithium-ion, offrant ainsi une autre option d&#8217;alimentation. Il peut \u00eatre recharg\u00e9 via un connecteur Micro-USB, ce qui le rend facile \u00e0 transporter. Rebel est livr\u00e9 avec 3 housses interchangeables pour la personnalisation avec des \u00e9l\u00e9ments roses, bleus ou noirs &#8211; tous orn\u00e9s du logo Rebel et d&#8217;une lumi\u00e8re incandescente pendant l&#8217;utilisation. Ils sont tr\u00e8s faciles \u00e0 modifier pour s&#8217;adapter \u00e0 votre propre style. Un crochet de suspension assure l&#8217;efficacit\u00e9 et le rangement.<\/p>\n<p>&nbsp;<\/p>\n<h3><strong>Sp\u00e9cifications :<\/strong><\/h3>\n<ul>\n<li>Puissance du moteur de 7200 tr\/min<\/li>\n<li>Lame en fibre de carbone Black Diamond \u00e0 dents \u00e9troites et lame fixe hybride Faper en fibre de carbone Black Diamond<\/li>\n<li>La batterie au lithium-ion offre 3 heures d&#8217;utilisation sans fil et se recharge rapidement en 1 heure.<\/li>\n<li>La lame enti\u00e8rement r\u00e9glable peut \u00eatre facilement remise \u00e0 z\u00e9ro<\/li>\n<li>Levier d&#8217;encliquetage configurable ou contr\u00f4le du c\u00f4ne freestyle avec 5 positions d&#8217;encliquetage<\/li>\n<li>Support de charge universel et chargeur micro-USB<\/li>\n<li>3 couvertures suppl\u00e9mentaires avec boucle de suspension<\/li>\n<li>Jeu de 8 attaches magn\u00e9tiques noires<\/li>\n<li>Con\u00e7u et fabriqu\u00e9 aux \u00c9tats-Unis<\/li>\n<\/ul>\n<p>&nbsp;<\/p>\n<h3><strong>Inclus dans le paquet :<\/strong><\/h3>\n<ul>\n<li>StyleCraft &#8211; S|C Tondeuse \u00e0 cheveux Rebel<\/li>\n<li>Lame Black Diamond DLC Faper<\/li>\n<li>DLC Black Diamond avec dents \u00e9troites<\/li>\n<li>8 attaches magn\u00e9tiques (1\/16&#8243;, 1\/8&#8243;, 3\/16&#8243;, 1\/4&#8243;, 3\/8&#8243;, 1\/2&#8243;, 5\/8&#8243;, 3\/4&#8243;)<\/li>\n<li>Couvercle de lame<\/li>\n<li>Support de chargement avec option de chargement micro-USB<\/li>\n<li>C\u00e2ble<\/li>\n<li>Kit de nettoyage\/entretien<\/li>\n<li>Tournevis<\/li>\n<\/ul>\n","protected":false},"excerpt":{"rendered":"<p>StyleCraft &#8211; Tondeuse \u00e0 cheveux S|C Rebel &nbsp; La tondeuse \u00e0 cheveux la plus puissante Rebel est plus puissant que jamais, avec un moteur rotatif d&#8217;une puissance de 7200 tours\/minute, tout en se caract\u00e9risant par un faible niveau de bruit et de vibrations. Il offre une autonomie de 3 heures sans fil. L&#8217;ensemble comprend une base de chargement avec une prise pour la batterie lithium-ion, offrant ainsi une autre option d&#8217;alimentation. Il peut \u00eatre recharg\u00e9 via un connecteur Micro-USB, ce qui le rend facile \u00e0 transporter. Rebel est livr\u00e9 avec 3 housses interchangeables pour la personnalisation avec des \u00e9l\u00e9ments roses, bleus ou noirs &#8211; tous orn\u00e9s du logo Rebel et d&#8217;une lumi\u00e8re incandescente pendant l&#8217;utilisation. Ils sont tr\u00e8s faciles \u00e0 modifier pour s&#8217;adapter \u00e0 votre propre style. Un crochet de suspension assure l&#8217;efficacit\u00e9 et le rangement. &nbsp; Sp\u00e9cifications : Puissance du moteur de 7200 tr\/min Lame en fibre de carbone Black Diamond \u00e0 dents \u00e9troites et lame fixe hybride Faper en fibre de carbone Black Diamond La batterie au lithium-ion offre 3 heures d&#8217;utilisation sans fil et se recharge rapidement en 1 heure. La lame enti\u00e8rement r\u00e9glable peut \u00eatre facilement remise \u00e0 z\u00e9ro Levier d&#8217;encliquetage configurable ou contr\u00f4le du c\u00f4ne freestyle avec 5 positions d&#8217;encliquetage Support de charge universel et chargeur micro-USB 3 couvertures suppl\u00e9mentaires avec boucle de suspension Jeu de 8 attaches magn\u00e9tiques noires Con\u00e7u et fabriqu\u00e9 aux \u00c9tats-Unis &nbsp; Inclus dans le paquet : StyleCraft &#8211; S|C Tondeuse \u00e0 cheveux Rebel Lame Black Diamond DLC Faper DLC Black Diamond avec dents \u00e9troites 8 attaches magn\u00e9tiques (1\/16&#8243;, 1\/8&#8243;, 3\/16&#8243;, 1\/4&#8243;, 3\/8&#8243;, 1\/2&#8243;, 5\/8&#8243;, 3\/4&#8243;) Couvercle de lame Support de chargement avec option de chargement micro-USB C\u00e2ble Kit de nettoyage\/entretien Tournevis<\/p>\n","protected":false},"featured_media":2216,"comment_status":"closed","ping_status":"closed","template":"","meta":[],"product_brand":[],"product_cat":[62,63],"product_tag":[],"class_list":{"0":"post-2955","1":"product","2":"type-product","3":"status-publish","4":"has-post-thumbnail","6":"product_cat-outils-de-coiffure","7":"product_cat-tondeuse-de-coupe","9":"first","10":"instock","11":"shipping-taxable","12":"purchasable","13":"product-type-simple"},"_links":{"self":[{"href":"https:\/\/mr-mustache.com\/fr\/wp-json\/wp\/v2\/product\/2955","targetHints":{"allow":["GET"]}}],"collection":[{"href":"https:\/\/mr-mustache.com\/fr\/wp-json\/wp\/v2\/product"}],"about":[{"href":"https:\/\/mr-mustache.com\/fr\/wp-json\/wp\/v2\/types\/product"}],"replies":[{"embeddable":true,"href":"https:\/\/mr-mustache.com\/fr\/wp-json\/wp\/v2\/comments?post=2955"}],"version-history":[{"count":4,"href":"https:\/\/mr-mustache.com\/fr\/wp-json\/wp\/v2\/product\/2955\/revisions"}],"predecessor-version":[{"id":4419,"href":"https:\/\/mr-mustache.com\/fr\/wp-json\/wp\/v2\/product\/2955\/revisions\/4419"}],"wp:featuredmedia":[{"embeddable":true,"href":"https:\/\/mr-mustache.com\/fr\/wp-json\/wp\/v2\/media\/2216"}],"wp:attachment":[{"href":"https:\/\/mr-mustache.com\/fr\/wp-json\/wp\/v2\/media?parent=2955"}],"wp:term":[{"taxonomy":"product_brand","embeddable":true,"href":"https:\/\/mr-mustache.com\/fr\/wp-json\/wp\/v2\/product_brand?post=2955"},{"taxonomy":"product_cat","embeddable":true,"href":"https:\/\/mr-mustache.com\/fr\/wp-json\/wp\/v2\/product_cat?post=2955"},{"taxonomy":"product_tag","embeddable":true,"href":"https:\/\/mr-mustache.com\/fr\/wp-json\/wp\/v2\/product_tag?post=2955"}],"curies":[{"name":"wp","href":"https:\/\/api.w.org\/{rel}","templated":true}]}}