{"id":2961,"date":"2024-02-16T09:05:27","date_gmt":"2024-02-16T09:05:27","guid":{"rendered":"https:\/\/mr-mustache.com\/produkt\/jrl-onyx-rasoir-sans-fil-station-de-recharge\/"},"modified":"2024-04-04T08:44:36","modified_gmt":"2024-04-04T08:44:36","slug":"jrl-onyx-rasoir-sans-fil-station-de-recharge","status":"publish","type":"product","link":"https:\/\/mr-mustache.com\/fr\/produkt\/jrl-onyx-rasoir-sans-fil-station-de-recharge\/","title":{"rendered":"JRL ONYX Tondeuse de coupe + station de charge"},"content":{"rendered":"<h1>JRL ONYX &#8211; Tondeuse de coupe<\/h1>\n<p>&nbsp;<\/p>\n<h4><strong>Technologies innovantes :<\/strong><\/h4>\n<ul>\n<li><strong>Technologie brevet\u00e9e Reset IQ Charge :<\/strong> Une nouvelle m\u00e9thode de chargement qui prolonge la dur\u00e9e de vie de la batterie.<\/li>\n<li><strong>Technologie brevet\u00e9e Smart-Clip :<\/strong> La tondeuse d\u00e9tecte la r\u00e9sistance de la lame et augmente la vitesse du moteur pour ne jamais tra\u00eener ou s&#8217;arr\u00eater. Garantit une coupe lisse et r\u00e9guli\u00e8re \u00e0 chaque fois.<\/li>\n<\/ul>\n<p>&nbsp;<\/p>\n<h4><strong>Performance :<\/strong><\/h4>\n<ul>\n<li><strong>Puissance constante :<\/strong> les deux r\u00e9glages de vitesse, 6000 et 7500 tr\/min, offrent une grande polyvalence de coupe et maintiennent la vitesse pendant l&#8217;utilisation.<\/li>\n<li><strong>Lame Onyx Fade :<\/strong> \u00e9quip\u00e9e d&#8217;une lame de pr\u00e9cision Onyx Fade pour obtenir un aspect frais et d\u00e9lav\u00e9. Max. longueur : 3,5 mm.<\/li>\n<li><strong>Moteur silencieux.<\/strong><\/li>\n<li><strong>Autonomie de la batterie :<\/strong> Dur\u00e9e d&#8217;utilisation maximale de 5 heures &#8211; 3 heures de charge permettent d&#8217;obtenir 5 heures d&#8217;autonomie.<\/li>\n<\/ul>\n<p>&nbsp;<\/p>\n<h4><strong>Fonctionnalit\u00e9s avanc\u00e9es :<\/strong><\/h4>\n<ul>\n<li><strong>Fonction avanc\u00e9e de verrouillage du levier :<\/strong> 5 niveaux fixes de verrouillage.<\/li>\n<li><strong>Technologie brevet\u00e9e de lame froide :<\/strong> Un mat\u00e9riau sp\u00e9cial maintient la lame froide au toucher, plus froide que la plupart des tondeuses lors d&#8217;un test de 30 minutes. La lame est \u00e9galement interchangeable avec la plupart des marques de tondeuses professionnelles.<\/li>\n<li><strong>Affichage LED :<\/strong> L&#8217;\u00e9cran LED indique l&#8217;autonomie restante de la batterie \u00e0 la vitesse actuelle.<\/li>\n<\/ul>\n<p>&nbsp;<\/p>\n<h4><strong>Accessoires :<\/strong><\/h4>\n<ul>\n<li>Comprend 1 tournevis, 1 brosse, 1 huile de lubrification, 1 prot\u00e8ge-lame, 10 prot\u00e8ge-lames (\u00bd#, 1#, 1-1\/2#, 2#, 3#, 4#, 5#, 6#, 7#, 8#),<\/li>\n<li>Le <strong>support de charge Reset IQ<\/strong> est inclus dans l&#8217;emballage.<\/li>\n<\/ul>\n","protected":false},"excerpt":{"rendered":"<h1>JRL ONYX &#8211; bezprzewodowa maszynka<\/h1>\n<p>&nbsp;<\/p>\n","protected":false},"featured_media":2232,"comment_status":"closed","ping_status":"closed","template":"","meta":[],"product_brand":[],"product_cat":[62,63],"product_tag":[],"class_list":{"0":"post-2961","1":"product","2":"type-product","3":"status-publish","4":"has-post-thumbnail","6":"product_cat-outils-de-coiffure","7":"product_cat-tondeuse-de-coupe","9":"first","10":"instock","11":"shipping-taxable","12":"purchasable","13":"product-type-simple"},"_links":{"self":[{"href":"https:\/\/mr-mustache.com\/fr\/wp-json\/wp\/v2\/product\/2961","targetHints":{"allow":["GET"]}}],"collection":[{"href":"https:\/\/mr-mustache.com\/fr\/wp-json\/wp\/v2\/product"}],"about":[{"href":"https:\/\/mr-mustache.com\/fr\/wp-json\/wp\/v2\/types\/product"}],"replies":[{"embeddable":true,"href":"https:\/\/mr-mustache.com\/fr\/wp-json\/wp\/v2\/comments?post=2961"}],"version-history":[{"count":3,"href":"https:\/\/mr-mustache.com\/fr\/wp-json\/wp\/v2\/product\/2961\/revisions"}],"predecessor-version":[{"id":4399,"href":"https:\/\/mr-mustache.com\/fr\/wp-json\/wp\/v2\/product\/2961\/revisions\/4399"}],"wp:featuredmedia":[{"embeddable":true,"href":"https:\/\/mr-mustache.com\/fr\/wp-json\/wp\/v2\/media\/2232"}],"wp:attachment":[{"href":"https:\/\/mr-mustache.com\/fr\/wp-json\/wp\/v2\/media?parent=2961"}],"wp:term":[{"taxonomy":"product_brand","embeddable":true,"href":"https:\/\/mr-mustache.com\/fr\/wp-json\/wp\/v2\/product_brand?post=2961"},{"taxonomy":"product_cat","embeddable":true,"href":"https:\/\/mr-mustache.com\/fr\/wp-json\/wp\/v2\/product_cat?post=2961"},{"taxonomy":"product_tag","embeddable":true,"href":"https:\/\/mr-mustache.com\/fr\/wp-json\/wp\/v2\/product_tag?post=2961"}],"curies":[{"name":"wp","href":"https:\/\/api.w.org\/{rel}","templated":true}]}}