{"id":2965,"date":"2024-02-16T09:04:30","date_gmt":"2024-02-16T09:04:30","guid":{"rendered":"https:\/\/mr-mustache.com\/produkt\/tondeuse-a-cheveux-gamma-piu-cyborg\/"},"modified":"2024-04-04T08:48:15","modified_gmt":"2024-04-04T08:48:15","slug":"tondeuse-a-cheveux-gamma-piu-cyborg","status":"publish","type":"product","link":"https:\/\/mr-mustache.com\/fr\/produkt\/tondeuse-a-cheveux-gamma-piu-cyborg\/","title":{"rendered":"GAMMA PIU CYBORG Tondeuse de coupe"},"content":{"rendered":"<h1>GAMMA PIU CYBORG Tondeuse de coupe<\/h1>\n<p>&nbsp;<\/p>\n<h3><strong>Performance d&#8217;une tondeuse \u00e0 cheveux professionnelle<\/strong><\/h3>\n<p>La tondeuse professionnelle Gamma+ CYBORG a \u00e9t\u00e9 con\u00e7ue pour des performances durables. Il est \u00e9quip\u00e9 d&#8217;un corps m\u00e9tallique durable et d&#8217;une construction technologique avanc\u00e9e.<\/p>\n<p>&nbsp;<\/p>\n<h3><strong>Sp\u00e9cifications :<\/strong><\/h3>\n<ul>\n<li>Lame fixe Black Diamond Faper d&#8217;une largeur de 45 mm, compl\u00e9t\u00e9e par une lame mobile Black Diamond Deep Slim assurant une grande douceur de coupe.<\/li>\n<li>Moteur num\u00e9rique d&#8217;une vitesse de 7500 tours\/minute garantissant un fonctionnement souple et efficace.<\/li>\n<li>Couple \u00e9lev\u00e9 minimisant les vibrations et le bruit.<\/li>\n<li>Deux leviers de r\u00e9glage de la lame, permettant une utilisation de la main droite ou de la main gauche.<\/li>\n<li>Station d&#8217;accueil antid\u00e9rapante et durable avec \u00e9clairage LED.<\/li>\n<li>La dur\u00e9e de chargement de la batterie est de 150 minutes, avec une dur\u00e9e d&#8217;utilisation de 200 minutes avec une seule charge.<\/li>\n<li>Longueur de coupe : de 0,3 \u00e0 1,5 mm<\/li>\n<li>Tension : 100-240 V ~<\/li>\n<li>Poids : 430g<\/li>\n<li>Fabricant : Gamma PIU<\/li>\n<li>Contenu de l&#8217;emballage : un ensemble de 8 peignes magn\u00e9tiques allant de 1,5 mm \u00e0 19 mm, un tournevis, une brosse, de l&#8217;huile, une station de chargement et un c\u00e2ble d&#8217;alimentation.<\/li>\n<\/ul>\n<p>&nbsp;<\/p>\n<p><strong>Garantie :<\/strong> 12 mois<\/p>\n","protected":false},"excerpt":{"rendered":"<p>GAMMA PIU CYBORG Tondeuse de coupe &nbsp; Performance d&#8217;une tondeuse \u00e0 cheveux professionnelle La tondeuse professionnelle Gamma+ CYBORG a \u00e9t\u00e9 con\u00e7ue pour des performances durables. Il est \u00e9quip\u00e9 d&#8217;un corps m\u00e9tallique durable et d&#8217;une construction technologique avanc\u00e9e. &nbsp; Sp\u00e9cifications : Lame fixe Black Diamond Faper d&#8217;une largeur de 45 mm, compl\u00e9t\u00e9e par une lame mobile Black Diamond Deep Slim assurant une grande douceur de coupe. Moteur num\u00e9rique d&#8217;une vitesse de 7500 tours\/minute garantissant un fonctionnement souple et efficace. Couple \u00e9lev\u00e9 minimisant les vibrations et le bruit. Deux leviers de r\u00e9glage de la lame, permettant une utilisation de la main droite ou de la main gauche. Station d&#8217;accueil antid\u00e9rapante et durable avec \u00e9clairage LED. La dur\u00e9e de chargement de la batterie est de 150 minutes, avec une dur\u00e9e d&#8217;utilisation de 200 minutes avec une seule charge. Longueur de coupe : de 0,3 \u00e0 1,5 mm Tension : 100-240 V ~ Poids : 430g Fabricant : Gamma PIU Contenu de l&#8217;emballage : un ensemble de 8 peignes magn\u00e9tiques allant de 1,5 mm \u00e0 19 mm, un tournevis, une brosse, de l&#8217;huile, une station de chargement et un c\u00e2ble d&#8217;alimentation. &nbsp; Garantie : 12 mois<\/p>\n","protected":false},"featured_media":2220,"comment_status":"closed","ping_status":"closed","template":"","meta":[],"product_brand":[],"product_cat":[62,63],"product_tag":[],"class_list":{"0":"post-2965","1":"product","2":"type-product","3":"status-publish","4":"has-post-thumbnail","6":"product_cat-outils-de-coiffure","7":"product_cat-tondeuse-de-coupe","9":"first","10":"instock","11":"sale","12":"shipping-taxable","13":"purchasable","14":"product-type-simple"},"_links":{"self":[{"href":"https:\/\/mr-mustache.com\/fr\/wp-json\/wp\/v2\/product\/2965","targetHints":{"allow":["GET"]}}],"collection":[{"href":"https:\/\/mr-mustache.com\/fr\/wp-json\/wp\/v2\/product"}],"about":[{"href":"https:\/\/mr-mustache.com\/fr\/wp-json\/wp\/v2\/types\/product"}],"replies":[{"embeddable":true,"href":"https:\/\/mr-mustache.com\/fr\/wp-json\/wp\/v2\/comments?post=2965"}],"version-history":[{"count":4,"href":"https:\/\/mr-mustache.com\/fr\/wp-json\/wp\/v2\/product\/2965\/revisions"}],"predecessor-version":[{"id":4420,"href":"https:\/\/mr-mustache.com\/fr\/wp-json\/wp\/v2\/product\/2965\/revisions\/4420"}],"wp:featuredmedia":[{"embeddable":true,"href":"https:\/\/mr-mustache.com\/fr\/wp-json\/wp\/v2\/media\/2220"}],"wp:attachment":[{"href":"https:\/\/mr-mustache.com\/fr\/wp-json\/wp\/v2\/media?parent=2965"}],"wp:term":[{"taxonomy":"product_brand","embeddable":true,"href":"https:\/\/mr-mustache.com\/fr\/wp-json\/wp\/v2\/product_brand?post=2965"},{"taxonomy":"product_cat","embeddable":true,"href":"https:\/\/mr-mustache.com\/fr\/wp-json\/wp\/v2\/product_cat?post=2965"},{"taxonomy":"product_tag","embeddable":true,"href":"https:\/\/mr-mustache.com\/fr\/wp-json\/wp\/v2\/product_tag?post=2965"}],"curies":[{"name":"wp","href":"https:\/\/api.w.org\/{rel}","templated":true}]}}