{"id":2966,"date":"2024-02-16T09:03:48","date_gmt":"2024-02-16T09:03:48","guid":{"rendered":"https:\/\/mr-mustache.com\/produkt\/wahl-senior-tondeuse-sans-fil\/"},"modified":"2024-04-04T08:46:08","modified_gmt":"2024-04-04T08:46:08","slug":"wahl-senior-tondeuse-sans-fil","status":"publish","type":"product","link":"https:\/\/mr-mustache.com\/fr\/produkt\/wahl-senior-tondeuse-sans-fil\/","title":{"rendered":"WAHL SENIOR Tondeuse de coupe"},"content":{"rendered":"<h1>WAHL SENIOR Tondeuse de coupe<\/h1>\n<p>&nbsp;<\/p>\n<h3><strong>Conception de haute qualit\u00e9 avec la technologie &#8220;Zero-Overlap&#8221; (sans chevauchement)<\/strong><\/h3>\n<p>La tondeuse Wahl Senior sans fil est une tondeuse haut de gamme dot\u00e9e de la technologie &#8220;zero-overlap&#8221;, con\u00e7ue pour une d\u00e9coloration pr\u00e9cise pr\u00e8s du cuir chevelu. Cette technologie permet aux lames de couper de tr\u00e8s pr\u00e8s sans irriter la peau, ce qui est parfait pour les coiffeurs professionnels et les stylistes qui exigent pr\u00e9cision et confort pour leurs clients.<\/p>\n<p>&nbsp;<\/p>\n<h3><strong>Sp\u00e9cifications :<\/strong><\/h3>\n<ul>\n<li><strong>Pays de fabrication<\/strong>: Hongrie<\/li>\n<li><strong>Alimentation<\/strong>: Batterie rechargeable et alimentation secteur, offrant une grande souplesse d&#8217;utilisation.<\/li>\n<li><strong>Vitesse du moteur<\/strong>: La vitesse du moteur est 26 % plus \u00e9lev\u00e9e que celle des tondeuses standard et atteint 6400 \u00e0 6700 rotations par minute.<\/li>\n<li><strong>Dur\u00e9e d&#8217;utilisation<\/strong>: Jusqu&#8217;\u00e0 70 minutes d&#8217;autonomie, id\u00e9al pour plusieurs coupes de cheveux avec une seule charge.<\/li>\n<li><strong>Temps de charge<\/strong>: Recharge compl\u00e8te en 120 minutes, pour \u00eatre pr\u00eat \u00e0 l&#8217;emploi en cas de besoin.<\/li>\n<li><strong>Peignes<\/strong>: Livr\u00e9 avec 3 peignes (1 \u00bd, 3mm, 4 \u00bd mm) pour une vari\u00e9t\u00e9 de longueurs de coupe.<\/li>\n<li><strong>Poids<\/strong>: L\u00e9ger (290 g), il r\u00e9duit la fatigue de la main lors d&#8217;une utilisation prolong\u00e9e.<\/li>\n<li><strong>Longueur de coupe<\/strong>: Longueur de coupe minimale de 0,5 mm, permettant des coupes tr\u00e8s rapproch\u00e9es.<\/li>\n<li><strong>Largeur de la lame<\/strong>: La lame de 43 mm de large est parfaite pour une coupe efficace et de grande port\u00e9e.<\/li>\n<li><strong>Qualit\u00e9 de la lame<\/strong>: \u00c9quip\u00e9 d&#8217;une lame chirurgicale fine et chrom\u00e9e de haute qualit\u00e9, garantissant durabilit\u00e9 et pr\u00e9cision.<\/li>\n<li><strong>Technologie Zero-Overlap<\/strong>: Permet des coupes tr\u00e8s rapproch\u00e9es sans risque de coupure de la peau.<\/li>\n<li><strong>Accessoires inclus<\/strong>: Huile, un peigne de coiffage Wahl sp\u00e9cifique \u00e0 la tondeuse et une brosse de nettoyage.<\/li>\n<\/ul>\n<p>&nbsp;<\/p>\n<p>La tondeuse sans fil Wahl Senior associe une technologie de coupe avanc\u00e9e \u00e0 un design pratique, ce qui en fait un choix privil\u00e9gi\u00e9 pour une utilisation professionnelle. Son fonctionnement efficace, son chargement rapide et sa conception l\u00e9g\u00e8re, associ\u00e9s \u00e0 la pr\u00e9cision de la technologie &#8220;zero-overlap&#8221;, offrent des performances in\u00e9gal\u00e9es pour une coiffure experte et des d\u00e9colorations d\u00e9taill\u00e9es.<\/p>\n","protected":false},"excerpt":{"rendered":"<p>WAHL SENIOR Tondeuse de coupe &nbsp; Conception de haute qualit\u00e9 avec la technologie &#8220;Zero-Overlap&#8221; (sans chevauchement) La tondeuse Wahl Senior sans fil est une tondeuse haut de gamme dot\u00e9e de la technologie &#8220;zero-overlap&#8221;, con\u00e7ue pour une d\u00e9coloration pr\u00e9cise pr\u00e8s du cuir chevelu. Cette technologie permet aux lames de couper de tr\u00e8s pr\u00e8s sans irriter la peau, ce qui est parfait pour les coiffeurs professionnels et les stylistes qui exigent pr\u00e9cision et confort pour leurs clients. &nbsp; Sp\u00e9cifications : Pays de fabrication: Hongrie Alimentation: Batterie rechargeable et alimentation secteur, offrant une grande souplesse d&#8217;utilisation. Vitesse du moteur: La vitesse du moteur est 26 % plus \u00e9lev\u00e9e que celle des tondeuses standard et atteint 6400 \u00e0 6700 rotations par minute. Dur\u00e9e d&#8217;utilisation: Jusqu&#8217;\u00e0 70 minutes d&#8217;autonomie, id\u00e9al pour plusieurs coupes de cheveux avec une seule charge. Temps de charge: Recharge compl\u00e8te en 120 minutes, pour \u00eatre pr\u00eat \u00e0 l&#8217;emploi en cas de besoin. Peignes: Livr\u00e9 avec 3 peignes (1 \u00bd, 3mm, 4 \u00bd mm) pour une vari\u00e9t\u00e9 de longueurs de coupe. Poids: L\u00e9ger (290 g), il r\u00e9duit la fatigue de la main lors d&#8217;une utilisation prolong\u00e9e. Longueur de coupe: Longueur de coupe minimale de 0,5 mm, permettant des coupes tr\u00e8s rapproch\u00e9es. Largeur de la lame: La lame de 43 mm de large est parfaite pour une coupe efficace et de grande port\u00e9e. Qualit\u00e9 de la lame: \u00c9quip\u00e9 d&#8217;une lame chirurgicale fine et chrom\u00e9e de haute qualit\u00e9, garantissant durabilit\u00e9 et pr\u00e9cision. Technologie Zero-Overlap: Permet des coupes tr\u00e8s rapproch\u00e9es sans risque de coupure de la peau. Accessoires inclus: Huile, un peigne de coiffage Wahl sp\u00e9cifique \u00e0 la tondeuse et une brosse de nettoyage. &nbsp; La tondeuse sans fil Wahl Senior associe une technologie de coupe avanc\u00e9e \u00e0 un design pratique, ce qui en fait un choix privil\u00e9gi\u00e9 pour une utilisation professionnelle. Son fonctionnement efficace, son chargement rapide et sa conception l\u00e9g\u00e8re, associ\u00e9s \u00e0 la pr\u00e9cision de la technologie &#8220;zero-overlap&#8221;, offrent des performances in\u00e9gal\u00e9es pour une coiffure experte et des d\u00e9colorations d\u00e9taill\u00e9es.<\/p>\n","protected":false},"featured_media":2178,"comment_status":"closed","ping_status":"closed","template":"","meta":[],"product_brand":[],"product_cat":[62,63],"product_tag":[],"class_list":{"0":"post-2966","1":"product","2":"type-product","3":"status-publish","4":"has-post-thumbnail","6":"product_cat-outils-de-coiffure","7":"product_cat-tondeuse-de-coupe","9":"first","10":"instock","11":"shipping-taxable","12":"purchasable","13":"product-type-simple"},"_links":{"self":[{"href":"https:\/\/mr-mustache.com\/fr\/wp-json\/wp\/v2\/product\/2966","targetHints":{"allow":["GET"]}}],"collection":[{"href":"https:\/\/mr-mustache.com\/fr\/wp-json\/wp\/v2\/product"}],"about":[{"href":"https:\/\/mr-mustache.com\/fr\/wp-json\/wp\/v2\/types\/product"}],"replies":[{"embeddable":true,"href":"https:\/\/mr-mustache.com\/fr\/wp-json\/wp\/v2\/comments?post=2966"}],"version-history":[{"count":3,"href":"https:\/\/mr-mustache.com\/fr\/wp-json\/wp\/v2\/product\/2966\/revisions"}],"predecessor-version":[{"id":4410,"href":"https:\/\/mr-mustache.com\/fr\/wp-json\/wp\/v2\/product\/2966\/revisions\/4410"}],"wp:featuredmedia":[{"embeddable":true,"href":"https:\/\/mr-mustache.com\/fr\/wp-json\/wp\/v2\/media\/2178"}],"wp:attachment":[{"href":"https:\/\/mr-mustache.com\/fr\/wp-json\/wp\/v2\/media?parent=2966"}],"wp:term":[{"taxonomy":"product_brand","embeddable":true,"href":"https:\/\/mr-mustache.com\/fr\/wp-json\/wp\/v2\/product_brand?post=2966"},{"taxonomy":"product_cat","embeddable":true,"href":"https:\/\/mr-mustache.com\/fr\/wp-json\/wp\/v2\/product_cat?post=2966"},{"taxonomy":"product_tag","embeddable":true,"href":"https:\/\/mr-mustache.com\/fr\/wp-json\/wp\/v2\/product_tag?post=2966"}],"curies":[{"name":"wp","href":"https:\/\/api.w.org\/{rel}","templated":true}]}}