{"id":2969,"date":"2024-02-16T09:04:08","date_gmt":"2024-02-16T09:04:08","guid":{"rendered":"https:\/\/mr-mustache.com\/produkt\/legende-sans-fil-5-etoiles\/"},"modified":"2024-04-04T08:45:24","modified_gmt":"2024-04-04T08:45:24","slug":"legende-sans-fil-5-etoiles","status":"publish","type":"product","link":"https:\/\/mr-mustache.com\/fr\/produkt\/legende-sans-fil-5-etoiles\/","title":{"rendered":"WAHL LEGEND Tondeuse de coupe"},"content":{"rendered":"<h1><strong>L\u00c9GENDE SANS FIL<\/strong><\/h1>\n<p>&nbsp;<\/p>\n<h3><strong>Introduction \u00e0 la r\u00e9volution du sans-fil<\/strong><\/h3>\n<p>Une bonne nouvelle pour tous les coiffeurs ! La tondeuse LEGEND de WAHL est d\u00e9sormais disponible en version sans fil. Cet outil professionnel, appr\u00e9ci\u00e9 des coiffeurs pour sa puissance de coupe et son excellente durabilit\u00e9, a fait l&#8217;objet d&#8217;une mise \u00e0 jour technique et pr\u00e9sente d\u00e9sormais de nombreuses caract\u00e9ristiques de pointe.<\/p>\n<p>&nbsp;<\/p>\n<h3><strong>Principales caract\u00e9ristiques et avantages<\/strong><\/h3>\n<ul>\n<li><strong>Pr\u00e9cision de la lame WEDGE :<\/strong> Dot\u00e9 d&#8217;une lame WEDGE de premi\u00e8re pr\u00e9cision, il permet une coupe extr\u00eamement rapide et pr\u00e9cise. Le jeu de lames pr\u00e9sente un angle remarquablement plat de 13\u00b0, facilitant les coupes au plus pr\u00e8s de la peau sans cr\u00e9er de bords g\u00eanants.<\/li>\n<li><strong>Id\u00e9al pour les fondus complets :<\/strong> \u00c9quip\u00e9 d&#8217;un jeu de dents carr\u00e9es sp\u00e9ciales (lame Crunch), il fournit un retour d&#8217;information audible pour perfectionner les fondus. Le r\u00e9glage int\u00e9gr\u00e9 de la longueur de coupe offre les meilleures variations de longueur possibles parmi tous les appareils WAHL, permettant des fondus complets et des transitions en douceur. Il est \u00e9galement parfait pour estomper et incorporer des d\u00e9tails pr\u00e9cis de mani\u00e8re transparente.<\/li>\n<li><strong>Facilit\u00e9 d&#8217;utilisation :<\/strong> le levier de r\u00e9glage m\u00e9tallique permet d&#8217;ajuster facilement les longueurs de coupe \u00e0 la vol\u00e9e. Le design plus \u00e9l\u00e9gant et le poids r\u00e9duit am\u00e9liorent le confort, le rendant plus l\u00e9ger, plus flexible et plus facile \u00e0 manipuler gr\u00e2ce \u00e0 sa nouvelle fonction sans fil.<\/li>\n<\/ul>\n<p>&nbsp;<\/p>\n<h3><strong>Sp\u00e9cifications techniques<\/strong><\/h3>\n<ul>\n<li><strong>Batterie efficace et durable :<\/strong> Livr\u00e9e avec une batterie lithium-ion tr\u00e8s efficace et durable (sans effet m\u00e9moire), offrant 100 minutes de fonctionnement et 120 minutes de temps de recharge. La possibilit\u00e9 de basculer sur le secteur permet de l&#8217;utiliser en continu dans le salon.<\/li>\n<li><strong>Conception professionnelle :<\/strong> L&#8217;appareil est \u00e9quip\u00e9 de huit peignes de fixation de haute qualit\u00e9 (1,5 mm \u00e0 25 mm) dot\u00e9s de la technologie Secure Fit pour un ajustement pr\u00e9cis et d&#8217;embouts arrondis pour le confort du client.<\/li>\n<\/ul>\n<p>&nbsp;<\/p>\n<h3><strong>Plus d&#8217;informations :<\/strong><\/h3>\n<ul>\n<li style=\"list-style-type: none;\">\n<ul>\n<li><strong>Code-barres de l&#8217;article (EAN) :<\/strong> 0043917859460<\/li>\n<li><strong>Temps de charge :<\/strong> 60 minutes<\/li>\n<li><strong>Type de batterie :<\/strong> Li-Ion<\/li>\n<li><strong>Longueur du c\u00e2ble :<\/strong> 2,4 m<\/li>\n<li><strong>Longueur de coupe :<\/strong> 0,7 &#8211; 1,7 mm<\/li>\n<li><strong>Type d&#8217;alimentation :<\/strong> Batterie rechargeable &#8211; peut \u00eatre utilis\u00e9e avec ou sans fil<\/li>\n<li><strong>Largeur de coupe :<\/strong> 46 mm<\/li>\n<li><strong>Couleur :<\/strong> Bourgogne<\/li>\n<li><strong>Moteur\/entra\u00eenement :<\/strong> Moteur \u00e0 courant continu, 6500 tr\/min<\/li>\n<li><strong>Dur\u00e9e de fonctionnement :<\/strong> 100 minutes<\/li>\n<li><strong>Tension :<\/strong> 100-240V<\/li>\n<li><strong>Jeu de lames :<\/strong> LAME WEDGE, fixe<\/li>\n<li><strong>Poids :<\/strong> 295 g<\/li>\n<li><strong>Retours d&#8217;articles :<\/strong> Cet article peut \u00eatre retourn\u00e9<\/li>\n<\/ul>\n<\/li>\n<\/ul>\n<p>&nbsp;<\/p>\n<h3><strong>Que contient la bo\u00eete ?<\/strong><\/h3>\n<ul>\n<li>Tondeuse professionnelle avec ou sans fil avec levier de r\u00e9glage de l&#8217;effilage<\/li>\n<li>8 guides de coupe de qualit\u00e9 sup\u00e9rieure (1\/16&#8243; &#8211; 1&#8243;)<\/li>\n<li>Peigne de coiffure<\/li>\n<li>Alimentation \u00e9lectrique<\/li>\n<li>Huile<\/li>\n<li>Brosse de nettoyage<\/li>\n<li>Mode d&#8217;emploi<\/li>\n<li>Garde de lame rouge<\/li>\n<\/ul>\n<p>Cet outil innovant, d\u00e9sormais sans fil, est appel\u00e9 \u00e0 devenir un compagnon fiable pour les barbiers, garantissant des performances de premier ordre m\u00eame lors des journ\u00e9es les plus charg\u00e9es.<\/p>\n","protected":false},"excerpt":{"rendered":"<p>L\u00c9GENDE SANS FIL &nbsp; Introduction \u00e0 la r\u00e9volution du sans-fil Une bonne nouvelle pour tous les coiffeurs ! La tondeuse LEGEND de WAHL est d\u00e9sormais disponible en version sans fil. Cet outil professionnel, appr\u00e9ci\u00e9 des coiffeurs pour sa puissance de coupe et son excellente durabilit\u00e9, a fait l&#8217;objet d&#8217;une mise \u00e0 jour technique et pr\u00e9sente d\u00e9sormais de nombreuses caract\u00e9ristiques de pointe. &nbsp; Principales caract\u00e9ristiques et avantages Pr\u00e9cision de la lame WEDGE : Dot\u00e9 d&#8217;une lame WEDGE de premi\u00e8re pr\u00e9cision, il permet une coupe extr\u00eamement rapide et pr\u00e9cise. Le jeu de lames pr\u00e9sente un angle remarquablement plat de 13\u00b0, facilitant les coupes au plus pr\u00e8s de la peau sans cr\u00e9er de bords g\u00eanants. Id\u00e9al pour les fondus complets : \u00c9quip\u00e9 d&#8217;un jeu de dents carr\u00e9es sp\u00e9ciales (lame Crunch), il fournit un retour d&#8217;information audible pour perfectionner les fondus. Le r\u00e9glage int\u00e9gr\u00e9 de la longueur de coupe offre les meilleures variations de longueur possibles parmi tous les appareils WAHL, permettant des fondus complets et des transitions en douceur. Il est \u00e9galement parfait pour estomper et incorporer des d\u00e9tails pr\u00e9cis de mani\u00e8re transparente. Facilit\u00e9 d&#8217;utilisation : le levier de r\u00e9glage m\u00e9tallique permet d&#8217;ajuster facilement les longueurs de coupe \u00e0 la vol\u00e9e. Le design plus \u00e9l\u00e9gant et le poids r\u00e9duit am\u00e9liorent le confort, le rendant plus l\u00e9ger, plus flexible et plus facile \u00e0 manipuler gr\u00e2ce \u00e0 sa nouvelle fonction sans fil. &nbsp; Sp\u00e9cifications techniques Batterie efficace et durable : Livr\u00e9e avec une batterie lithium-ion tr\u00e8s efficace et durable (sans effet m\u00e9moire), offrant 100 minutes de fonctionnement et 120 minutes de temps de recharge. La possibilit\u00e9 de basculer sur le secteur permet de l&#8217;utiliser en continu dans le salon. Conception professionnelle : L&#8217;appareil est \u00e9quip\u00e9 de huit peignes de fixation de haute qualit\u00e9 (1,5 mm \u00e0 25 mm) dot\u00e9s de la technologie Secure Fit pour un ajustement pr\u00e9cis et d&#8217;embouts arrondis pour le confort du client. &nbsp; Plus d&#8217;informations : Code-barres de l&#8217;article (EAN) : 0043917859460 Temps de charge : 60 minutes Type de batterie : Li-Ion Longueur du c\u00e2ble : 2,4 m Longueur de coupe : 0,7 &#8211; 1,7 mm Type d&#8217;alimentation : Batterie rechargeable &#8211; peut \u00eatre utilis\u00e9e avec ou sans fil Largeur de coupe : 46 mm Couleur : Bourgogne Moteur\/entra\u00eenement : Moteur \u00e0 courant continu, 6500 tr\/min Dur\u00e9e de fonctionnement : 100 minutes Tension : 100-240V Jeu de lames : LAME WEDGE, fixe Poids : 295 g Retours d&#8217;articles : Cet article peut \u00eatre retourn\u00e9 &nbsp; Que contient la bo\u00eete ? Tondeuse professionnelle avec ou sans fil avec levier de r\u00e9glage de l&#8217;effilage 8 guides de coupe de qualit\u00e9 sup\u00e9rieure (1\/16&#8243; &#8211; 1&#8243;) Peigne de coiffure Alimentation \u00e9lectrique Huile Brosse de nettoyage Mode d&#8217;emploi Garde de lame rouge Cet outil innovant, d\u00e9sormais sans fil, est appel\u00e9 \u00e0 devenir un compagnon fiable pour les barbiers, garantissant des performances de premier ordre m\u00eame lors des journ\u00e9es les plus charg\u00e9es.<\/p>\n","protected":false},"featured_media":2194,"comment_status":"closed","ping_status":"closed","template":"","meta":[],"product_brand":[],"product_cat":[63],"product_tag":[],"class_list":{"0":"post-2969","1":"product","2":"type-product","3":"status-publish","4":"has-post-thumbnail","6":"product_cat-tondeuse-de-coupe","8":"first","9":"instock","10":"shipping-taxable","11":"product-type-simple"},"_links":{"self":[{"href":"https:\/\/mr-mustache.com\/fr\/wp-json\/wp\/v2\/product\/2969","targetHints":{"allow":["GET"]}}],"collection":[{"href":"https:\/\/mr-mustache.com\/fr\/wp-json\/wp\/v2\/product"}],"about":[{"href":"https:\/\/mr-mustache.com\/fr\/wp-json\/wp\/v2\/types\/product"}],"replies":[{"embeddable":true,"href":"https:\/\/mr-mustache.com\/fr\/wp-json\/wp\/v2\/comments?post=2969"}],"version-history":[{"count":2,"href":"https:\/\/mr-mustache.com\/fr\/wp-json\/wp\/v2\/product\/2969\/revisions"}],"predecessor-version":[{"id":4405,"href":"https:\/\/mr-mustache.com\/fr\/wp-json\/wp\/v2\/product\/2969\/revisions\/4405"}],"wp:featuredmedia":[{"embeddable":true,"href":"https:\/\/mr-mustache.com\/fr\/wp-json\/wp\/v2\/media\/2194"}],"wp:attachment":[{"href":"https:\/\/mr-mustache.com\/fr\/wp-json\/wp\/v2\/media?parent=2969"}],"wp:term":[{"taxonomy":"product_brand","embeddable":true,"href":"https:\/\/mr-mustache.com\/fr\/wp-json\/wp\/v2\/product_brand?post=2969"},{"taxonomy":"product_cat","embeddable":true,"href":"https:\/\/mr-mustache.com\/fr\/wp-json\/wp\/v2\/product_cat?post=2969"},{"taxonomy":"product_tag","embeddable":true,"href":"https:\/\/mr-mustache.com\/fr\/wp-json\/wp\/v2\/product_tag?post=2969"}],"curies":[{"name":"wp","href":"https:\/\/api.w.org\/{rel}","templated":true}]}}