{"id":2970,"date":"2024-02-16T09:03:47","date_gmt":"2024-02-16T09:03:47","guid":{"rendered":"https:\/\/mr-mustache.com\/produkt\/pince-magique-sans-fil\/"},"modified":"2024-04-04T08:46:30","modified_gmt":"2024-04-04T08:46:30","slug":"pince-magique-sans-fil","status":"publish","type":"product","link":"https:\/\/mr-mustache.com\/fr\/produkt\/pince-magique-sans-fil\/","title":{"rendered":"WAHL MAGIC CLIP Tondeuse de coupe"},"content":{"rendered":"<div class=\"gobli_sposob_uzycia_h\">\n<h1>WAHL MAGIC CLIP Tondeuse de coupe<\/h1>\n<p>&nbsp;<\/p>\n<h3><strong>Tondeuse professionnelle avec ou sans fil<\/strong><\/h3>\n<p>D\u00e9couvrez la magie de la coupe de pr\u00e9cision avec le Magic Clip sans fil, dot\u00e9 de la lame innovante 2161 \u00e0 dents d\u00e9cal\u00e9es, \u00e9quip\u00e9e de la technologie crunch pour des performances sup\u00e9rieures.<\/p>\n<p>&nbsp;<\/p>\n<h3><strong>Caract\u00e9ristiques principales<\/strong><\/h3>\n<ul>\n<li><strong>Lame croustillante \u00e0 dents \u00e9chelonn\u00e9es :<\/strong> Permet de r\u00e9aliser des coupes et des m\u00e9langes pr\u00e9cis.<\/li>\n<li><strong>Conception l\u00e9g\u00e8re et sans fil :<\/strong> Am\u00e9liore la maniabilit\u00e9 et la facilit\u00e9 d&#8217;utilisation.<\/li>\n<li><strong>Batterie Lithium-Ion durable :<\/strong> Assure une puissance et des performances durables.<\/li>\n<li><strong>Comprend 8 peignes amovibles de qualit\u00e9 sup\u00e9rieure :<\/strong> Pour des options de coiffage polyvalentes.<\/li>\n<\/ul>\n<p>&nbsp;<\/p>\n<h3><strong>Sp\u00e9cifications<\/strong><\/h3>\n<ul>\n<li><strong>Type :<\/strong> Tondeuse professionnelle avec ou sans fil<\/li>\n<li><strong>Unit\u00e9 d&#8217;entra\u00eenement :<\/strong> Moteur \u00e0 courant continu, 5 500 tr\/min pour une coupe puissante.<\/li>\n<li><strong>Dur\u00e9e de fonctionnement :<\/strong> fonctionnement continu, \u00e9liminant les temps d&#8217;arr\u00eat.<\/li>\n<li><strong>Jeu de lames :<\/strong> Lame fixe chrom\u00e9e avec levier de r\u00e9glage de la longueur.<\/li>\n<li><strong>Longueur de coupe :<\/strong> R\u00e9glable de 0,8 \u00e0 2,5 mm pour des longueurs de coupe vari\u00e9es.<\/li>\n<li><strong>Largeur de coupe :<\/strong> 40 mm pour une coupe efficace et large.<\/li>\n<li><strong>Poids :<\/strong> 290 g sans c\u00e2ble, pour une manipulation l\u00e9g\u00e8re.<\/li>\n<\/ul>\n<p>&nbsp;<\/p>\n<h3><strong>Contenu du paquet<\/strong><\/h3>\n<p>Le Magic Clip\u2122 sans fil est livr\u00e9 avec les \u00e9l\u00e9ments suivants :<\/p>\n<ul>\n<li><strong>8 peignes d&#8217;attachement de premi\u00e8re qualit\u00e9 :<\/strong> Les tailles comprennent 1\u00bd mm, 3 mm, 4\u00bd mm, 6 mm, 10 mm, 13 mm, 19 mm et 25 mm.<\/li>\n<li><strong>Brosse de nettoyage :<\/strong> Pour faciliter l&#8217;entretien de la tondeuse.<\/li>\n<li><strong>Huile :<\/strong> Pour assurer le bon fonctionnement de la lame.<\/li>\n<li><strong>Prot\u00e8ge-lame :<\/strong> Prot\u00e8ge la lame lorsqu&#8217;elle n&#8217;est pas utilis\u00e9e.<\/li>\n<\/ul>\n<p>&nbsp;<\/p>\n<p>Ce kit complet de tondeuses est con\u00e7u pour les coiffeurs et stylistes professionnels qui exigent le meilleur en termes de pr\u00e9cision et de polyvalence de leurs outils.<\/p>\n<\/div>\n","protected":false},"excerpt":{"rendered":"<p><strong>Pince sans fil Magic Clip pour les enfants <\/strong><\/p>\n<ul>\n<li>Profesjonalna, bezprzewodowa maszynka<\/li>\n<li>Les prix des produits de la technologie Crunch sont fix\u00e9s \u00e0 2161.<\/li>\n<li>Les mesures prises par les \u00c9tats membres pour lutter contre la pollution de l&#8217;air et de l&#8217;eau dans les pays en voie de d\u00e9veloppement<\/li>\n<li>D\u017awignia sto\u017ckowa<\/li>\n<li>Akumulator litowo-jonowy na 90 minut bezprzewodowej pracy<\/li>\n<li>Mo\u017cliwo\u015b\u0107 pracy na kablu<\/li>\n<li>Les masques d&#8217;ornement et les masques d&#8217;ornementation pour la lutte contre les maladies infectieuses<\/li>\n<\/ul>\n<div class=\"gobli_sposob_uzycia\"><\/div>\n","protected":false},"featured_media":2120,"comment_status":"closed","ping_status":"closed","template":"","meta":[],"product_brand":[],"product_cat":[62,63],"product_tag":[],"class_list":{"0":"post-2970","1":"product","2":"type-product","3":"status-publish","4":"has-post-thumbnail","6":"product_cat-outils-de-coiffure","7":"product_cat-tondeuse-de-coupe","9":"first","10":"instock","11":"shipping-taxable","12":"purchasable","13":"product-type-simple"},"_links":{"self":[{"href":"https:\/\/mr-mustache.com\/fr\/wp-json\/wp\/v2\/product\/2970","targetHints":{"allow":["GET"]}}],"collection":[{"href":"https:\/\/mr-mustache.com\/fr\/wp-json\/wp\/v2\/product"}],"about":[{"href":"https:\/\/mr-mustache.com\/fr\/wp-json\/wp\/v2\/types\/product"}],"replies":[{"embeddable":true,"href":"https:\/\/mr-mustache.com\/fr\/wp-json\/wp\/v2\/comments?post=2970"}],"version-history":[{"count":3,"href":"https:\/\/mr-mustache.com\/fr\/wp-json\/wp\/v2\/product\/2970\/revisions"}],"predecessor-version":[{"id":4412,"href":"https:\/\/mr-mustache.com\/fr\/wp-json\/wp\/v2\/product\/2970\/revisions\/4412"}],"wp:featuredmedia":[{"embeddable":true,"href":"https:\/\/mr-mustache.com\/fr\/wp-json\/wp\/v2\/media\/2120"}],"wp:attachment":[{"href":"https:\/\/mr-mustache.com\/fr\/wp-json\/wp\/v2\/media?parent=2970"}],"wp:term":[{"taxonomy":"product_brand","embeddable":true,"href":"https:\/\/mr-mustache.com\/fr\/wp-json\/wp\/v2\/product_brand?post=2970"},{"taxonomy":"product_cat","embeddable":true,"href":"https:\/\/mr-mustache.com\/fr\/wp-json\/wp\/v2\/product_cat?post=2970"},{"taxonomy":"product_tag","embeddable":true,"href":"https:\/\/mr-mustache.com\/fr\/wp-json\/wp\/v2\/product_tag?post=2970"}],"curies":[{"name":"wp","href":"https:\/\/api.w.org\/{rel}","templated":true}]}}