{"id":2974,"date":"2024-02-16T09:03:47","date_gmt":"2024-02-16T09:03:47","guid":{"rendered":"https:\/\/mr-mustache.com\/produkt\/jrl-freshfade-2020c-clipper-tondeuse-a-cheveux-en-or\/"},"modified":"2024-04-04T08:46:59","modified_gmt":"2024-04-04T08:46:59","slug":"jrl-freshfade-2020c-clipper-tondeuse-a-cheveux-en-or","status":"publish","type":"product","link":"https:\/\/mr-mustache.com\/fr\/produkt\/jrl-freshfade-2020c-clipper-tondeuse-a-cheveux-en-or\/","title":{"rendered":"JRL FRESH FADE 2020C Tondeuse de coupe"},"content":{"rendered":"<h1>JRL FRESH FADE 2020C Tondeuse de coupe<\/h1>\n<p>&nbsp;<\/p>\n<h3><strong>Conception innovante avec refroidissement sup\u00e9rieur<\/strong><\/h3>\n<p>La tondeuse JRL FreshFade 2020C Clipper GOLD se distingue par sa lame unique qui reste jusqu&#8217;\u00e0 7\u00b0C\/13,89\u00b0F plus froide que la plupart des autres tondeuses apr\u00e8s 30 minutes d&#8217;utilisation. Cela est possible gr\u00e2ce \u00e0 la technologie brevet\u00e9e Smart-Clip, qui augmente intelligemment la vitesse du moteur lorsqu&#8217;elle d\u00e9tecte une r\u00e9sistance, \u00e9vitant ainsi une surcharge de la tondeuse. De plus, le syst\u00e8me de verrouillage \u00e0 levier permet de r\u00e9gler la hauteur de la lame sur 5 niveaux diff\u00e9rents en toute s\u00e9curit\u00e9, ce qui permet une coupe pr\u00e9cise de 0,5 mm \u00e0 3,5 mm sans avoir besoin de peignes de fixation.<\/p>\n<p>&nbsp;<\/p>\n<h3><strong>Dur\u00e9e de vie de la batterie prolong\u00e9e et fonctionnement silencieux<\/strong><\/h3>\n<ul>\n<li><strong>Autonomie de la batterie<\/strong>: Jusqu&#8217;\u00e0 4 heures de fonctionnement sur une seule charge, garantissant une utilisation prolong\u00e9e sans recharge fr\u00e9quente.<\/li>\n<li><strong>Lame r\u00e9volutionnaire<\/strong>: Offre 2 vitesses r\u00e9glables pour une polyvalence de coupe (6000 et 7200 rotations par minute).<\/li>\n<li><strong>Moteur silencieux<\/strong>: Con\u00e7u pour un fonctionnement silencieux, il am\u00e9liore le confort de l&#8217;utilisateur et du client.<\/li>\n<li><strong>Batterie au lithium-ion<\/strong>: Fournit une alimentation fiable et efficace.<\/li>\n<li><strong>Crochet de suspension<\/strong>: Pour un rangement pratique.<\/li>\n<li><strong>Technologie brevet\u00e9e Smart-Clip<\/strong>: Ajuste la vitesse du moteur pour couper les diff\u00e9rents types de cheveux sans effort.<\/li>\n<li><strong>Gamme de coupe \u00e9tendue<\/strong>: R\u00e9glable de 0,5 \u00e0 3,5 mm pour une large gamme de styles.<\/li>\n<\/ul>\n<p>&nbsp;<\/p>\n<h3><strong>Accessoires inclus :<\/strong><\/h3>\n<ul>\n<li>1 tournevis<\/li>\n<li>1 brosse de nettoyage<\/li>\n<li>1 Lubrifiant<\/li>\n<li>1 Lame conique BF03 avec possibilit\u00e9 de r\u00e9glage de l&#8217;\u00e9cartement z\u00e9ro<\/li>\n<li>Chargeur (Remarque : la tondeuse n&#8217;est pas livr\u00e9e avec une station de charge).<\/li>\n<\/ul>\n<p>&nbsp;<\/p>\n<h3><strong>10 peignes de fixation :<\/strong><\/h3>\n<ul>\n<li>1,5 mm<\/li>\n<li>3mm<\/li>\n<li>4,5 mm<\/li>\n<li>6 mm<\/li>\n<li>10 mm<\/li>\n<li>13 mm<\/li>\n<li>16 mm<\/li>\n<li>19 mm<\/li>\n<li>22 mm<\/li>\n<li>25 mm<\/li>\n<\/ul>\n","protected":false},"excerpt":{"rendered":"<p>&nbsp;<\/p>\n<p><em><br \/>\n<strong>Maszynka JRL<\/strong><br \/>\n<\/em> Posiada wyj\u0105tkowe ostrze, ch\u0142odniejsze o 7\u00b0C\/13,89\u00b0F w por\u00f3wnaniu do wi\u0119kszo\u015bci maszynek do strzy\u017cenia po 30 min. pracy. Opatentowana inteligentna technologia Smart-Clip zwi\u0119ksza pr\u0119dko\u015b\u0107 silnika, gdy ostrze wyczuwa op\u00f3r podczas pracy, dzi\u0119ki czemu maszynka nigdy nie ulega przeci\u0105\u017ceniom. System blokady d\u017awigni odpowiedzialnej za regulacj\u0119 wysoko\u015bci no\u017ca sprawia, \u017ce mo\u017cesz ustawi\u0107 j\u0105 na 5 poziomach bez obawy, \u017ce samoistnie si\u0119 przesunie &#8211; dzi\u0119ki temu mo\u017cesz pracowa\u0107 bez u\u017cycia nasadek od 0,5mm do 3,5mm.<\/p>\n","protected":false},"featured_media":2122,"comment_status":"closed","ping_status":"closed","template":"","meta":[],"product_brand":[],"product_cat":[62,63],"product_tag":[],"class_list":{"0":"post-2974","1":"product","2":"type-product","3":"status-publish","4":"has-post-thumbnail","6":"product_cat-outils-de-coiffure","7":"product_cat-tondeuse-de-coupe","9":"first","10":"instock","11":"shipping-taxable","12":"purchasable","13":"product-type-simple"},"_links":{"self":[{"href":"https:\/\/mr-mustache.com\/fr\/wp-json\/wp\/v2\/product\/2974","targetHints":{"allow":["GET"]}}],"collection":[{"href":"https:\/\/mr-mustache.com\/fr\/wp-json\/wp\/v2\/product"}],"about":[{"href":"https:\/\/mr-mustache.com\/fr\/wp-json\/wp\/v2\/types\/product"}],"replies":[{"embeddable":true,"href":"https:\/\/mr-mustache.com\/fr\/wp-json\/wp\/v2\/comments?post=2974"}],"version-history":[{"count":3,"href":"https:\/\/mr-mustache.com\/fr\/wp-json\/wp\/v2\/product\/2974\/revisions"}],"predecessor-version":[{"id":4414,"href":"https:\/\/mr-mustache.com\/fr\/wp-json\/wp\/v2\/product\/2974\/revisions\/4414"}],"wp:featuredmedia":[{"embeddable":true,"href":"https:\/\/mr-mustache.com\/fr\/wp-json\/wp\/v2\/media\/2122"}],"wp:attachment":[{"href":"https:\/\/mr-mustache.com\/fr\/wp-json\/wp\/v2\/media?parent=2974"}],"wp:term":[{"taxonomy":"product_brand","embeddable":true,"href":"https:\/\/mr-mustache.com\/fr\/wp-json\/wp\/v2\/product_brand?post=2974"},{"taxonomy":"product_cat","embeddable":true,"href":"https:\/\/mr-mustache.com\/fr\/wp-json\/wp\/v2\/product_cat?post=2974"},{"taxonomy":"product_tag","embeddable":true,"href":"https:\/\/mr-mustache.com\/fr\/wp-json\/wp\/v2\/product_tag?post=2974"}],"curies":[{"name":"wp","href":"https:\/\/api.w.org\/{rel}","templated":true}]}}