{"id":2978,"date":"2024-02-16T09:03:48","date_gmt":"2024-02-16T09:03:48","guid":{"rendered":"https:\/\/mr-mustache.com\/produkt\/tondeuse-a-cheveux-sans-fil-gamma-absolute-alpha\/"},"modified":"2024-04-04T08:54:51","modified_gmt":"2024-04-04T08:54:51","slug":"tondeuse-a-cheveux-sans-fil-gamma-absolute-alpha","status":"publish","type":"product","link":"https:\/\/mr-mustache.com\/fr\/produkt\/tondeuse-a-cheveux-sans-fil-gamma-absolute-alpha\/","title":{"rendered":"Tondeuse DE COUPE GAMMA ALPHA ABSOLUTE"},"content":{"rendered":"<h1><strong>Tondeuse DE COUPE GAMMA ALPHA ABSOLUTE<\/strong><\/h1>\n<p>&nbsp;<\/p>\n<h3><strong>Caract\u00e9ristiques principales<\/strong><\/h3>\n<ul>\n<li><strong>Innovation de la lame<\/strong>: Lame de 45 mm en fibre de carbone DLC (Diamond-Like Carbon) &#8220;plate&#8221; en forme de diamant noir, garantissant des coupes exceptionnellement douces.<\/li>\n<li><strong>Lame r\u00e9glable<\/strong>: la longueur de coupe de la lame peut \u00eatre r\u00e9gl\u00e9e de 0,8 \u00e0 3,3 mm, ce qui permet de s&#8217;adapter \u00e0 une grande vari\u00e9t\u00e9 de longueurs et de styles de cheveux.<\/li>\n<li><strong>Flexibilit\u00e9 de chargement<\/strong>: Recharge compl\u00e8te en 150 minutes via une station d&#8217;accueil, un c\u00e2ble ou un mini USB, offrant ainsi plusieurs options de recharge pratiques.<\/li>\n<li><strong>Fonctionnement prolong\u00e9<\/strong>: La batterie lithium-ion offre jusqu&#8217;\u00e0 240 minutes de fonctionnement sans fil sur une seule charge.<\/li>\n<li><strong>Jeu de peignes complet<\/strong>: Comprend un ensemble de 5 peignes magn\u00e9tiques diff\u00e9rents, allant de 1,5 \u00e0 13 mm, pour r\u00e9pondre \u00e0 diff\u00e9rents besoins de coupe.<\/li>\n<li><strong>Lames interchangeables<\/strong>: Comprend une lame rempla\u00e7able en titane dor\u00e9 avec des &#8220;dents altern\u00e9es&#8221; pour une performance de coupe unique.<\/li>\n<li><strong>Kit d&#8217;entretien<\/strong>: \u00c9quip\u00e9 d&#8217;un kit de nettoyage et d&#8217;entretien comprenant un mini-tournevis pour des r\u00e9glages pr\u00e9cis.<\/li>\n<\/ul>\n<p>&nbsp;<\/p>\n<h3><strong>Contenu du paquet<\/strong><\/h3>\n<p>Dans la bo\u00eete, vous trouverez<\/p>\n<ul>\n<li>La tondeuse Gamma Alpha Absolute dans un bo\u00eetier noir<\/li>\n<li>Deux bo\u00eetiers suppl\u00e9mentaires en or et en rouge pour un style personnalis\u00e9<\/li>\n<li>Une station d&#8217;accueil pour le chargement et le rangement<\/li>\n<li>Une lame sp\u00e9cialis\u00e9e en fonte d&#8217;or pour des bordures et des contours pr\u00e9cis<\/li>\n<li>Lame en carbone DLC (Diamond Like Carbon) pour des performances de coupe sup\u00e9rieures.<\/li>\n<li>Peignes magn\u00e9tiques de 1,5 \u00e0 13 mm pour diff\u00e9rentes longueurs de cheveux<\/li>\n<li>Une brosse pour le nettoyage des lames afin de maintenir des performances optimales<\/li>\n<li>Un tournevis pour les r\u00e9glages, garantissant un fonctionnement optimal de la tondeuse.<\/li>\n<li>Huile pour l&#8217;entretien des lames, pour que la tondeuse reste souple et efficace<\/li>\n<\/ul>\n<p>La tondeuse \u00e0 cheveux sans fil Gamma Absolute Alpha est con\u00e7ue pour un usage professionnel, offrant une pr\u00e9cision, une flexibilit\u00e9 et une facilit\u00e9 d&#8217;utilisation in\u00e9gal\u00e9es, ce qui en fait un outil essentiel pour tout barbier ou coiffeur \u00e0 la recherche du meilleur de la technologie de coupe de cheveux.<\/p>\n","protected":false},"excerpt":{"rendered":"<p>Tondeuse DE COUPE GAMMA ALPHA ABSOLUTE &nbsp; Caract\u00e9ristiques principales Innovation de la lame: Lame de 45 mm en fibre de carbone DLC (Diamond-Like Carbon) &#8220;plate&#8221; en forme de diamant noir, garantissant des coupes exceptionnellement douces. Lame r\u00e9glable: la longueur de coupe de la lame peut \u00eatre r\u00e9gl\u00e9e de 0,8 \u00e0 3,3 mm, ce qui permet de s&#8217;adapter \u00e0 une grande vari\u00e9t\u00e9 de longueurs et de styles de cheveux. Flexibilit\u00e9 de chargement: Recharge compl\u00e8te en 150 minutes via une station d&#8217;accueil, un c\u00e2ble ou un mini USB, offrant ainsi plusieurs options de recharge pratiques. Fonctionnement prolong\u00e9: La batterie lithium-ion offre jusqu&#8217;\u00e0 240 minutes de fonctionnement sans fil sur une seule charge. Jeu de peignes complet: Comprend un ensemble de 5 peignes magn\u00e9tiques diff\u00e9rents, allant de 1,5 \u00e0 13 mm, pour r\u00e9pondre \u00e0 diff\u00e9rents besoins de coupe. Lames interchangeables: Comprend une lame rempla\u00e7able en titane dor\u00e9 avec des &#8220;dents altern\u00e9es&#8221; pour une performance de coupe unique. Kit d&#8217;entretien: \u00c9quip\u00e9 d&#8217;un kit de nettoyage et d&#8217;entretien comprenant un mini-tournevis pour des r\u00e9glages pr\u00e9cis. &nbsp; Contenu du paquet Dans la bo\u00eete, vous trouverez La tondeuse Gamma Alpha Absolute dans un bo\u00eetier noir Deux bo\u00eetiers suppl\u00e9mentaires en or et en rouge pour un style personnalis\u00e9 Une station d&#8217;accueil pour le chargement et le rangement Une lame sp\u00e9cialis\u00e9e en fonte d&#8217;or pour des bordures et des contours pr\u00e9cis Lame en carbone DLC (Diamond Like Carbon) pour des performances de coupe sup\u00e9rieures. Peignes magn\u00e9tiques de 1,5 \u00e0 13 mm pour diff\u00e9rentes longueurs de cheveux Une brosse pour le nettoyage des lames afin de maintenir des performances optimales Un tournevis pour les r\u00e9glages, garantissant un fonctionnement optimal de la tondeuse. Huile pour l&#8217;entretien des lames, pour que la tondeuse reste souple et efficace La tondeuse \u00e0 cheveux sans fil Gamma Absolute Alpha est con\u00e7ue pour un usage professionnel, offrant une pr\u00e9cision, une flexibilit\u00e9 et une facilit\u00e9 d&#8217;utilisation in\u00e9gal\u00e9es, ce qui en fait un outil essentiel pour tout barbier ou coiffeur \u00e0 la recherche du meilleur de la technologie de coupe de cheveux.<\/p>\n","protected":false},"featured_media":2172,"comment_status":"closed","ping_status":"closed","template":"","meta":[],"product_brand":[],"product_cat":[62,63],"product_tag":[],"class_list":{"0":"post-2978","1":"product","2":"type-product","3":"status-publish","4":"has-post-thumbnail","6":"product_cat-outils-de-coiffure","7":"product_cat-tondeuse-de-coupe","9":"first","10":"instock","11":"shipping-taxable","12":"purchasable","13":"product-type-simple"},"_links":{"self":[{"href":"https:\/\/mr-mustache.com\/fr\/wp-json\/wp\/v2\/product\/2978","targetHints":{"allow":["GET"]}}],"collection":[{"href":"https:\/\/mr-mustache.com\/fr\/wp-json\/wp\/v2\/product"}],"about":[{"href":"https:\/\/mr-mustache.com\/fr\/wp-json\/wp\/v2\/types\/product"}],"replies":[{"embeddable":true,"href":"https:\/\/mr-mustache.com\/fr\/wp-json\/wp\/v2\/comments?post=2978"}],"version-history":[{"count":2,"href":"https:\/\/mr-mustache.com\/fr\/wp-json\/wp\/v2\/product\/2978\/revisions"}],"predecessor-version":[{"id":4433,"href":"https:\/\/mr-mustache.com\/fr\/wp-json\/wp\/v2\/product\/2978\/revisions\/4433"}],"wp:featuredmedia":[{"embeddable":true,"href":"https:\/\/mr-mustache.com\/fr\/wp-json\/wp\/v2\/media\/2172"}],"wp:attachment":[{"href":"https:\/\/mr-mustache.com\/fr\/wp-json\/wp\/v2\/media?parent=2978"}],"wp:term":[{"taxonomy":"product_brand","embeddable":true,"href":"https:\/\/mr-mustache.com\/fr\/wp-json\/wp\/v2\/product_brand?post=2978"},{"taxonomy":"product_cat","embeddable":true,"href":"https:\/\/mr-mustache.com\/fr\/wp-json\/wp\/v2\/product_cat?post=2978"},{"taxonomy":"product_tag","embeddable":true,"href":"https:\/\/mr-mustache.com\/fr\/wp-json\/wp\/v2\/product_tag?post=2978"}],"curies":[{"name":"wp","href":"https:\/\/api.w.org\/{rel}","templated":true}]}}