{"id":2981,"date":"2024-02-16T09:03:47","date_gmt":"2024-02-16T09:03:47","guid":{"rendered":"https:\/\/mr-mustache.com\/produkt\/jrl-freshfade-2020c-tondeuse-sans-fil\/"},"modified":"2024-04-04T08:47:18","modified_gmt":"2024-04-04T08:47:18","slug":"jrl-freshfade-2020c-tondeuse-sans-fil","status":"publish","type":"product","link":"https:\/\/mr-mustache.com\/fr\/produkt\/jrl-freshfade-2020c-tondeuse-sans-fil\/","title":{"rendered":"JRL FRESH FADE 2020C Tondeuse de coupe"},"content":{"rendered":"<h1><strong>Tondeuse JRL FreshFade 2020C<\/strong><\/h1>\n<p>&nbsp;<\/p>\n<h3><strong>Conception innovante et pr\u00e9cision de coupe<\/strong><\/h3>\n<p>La <strong>tondeuse JRL FreshFade 2020C<\/strong> est dot\u00e9e d&#8217;une lame unique qui reste plus froide de <strong>7\u00b0C\/13,89\u00b0F<\/strong> par rapport \u00e0 la plupart des tondeuses apr\u00e8s 30 minutes d&#8217;utilisation. Sa <strong>technologie<\/strong> brevet\u00e9e <strong>Smart-Clip<\/strong> augmente intelligemment la vitesse du moteur lorsqu&#8217;une r\u00e9sistance est d\u00e9tect\u00e9e pendant la coupe, \u00e9vitant ainsi une surcharge de la tondeuse. Le syst\u00e8me de verrouillage \u00e0 levier permet de r\u00e9gler la hauteur de la lame sur 5 niveaux diff\u00e9rents en toute s\u00e9curit\u00e9, ce qui permet de travailler sans peignes de <strong>0,5 mm \u00e0 3,5 mm<\/strong>.<\/p>\n<p>&nbsp;<\/p>\n<h3><strong>Performance et fonctionnement<\/strong><\/h3>\n<ul>\n<li><strong>Autonomie de la batterie<\/strong>: Jusqu&#8217;\u00e0 <strong>4 heures de<\/strong> fonctionnement avec une seule charge.<\/li>\n<li><strong>Lame r\u00e9volutionnaire<\/strong>: Offre <strong>2 vitesses r\u00e9glables<\/strong> pour une polyvalence de coupe (6000 et 7200 rotations par minute).<\/li>\n<li><strong>Moteur silencieux<\/strong>: Garantit une exp\u00e9rience plus confortable pour l&#8217;utilisateur et le client.<\/li>\n<li><strong>Batterie au lithium-ion<\/strong>: Fournit une alimentation fiable et efficace.<\/li>\n<li><strong>Crochet de suspension<\/strong>: Pour un rangement pratique.<\/li>\n<li><strong>Gamme de coupe \u00e9tendue<\/strong>: De <strong>0,5 \u00e0 3,5 mm<\/strong>, pour r\u00e9pondre \u00e0 une grande vari\u00e9t\u00e9 de longueurs et de styles de cheveux.<\/li>\n<\/ul>\n<p>&nbsp;<\/p>\n<h3><strong>Accessoires inclus :<\/strong><\/h3>\n<ul>\n<li><strong>Tondeuse \u00e0 cheveux JRL<\/strong><\/li>\n<li><strong>1 tournevis<\/strong><\/li>\n<li><strong>1 Brosse<\/strong><\/li>\n<li><strong>1 Lubrifiant<\/strong><\/li>\n<li><strong>Lame conique BF03<\/strong> (r\u00e9glable pour le r\u00e9glage &#8220;z\u00e9ro&#8221;)<\/li>\n<li><strong>Chargeur<\/strong> (Remarque : la station de charge n&#8217;est pas incluse)<\/li>\n<\/ul>\n<p>&nbsp;<\/p>\n<h3><strong>Attachement Combs :<\/strong><\/h3>\n<ul>\n<li>Tailles :\n<ul>\n<li><strong>1,5 mm, <\/strong><\/li>\n<li><strong>3mm, <\/strong><\/li>\n<li><strong>4,5 mm, <\/strong><\/li>\n<li><strong>6mm, <\/strong><\/li>\n<li><strong>10 mm, <\/strong><\/li>\n<li><strong>13 mm, <\/strong><\/li>\n<li><strong>16 mm, <\/strong><\/li>\n<li><strong>19mm, <\/strong><\/li>\n<li><strong>22 mm, <\/strong><\/li>\n<li><strong>25 mm<\/strong><\/li>\n<\/ul>\n<\/li>\n<\/ul>\n<p>La tondeuse JRL FreshFade 2020C est un outil de pointe pour les barbiers professionnels, offrant un refroidissement sup\u00e9rieur, une pr\u00e9cision de coupe et une polyvalence gr\u00e2ce \u00e0 sa gamme de caract\u00e9ristiques et d&#8217;accessoires.<\/p>\n","protected":false},"excerpt":{"rendered":"<h1 id=\"tw-target-text\" class=\"tw-data-text tw-text-large tw-ta\" dir=\"ltr\" data-placeholder=\"T\u0142umaczenie\"><\/h1>\n<p><em><strong>La tondeuse JRL<\/strong><\/em> dispose d&#8217;une lame exceptionnelle qui reste plus froide de 7 \u00b0C \/ 13,89 \u00b0F par rapport \u00e0 la plupart des autres tondeuses apr\u00e8s 30 minutes d&#8217;utilisation La technologie brevet\u00e9e Smart-Clip augmente la vitesse du moteur lorsque la lame d\u00e9tecte une r\u00e9sistance pendant le fonctionnement, garantissant ainsi que la tondeuse ne soit jamais surcharg\u00e9e. Le syst\u00e8me de verrouillage du levier, qui est responsable de l&#8217;ajustement de la hauteur de la lame, vous permet de la fixer sur 5 niveaux sans craindre qu&#8217;elle ne se d\u00e9place involontairement. Cela vous permet de travailler sans utiliser de peignes de guidage pour des longueurs allant de 0,5 mm \u00e0 3,5 mm.<\/p>\n","protected":false},"featured_media":2152,"comment_status":"closed","ping_status":"closed","template":"","meta":[],"product_brand":[],"product_cat":[62,63],"product_tag":[],"class_list":{"0":"post-2981","1":"product","2":"type-product","3":"status-publish","4":"has-post-thumbnail","6":"product_cat-outils-de-coiffure","7":"product_cat-tondeuse-de-coupe","9":"first","10":"instock","11":"shipping-taxable","12":"purchasable","13":"product-type-simple"},"_links":{"self":[{"href":"https:\/\/mr-mustache.com\/fr\/wp-json\/wp\/v2\/product\/2981","targetHints":{"allow":["GET"]}}],"collection":[{"href":"https:\/\/mr-mustache.com\/fr\/wp-json\/wp\/v2\/product"}],"about":[{"href":"https:\/\/mr-mustache.com\/fr\/wp-json\/wp\/v2\/types\/product"}],"replies":[{"embeddable":true,"href":"https:\/\/mr-mustache.com\/fr\/wp-json\/wp\/v2\/comments?post=2981"}],"version-history":[{"count":4,"href":"https:\/\/mr-mustache.com\/fr\/wp-json\/wp\/v2\/product\/2981\/revisions"}],"predecessor-version":[{"id":4416,"href":"https:\/\/mr-mustache.com\/fr\/wp-json\/wp\/v2\/product\/2981\/revisions\/4416"}],"wp:featuredmedia":[{"embeddable":true,"href":"https:\/\/mr-mustache.com\/fr\/wp-json\/wp\/v2\/media\/2152"}],"wp:attachment":[{"href":"https:\/\/mr-mustache.com\/fr\/wp-json\/wp\/v2\/media?parent=2981"}],"wp:term":[{"taxonomy":"product_brand","embeddable":true,"href":"https:\/\/mr-mustache.com\/fr\/wp-json\/wp\/v2\/product_brand?post=2981"},{"taxonomy":"product_cat","embeddable":true,"href":"https:\/\/mr-mustache.com\/fr\/wp-json\/wp\/v2\/product_cat?post=2981"},{"taxonomy":"product_tag","embeddable":true,"href":"https:\/\/mr-mustache.com\/fr\/wp-json\/wp\/v2\/product_tag?post=2981"}],"curies":[{"name":"wp","href":"https:\/\/api.w.org\/{rel}","templated":true}]}}