{"id":2982,"date":"2024-02-16T09:03:48","date_gmt":"2024-02-16T09:03:48","guid":{"rendered":"https:\/\/mr-mustache.com\/produkt\/tondeuse-a-cheveux-professionnelle-gamma-piu-x-ergo\/"},"modified":"2024-04-04T08:45:50","modified_gmt":"2024-04-04T08:45:50","slug":"tondeuse-a-cheveux-professionnelle-gamma-piu-x-ergo","status":"publish","type":"product","link":"https:\/\/mr-mustache.com\/fr\/produkt\/tondeuse-a-cheveux-professionnelle-gamma-piu-x-ergo\/","title":{"rendered":"GAMMA PIU X-ERGO Tondeuse de coupe"},"content":{"rendered":"<h1><strong>Tondeuse \u00e0 cheveux professionnelle GAMMA PIU X-ERGO + 3 housses interchangeables<\/strong><\/h1>\n<p>&nbsp;<\/p>\n<h3><strong>Equipement d&#8217;origine de la distribution officielle<\/strong><\/h3>\n<p>Cet emballage comprend la tondeuse \u00e0 cheveux GAMMA PIU X-ERGO originale et neuve, provenant directement de la distribution officielle. Il est accompagn\u00e9 d&#8217;une garantie de Gamma Piu Polska. En prime, un peigne Kashoki Sachiko est inclus gratuitement.<\/p>\n<p>&nbsp;<\/p>\n<h3><strong>Caract\u00e9ristiques principales<\/strong><\/h3>\n<ul>\n<li><strong>Moteur magn\u00e9tique<\/strong>: La tondeuse professionnelle X-Ergo est aliment\u00e9e par un moteur magn\u00e9tique et est livr\u00e9e avec 3 couvercles interchangeables de diff\u00e9rentes couleurs, ce qui ajoute de la polyvalence et de la personnalisation \u00e0 votre bo\u00eete \u00e0 outils professionnelle.<\/li>\n<li><strong>Qualit\u00e9 de la lame<\/strong>: La lame de 45 mm en fibre de carbone DLC (Diamond-Like Carbon) Black Diamond est r\u00e9put\u00e9e pour sa grande douceur, garantissant des coupes nettes et pr\u00e9cises.<\/li>\n<li><strong>Leviers personnalisables<\/strong>: \u00c9quip\u00e9 de 3 leviers configurables &#8211; 2 pour le syst\u00e8me click et 1 pour les r\u00e9glages freestyle, offrant une flexibilit\u00e9 dans les techniques de coupe.<\/li>\n<li><strong>Moteur \u00e0 grande vitesse<\/strong>: La tondeuse est dot\u00e9e d&#8217;un moteur d&#8217;une vitesse de 10 000 tr\/min, am\u00e9lior\u00e9 par une puce \u00e9lectronique \u00e9largie pour un couple et une puissance accrus, offrant des performances de coupe efficaces et puissantes.<\/li>\n<li><strong>R\u00e9glage de la lame<\/strong>: R\u00e9glage facile de la lame avec une option z\u00e9ro \u00e9cart pour une pr\u00e9cision de fondu rasoir.<\/li>\n<li><strong>Performance de la batterie<\/strong>: La batterie au lithium offre une autonomie de 120 minutes avec une charge rapide de 105 minutes seulement, ce qui garantit une performance continue pendant les journ\u00e9es les plus charg\u00e9es.<\/li>\n<li><strong>Support de lame<\/strong>: Le support de lame r\u00e9gulier ou extensible permet d&#8217;ajuster les coups courts ou longs, pour s&#8217;adapter \u00e0 une vari\u00e9t\u00e9 de styles de coupe.<\/li>\n<li><strong>Jeu de peignes complet<\/strong>: Comprend un ensemble de 8 peignes \u00e0 double aimant mesurant 1,5-3-4,5-6-10-13-16-19 mm, permettant une large gamme de longueurs et de styles.<\/li>\n<li><strong>Kit d&#8217;entretien<\/strong>: Un kit de nettoyage et d&#8217;entretien avec un mini-tournevis pour les r\u00e9glages est \u00e9galement inclus, garantissant que la tondeuse reste en parfait \u00e9tat.<\/li>\n<\/ul>\n<p>Ce kit de tondeuses \u00e0 cheveux professionnelles est con\u00e7u pour r\u00e9pondre aux besoins exigeants des professionnels. Il offre des performances \u00e9lev\u00e9es, une grande pr\u00e9cision et une grande polyvalence gr\u00e2ce \u00e0 des fonctions personnalisables et \u00e0 des couvercles interchangeables.<\/p>\n","protected":false},"excerpt":{"rendered":"<p>Tondeuse \u00e0 cheveux professionnelle GAMMA PIU X-ERGO + 3 housses interchangeables &nbsp; Equipement d&#8217;origine de la distribution officielle Cet emballage comprend la tondeuse \u00e0 cheveux GAMMA PIU X-ERGO originale et neuve, provenant directement de la distribution officielle. Il est accompagn\u00e9 d&#8217;une garantie de Gamma Piu Polska. En prime, un peigne Kashoki Sachiko est inclus gratuitement. &nbsp; Caract\u00e9ristiques principales Moteur magn\u00e9tique: La tondeuse professionnelle X-Ergo est aliment\u00e9e par un moteur magn\u00e9tique et est livr\u00e9e avec 3 couvercles interchangeables de diff\u00e9rentes couleurs, ce qui ajoute de la polyvalence et de la personnalisation \u00e0 votre bo\u00eete \u00e0 outils professionnelle. Qualit\u00e9 de la lame: La lame de 45 mm en fibre de carbone DLC (Diamond-Like Carbon) Black Diamond est r\u00e9put\u00e9e pour sa grande douceur, garantissant des coupes nettes et pr\u00e9cises. Leviers personnalisables: \u00c9quip\u00e9 de 3 leviers configurables &#8211; 2 pour le syst\u00e8me click et 1 pour les r\u00e9glages freestyle, offrant une flexibilit\u00e9 dans les techniques de coupe. Moteur \u00e0 grande vitesse: La tondeuse est dot\u00e9e d&#8217;un moteur d&#8217;une vitesse de 10 000 tr\/min, am\u00e9lior\u00e9 par une puce \u00e9lectronique \u00e9largie pour un couple et une puissance accrus, offrant des performances de coupe efficaces et puissantes. R\u00e9glage de la lame: R\u00e9glage facile de la lame avec une option z\u00e9ro \u00e9cart pour une pr\u00e9cision de fondu rasoir. Performance de la batterie: La batterie au lithium offre une autonomie de 120 minutes avec une charge rapide de 105 minutes seulement, ce qui garantit une performance continue pendant les journ\u00e9es les plus charg\u00e9es. Support de lame: Le support de lame r\u00e9gulier ou extensible permet d&#8217;ajuster les coups courts ou longs, pour s&#8217;adapter \u00e0 une vari\u00e9t\u00e9 de styles de coupe. Jeu de peignes complet: Comprend un ensemble de 8 peignes \u00e0 double aimant mesurant 1,5-3-4,5-6-10-13-16-19 mm, permettant une large gamme de longueurs et de styles. Kit d&#8217;entretien: Un kit de nettoyage et d&#8217;entretien avec un mini-tournevis pour les r\u00e9glages est \u00e9galement inclus, garantissant que la tondeuse reste en parfait \u00e9tat. Ce kit de tondeuses \u00e0 cheveux professionnelles est con\u00e7u pour r\u00e9pondre aux besoins exigeants des professionnels. Il offre des performances \u00e9lev\u00e9es, une grande pr\u00e9cision et une grande polyvalence gr\u00e2ce \u00e0 des fonctions personnalisables et \u00e0 des couvercles interchangeables.<\/p>\n","protected":false},"featured_media":2174,"comment_status":"closed","ping_status":"closed","template":"","meta":[],"product_brand":[],"product_cat":[62,63],"product_tag":[],"class_list":{"0":"post-2982","1":"product","2":"type-product","3":"status-publish","4":"has-post-thumbnail","6":"product_cat-outils-de-coiffure","7":"product_cat-tondeuse-de-coupe","9":"first","10":"instock","11":"sale","12":"shipping-taxable","13":"purchasable","14":"product-type-simple"},"_links":{"self":[{"href":"https:\/\/mr-mustache.com\/fr\/wp-json\/wp\/v2\/product\/2982","targetHints":{"allow":["GET"]}}],"collection":[{"href":"https:\/\/mr-mustache.com\/fr\/wp-json\/wp\/v2\/product"}],"about":[{"href":"https:\/\/mr-mustache.com\/fr\/wp-json\/wp\/v2\/types\/product"}],"replies":[{"embeddable":true,"href":"https:\/\/mr-mustache.com\/fr\/wp-json\/wp\/v2\/comments?post=2982"}],"version-history":[{"count":2,"href":"https:\/\/mr-mustache.com\/fr\/wp-json\/wp\/v2\/product\/2982\/revisions"}],"predecessor-version":[{"id":4408,"href":"https:\/\/mr-mustache.com\/fr\/wp-json\/wp\/v2\/product\/2982\/revisions\/4408"}],"wp:featuredmedia":[{"embeddable":true,"href":"https:\/\/mr-mustache.com\/fr\/wp-json\/wp\/v2\/media\/2174"}],"wp:attachment":[{"href":"https:\/\/mr-mustache.com\/fr\/wp-json\/wp\/v2\/media?parent=2982"}],"wp:term":[{"taxonomy":"product_brand","embeddable":true,"href":"https:\/\/mr-mustache.com\/fr\/wp-json\/wp\/v2\/product_brand?post=2982"},{"taxonomy":"product_cat","embeddable":true,"href":"https:\/\/mr-mustache.com\/fr\/wp-json\/wp\/v2\/product_cat?post=2982"},{"taxonomy":"product_tag","embeddable":true,"href":"https:\/\/mr-mustache.com\/fr\/wp-json\/wp\/v2\/product_tag?post=2982"}],"curies":[{"name":"wp","href":"https:\/\/api.w.org\/{rel}","templated":true}]}}