{"id":2987,"date":"2024-02-16T09:05:27","date_gmt":"2024-02-16T09:05:27","guid":{"rendered":"https:\/\/mr-mustache.com\/produkt\/tondeuse-a-cheveux-stylecraft-saber-gold\/"},"modified":"2024-04-04T08:49:47","modified_gmt":"2024-04-04T08:49:47","slug":"tondeuse-a-cheveux-stylecraft-saber-gold","status":"publish","type":"product","link":"https:\/\/mr-mustache.com\/fr\/produkt\/tondeuse-a-cheveux-stylecraft-saber-gold\/","title":{"rendered":"STYLECRAFT SABER GOLD Tondeuse de finition"},"content":{"rendered":"<p><strong>Stylecraft Saber Gold &#8211; Tondeuse \u00e0 cheveux en m\u00e9tal<\/strong><\/p>\n<p><strong>Introduction :<\/strong><\/p>\n<p>La Stylecraft Saber Gold est une tondeuse \u00e0 cheveux en m\u00e9tal de premi\u00e8re qualit\u00e9 \u00e9quip\u00e9e d&#8217;un moteur num\u00e9rique sans balai \u00e0 la pointe de la technologie. Cette nouvelle tondeuse de Stylecraft se d\u00e9marque dans l&#8217;industrie de la tondeuse professionnelle.<\/p>\n<p><strong>Design et confort :<\/strong><\/p>\n<ul>\n<li><strong>Corps en m\u00e9tal dor\u00e9 :<\/strong> Il offre une apparence \u00e9l\u00e9gante et distinctive et se distingue par son esth\u00e9tique.<\/li>\n<li><strong>Conception ergonomique et bouton d&#8217;alimentation :<\/strong> L&#8217;innovation et le confort sont au rendez-vous, ce qui rend l&#8217;appareil convivial et efficace pour de longues p\u00e9riodes d&#8217;utilisation.<\/li>\n<\/ul>\n<p><strong>Performance :<\/strong><\/p>\n<ul>\n<li><strong>Moteur num\u00e9rique sans balais :<\/strong> D\u00e9livre une puissance de 7500 tr\/min, r\u00e9duisant consid\u00e9rablement le bruit et les vibrations pour un fonctionnement exceptionnellement silencieux.<\/li>\n<li><strong>L\u00e9ger :<\/strong> Malgr\u00e9 la puissance de son moteur et de sa batterie, il ne p\u00e8se que 210 grammes, ce qui facilite son utilisation et sa maniabilit\u00e9 pour un fonctionnement sans fil jusqu&#8217;\u00e0 180 minutes.<\/li>\n<li><strong>Chargement pratique :<\/strong> Peut \u00eatre recharg\u00e9 \u00e0 l&#8217;aide d&#8217;un c\u00e2ble micro-USB universel et est livr\u00e9 avec une base de chargement, ce qui am\u00e9liore sa facilit\u00e9 d&#8217;utilisation et sa disponibilit\u00e9.<\/li>\n<li><strong>R\u00e9glage de l&#8217;\u00e9cart z\u00e9ro :<\/strong> Cette fonction permet de r\u00e9aliser des coupes tr\u00e8s rapproch\u00e9es sans ab\u00eemer les cheveux, avec un design fin et une lame expos\u00e9e \u00e0 360 degr\u00e9s pour une meilleure visibilit\u00e9 et une plus grande pr\u00e9cision.<\/li>\n<\/ul>\n<p><strong>Sp\u00e9cifications :<\/strong><\/p>\n<ul>\n<li><strong>Moteur num\u00e9rique sans balais \u00e0 couple \u00e9lev\u00e9 et \u00e0 faibles vibrations :<\/strong> Fonctionne \u00e0 7500 tr\/min.<\/li>\n<li><strong>Lame en titane X-PRO Gold hypoallerg\u00e9nique :<\/strong> 40 mm de diam\u00e8tre pour une coupe douce et sans irritation.<\/li>\n<li><strong>Batterie au lithium :<\/strong> Fournit 180 minutes d&#8217;autonomie avec un temps de charge de 110 minutes.<\/li>\n<li><strong>Hauteur de coupe :<\/strong> R\u00e9glable de 0 \u00e0 0,8 mm.<\/li>\n<li><strong>Poids :<\/strong> 210 grammes.<\/li>\n<\/ul>\n<p><strong>Le paquet comprend :<\/strong><\/p>\n<ul>\n<li>Kit de nettoyage et d&#8217;entretien.<\/li>\n<li>Mini-tournevis.<\/li>\n<li>Adaptateur \u00e9lectrique.<\/li>\n<li>Base de chargement.<\/li>\n<\/ul>\n<p><strong>Garantie :<\/strong> 12 mois.<\/p>\n","protected":false},"excerpt":{"rendered":"<p>Stylecraft Saber Gold &#8211; Tondeuse \u00e0 cheveux en m\u00e9tal Introduction : La Stylecraft Saber Gold est une tondeuse \u00e0 cheveux en m\u00e9tal de premi\u00e8re qualit\u00e9 \u00e9quip\u00e9e d&#8217;un moteur num\u00e9rique sans balai \u00e0 la pointe de la technologie. Cette nouvelle tondeuse de Stylecraft se d\u00e9marque dans l&#8217;industrie de la tondeuse professionnelle. Design et confort : Corps en m\u00e9tal dor\u00e9 : Il offre une apparence \u00e9l\u00e9gante et distinctive et se distingue par son esth\u00e9tique. Conception ergonomique et bouton d&#8217;alimentation : L&#8217;innovation et le confort sont au rendez-vous, ce qui rend l&#8217;appareil convivial et efficace pour de longues p\u00e9riodes d&#8217;utilisation. Performance : Moteur num\u00e9rique sans balais : D\u00e9livre une puissance de 7500 tr\/min, r\u00e9duisant consid\u00e9rablement le bruit et les vibrations pour un fonctionnement exceptionnellement silencieux. L\u00e9ger : Malgr\u00e9 la puissance de son moteur et de sa batterie, il ne p\u00e8se que 210 grammes, ce qui facilite son utilisation et sa maniabilit\u00e9 pour un fonctionnement sans fil jusqu&#8217;\u00e0 180 minutes. Chargement pratique : Peut \u00eatre recharg\u00e9 \u00e0 l&#8217;aide d&#8217;un c\u00e2ble micro-USB universel et est livr\u00e9 avec une base de chargement, ce qui am\u00e9liore sa facilit\u00e9 d&#8217;utilisation et sa disponibilit\u00e9. R\u00e9glage de l&#8217;\u00e9cart z\u00e9ro : Cette fonction permet de r\u00e9aliser des coupes tr\u00e8s rapproch\u00e9es sans ab\u00eemer les cheveux, avec un design fin et une lame expos\u00e9e \u00e0 360 degr\u00e9s pour une meilleure visibilit\u00e9 et une plus grande pr\u00e9cision. Sp\u00e9cifications : Moteur num\u00e9rique sans balais \u00e0 couple \u00e9lev\u00e9 et \u00e0 faibles vibrations : Fonctionne \u00e0 7500 tr\/min. Lame en titane X-PRO Gold hypoallerg\u00e9nique : 40 mm de diam\u00e8tre pour une coupe douce et sans irritation. Batterie au lithium : Fournit 180 minutes d&#8217;autonomie avec un temps de charge de 110 minutes. Hauteur de coupe : R\u00e9glable de 0 \u00e0 0,8 mm. Poids : 210 grammes. Le paquet comprend : Kit de nettoyage et d&#8217;entretien. Mini-tournevis. Adaptateur \u00e9lectrique. Base de chargement. Garantie : 12 mois.<\/p>\n","protected":false},"featured_media":2242,"comment_status":"closed","ping_status":"closed","template":"","meta":[],"product_brand":[],"product_cat":[61,62],"product_tag":[],"class_list":{"0":"post-2987","1":"product","2":"type-product","3":"status-publish","4":"has-post-thumbnail","6":"product_cat-tondeuse-de-finition","7":"product_cat-outils-de-coiffure","9":"first","10":"outofstock","11":"shipping-taxable","12":"purchasable","13":"product-type-simple"},"_links":{"self":[{"href":"https:\/\/mr-mustache.com\/fr\/wp-json\/wp\/v2\/product\/2987","targetHints":{"allow":["GET"]}}],"collection":[{"href":"https:\/\/mr-mustache.com\/fr\/wp-json\/wp\/v2\/product"}],"about":[{"href":"https:\/\/mr-mustache.com\/fr\/wp-json\/wp\/v2\/types\/product"}],"replies":[{"embeddable":true,"href":"https:\/\/mr-mustache.com\/fr\/wp-json\/wp\/v2\/comments?post=2987"}],"version-history":[{"count":1,"href":"https:\/\/mr-mustache.com\/fr\/wp-json\/wp\/v2\/product\/2987\/revisions"}],"predecessor-version":[{"id":4421,"href":"https:\/\/mr-mustache.com\/fr\/wp-json\/wp\/v2\/product\/2987\/revisions\/4421"}],"wp:featuredmedia":[{"embeddable":true,"href":"https:\/\/mr-mustache.com\/fr\/wp-json\/wp\/v2\/media\/2242"}],"wp:attachment":[{"href":"https:\/\/mr-mustache.com\/fr\/wp-json\/wp\/v2\/media?parent=2987"}],"wp:term":[{"taxonomy":"product_brand","embeddable":true,"href":"https:\/\/mr-mustache.com\/fr\/wp-json\/wp\/v2\/product_brand?post=2987"},{"taxonomy":"product_cat","embeddable":true,"href":"https:\/\/mr-mustache.com\/fr\/wp-json\/wp\/v2\/product_cat?post=2987"},{"taxonomy":"product_tag","embeddable":true,"href":"https:\/\/mr-mustache.com\/fr\/wp-json\/wp\/v2\/product_tag?post=2987"}],"curies":[{"name":"wp","href":"https:\/\/api.w.org\/{rel}","templated":true}]}}