{"id":3132,"date":"2024-02-16T09:04:09","date_gmt":"2024-02-16T09:04:09","guid":{"rendered":"https:\/\/mr-mustache.com\/produkt\/rasoir-babyliss-chemeleon-pro-fxfs2ie-4artist\/"},"modified":"2024-04-04T09:16:33","modified_gmt":"2024-04-04T09:16:33","slug":"rasoir-babyliss-chemeleon-pro-fxfs2ie-4artist","status":"publish","type":"product","link":"https:\/\/mr-mustache.com\/fr\/produkt\/rasoir-babyliss-chemeleon-pro-fxfs2ie-4artist\/","title":{"rendered":"BABYLISS CHAMELEON PRO FXFS2IE 4Artist Rasoir"},"content":{"rendered":"<h1><strong>BaByliss PRO FXFS2IE 4Artist Hair Shaver (rasoir pour cheveux)<\/strong><\/h1>\n<p>&nbsp;<\/p>\n<p>Ce rasoir sans fil de la s\u00e9rie 4Artists est propos\u00e9 dans une couleur \u00e9l\u00e9gante. Le BaBylissPRO4Artists est une ligne de produits de luxe cr\u00e9\u00e9e pour les professionnels. Le rasoir se distingue par sa qualit\u00e9 exceptionnelle, sa fonctionnalit\u00e9, sa pr\u00e9cision et son confort d&#8217;utilisation. Le design \u00e9l\u00e9gant du rasoir et sa forme ergonomique font de l&#8217;utilisation du produit un v\u00e9ritable plaisir.<\/p>\n<h3><strong>Caract\u00e9ristiques professionnelles :<\/strong><\/h3>\n<p>Les rasoirs enti\u00e8rement m\u00e9talliques FOILFX02 de la s\u00e9rie BaBylissPRO\u00ae4Artists allient style, classe et fonctionnalit\u00e9. Le rasoir est con\u00e7u pour offrir une finition parfaite \u00e0 toute coupe de cheveux. C&#8217;est l&#8217;outil id\u00e9al pour les rasages de pr\u00e8s et l&#8217;\u00e9galisation des contours des cheveux.<\/p>\n<p>Le syst\u00e8me de grille ultra-mince garantit un rasage s\u00fbr et pr\u00e9cis sans irritation. Le rasoir est tr\u00e8s confortable \u00e0 utiliser, avec une forme qui s&#8217;adapte parfaitement \u00e0 la main.<\/p>\n<p>&nbsp;<\/p>\n<h3><strong>Conception et maintenance :<\/strong><\/h3>\n<p>Le bo\u00eetier m\u00e9tallique est \u00e0 la fois \u00e9l\u00e9gant et durable. La grille de rasage peut \u00eatre facilement retir\u00e9e pour un entretien r\u00e9gulier. Apr\u00e8s avoir utilis\u00e9 le rasoir, il suffit de mettre le couvercle de protection pour l&#8217;\u00e9teindre.<\/p>\n<p>Avec le rasoir \u00e0 grille BaBylissPRO4Artists FOILFX02, vous pouvez facilement changer de longueur pour donner des nuances \u00e0 la barbe ou raser toute la t\u00eate tr\u00e8s court, \u00e9galiser le d\u00e9collet\u00e9, raser la barbe et les poils isol\u00e9s, et finir parfaitement la coiffure.<\/p>\n<p>&nbsp;<\/p>\n<h3><strong>Sp\u00e9cifications :<\/strong><\/h3>\n<ul>\n<li>Bo\u00eetier enti\u00e8rement m\u00e9tallique<\/li>\n<li>Puissant moteur \u00e0 courant continu &#8211; 11 000 mouvements de lame par minute<\/li>\n<li>Syst\u00e8me de double feuille ultra-mince<\/li>\n<li>Batterie NiMH<\/li>\n<li>Dur\u00e9e de fonctionnement avec une seule charge : 3 heures<\/li>\n<li>Temps de charge complet : 3 heures<\/li>\n<li>Grande zone de rasage &#8211; 44 mm<\/li>\n<li>Arr\u00eat automatique lorsque le couvercle est ferm\u00e9<\/li>\n<li>Comprend un \u00e9tui et une brosse de nettoyage<\/li>\n<li>C\u00e2ble d&#8217;alimentation professionnel de 3 m<\/li>\n<li>Tension universelle<\/li>\n<\/ul>\n<p>Le syst\u00e8me de grille ultra-mince permet un rasage s\u00fbr et pr\u00e9cis sans irriter la peau. Ces rasoirs sont tr\u00e8s confortables \u00e0 utiliser gr\u00e2ce \u00e0 leur conception parfaitement \u00e9quilibr\u00e9e.<\/p>\n<p>Le bo\u00eetier enti\u00e8rement m\u00e9tallique est non seulement \u00e9l\u00e9gant, mais aussi extr\u00eamement r\u00e9sistant.<\/p>\n<p>&nbsp;<\/p>\n<p><strong>Garantie :<\/strong> 12 mois<\/p>\n","protected":false},"excerpt":{"rendered":"<p>BaByliss PRO FXFS2IE 4Artist Hair Shaver (rasoir pour cheveux) &nbsp; Ce rasoir sans fil de la s\u00e9rie 4Artists est propos\u00e9 dans une couleur \u00e9l\u00e9gante. Le BaBylissPRO4Artists est une ligne de produits de luxe cr\u00e9\u00e9e pour les professionnels. Le rasoir se distingue par sa qualit\u00e9 exceptionnelle, sa fonctionnalit\u00e9, sa pr\u00e9cision et son confort d&#8217;utilisation. Le design \u00e9l\u00e9gant du rasoir et sa forme ergonomique font de l&#8217;utilisation du produit un v\u00e9ritable plaisir. Caract\u00e9ristiques professionnelles : Les rasoirs enti\u00e8rement m\u00e9talliques FOILFX02 de la s\u00e9rie BaBylissPRO\u00ae4Artists allient style, classe et fonctionnalit\u00e9. Le rasoir est con\u00e7u pour offrir une finition parfaite \u00e0 toute coupe de cheveux. C&#8217;est l&#8217;outil id\u00e9al pour les rasages de pr\u00e8s et l&#8217;\u00e9galisation des contours des cheveux. Le syst\u00e8me de grille ultra-mince garantit un rasage s\u00fbr et pr\u00e9cis sans irritation. Le rasoir est tr\u00e8s confortable \u00e0 utiliser, avec une forme qui s&#8217;adapte parfaitement \u00e0 la main. &nbsp; Conception et maintenance : Le bo\u00eetier m\u00e9tallique est \u00e0 la fois \u00e9l\u00e9gant et durable. La grille de rasage peut \u00eatre facilement retir\u00e9e pour un entretien r\u00e9gulier. Apr\u00e8s avoir utilis\u00e9 le rasoir, il suffit de mettre le couvercle de protection pour l&#8217;\u00e9teindre. Avec le rasoir \u00e0 grille BaBylissPRO4Artists FOILFX02, vous pouvez facilement changer de longueur pour donner des nuances \u00e0 la barbe ou raser toute la t\u00eate tr\u00e8s court, \u00e9galiser le d\u00e9collet\u00e9, raser la barbe et les poils isol\u00e9s, et finir parfaitement la coiffure. &nbsp; Sp\u00e9cifications : Bo\u00eetier enti\u00e8rement m\u00e9tallique Puissant moteur \u00e0 courant continu &#8211; 11 000 mouvements de lame par minute Syst\u00e8me de double feuille ultra-mince Batterie NiMH Dur\u00e9e de fonctionnement avec une seule charge : 3 heures Temps de charge complet : 3 heures Grande zone de rasage &#8211; 44 mm Arr\u00eat automatique lorsque le couvercle est ferm\u00e9 Comprend un \u00e9tui et une brosse de nettoyage C\u00e2ble d&#8217;alimentation professionnel de 3 m Tension universelle Le syst\u00e8me de grille ultra-mince permet un rasage s\u00fbr et pr\u00e9cis sans irriter la peau. Ces rasoirs sont tr\u00e8s confortables \u00e0 utiliser gr\u00e2ce \u00e0 leur conception parfaitement \u00e9quilibr\u00e9e. Le bo\u00eetier enti\u00e8rement m\u00e9tallique est non seulement \u00e9l\u00e9gant, mais aussi extr\u00eamement r\u00e9sistant. &nbsp; Garantie : 12 mois<\/p>\n","protected":false},"featured_media":2200,"comment_status":"closed","ping_status":"closed","template":"","meta":[],"product_brand":[],"product_cat":[62,64],"product_tag":[],"class_list":{"0":"post-3132","1":"product","2":"type-product","3":"status-publish","4":"has-post-thumbnail","6":"product_cat-outils-de-coiffure","7":"product_cat-tondeuse-a-cheveux-fr","9":"first","10":"instock","11":"shipping-taxable","12":"purchasable","13":"product-type-simple"},"_links":{"self":[{"href":"https:\/\/mr-mustache.com\/fr\/wp-json\/wp\/v2\/product\/3132","targetHints":{"allow":["GET"]}}],"collection":[{"href":"https:\/\/mr-mustache.com\/fr\/wp-json\/wp\/v2\/product"}],"about":[{"href":"https:\/\/mr-mustache.com\/fr\/wp-json\/wp\/v2\/types\/product"}],"replies":[{"embeddable":true,"href":"https:\/\/mr-mustache.com\/fr\/wp-json\/wp\/v2\/comments?post=3132"}],"version-history":[{"count":2,"href":"https:\/\/mr-mustache.com\/fr\/wp-json\/wp\/v2\/product\/3132\/revisions"}],"predecessor-version":[{"id":4436,"href":"https:\/\/mr-mustache.com\/fr\/wp-json\/wp\/v2\/product\/3132\/revisions\/4436"}],"wp:featuredmedia":[{"embeddable":true,"href":"https:\/\/mr-mustache.com\/fr\/wp-json\/wp\/v2\/media\/2200"}],"wp:attachment":[{"href":"https:\/\/mr-mustache.com\/fr\/wp-json\/wp\/v2\/media?parent=3132"}],"wp:term":[{"taxonomy":"product_brand","embeddable":true,"href":"https:\/\/mr-mustache.com\/fr\/wp-json\/wp\/v2\/product_brand?post=3132"},{"taxonomy":"product_cat","embeddable":true,"href":"https:\/\/mr-mustache.com\/fr\/wp-json\/wp\/v2\/product_cat?post=3132"},{"taxonomy":"product_tag","embeddable":true,"href":"https:\/\/mr-mustache.com\/fr\/wp-json\/wp\/v2\/product_tag?post=3132"}],"curies":[{"name":"wp","href":"https:\/\/api.w.org\/{rel}","templated":true}]}}