{"id":5179,"date":"2024-02-16T09:03:47","date_gmt":"2024-02-16T09:03:47","guid":{"rendered":"https:\/\/mr-mustache.com\/produkt\/tondeuse-a-cheveux-jrl-fresh-fade-2020\/"},"modified":"2024-04-16T10:22:00","modified_gmt":"2024-04-16T10:22:00","slug":"tondeuse-a-cheveux-jrl-fresh-fade-2020","status":"publish","type":"product","link":"https:\/\/mr-mustache.com\/fr\/produkt\/tondeuse-a-cheveux-jrl-fresh-fade-2020\/","title":{"rendered":"Tondeuse \u00e0 cheveux JRL Fresh Fade 2020"},"content":{"rendered":"<h1>Tondeuse \u00e0 cheveux JRL Fresh Fade 2020<\/h1>\n<p>La tondeuse JRL Fresh Fade 2020 est un excellent compl\u00e9ment \u00e0 toute routine de tonte de cheveux. Cette tondeuse sans fil est dot\u00e9e d&#8217;une lame unique qui reste plus froide de 7\u00b0C\/13,89\u00b0F que la plupart des tondeuses \u00e0 cheveux apr\u00e8s 30 minutes d&#8217;utilisation. De plus, sa lame en forme de T permet une plus grande libert\u00e9 de mouvement lors de la coupe. La technologie brevet\u00e9e Smart-Clip augmente la vitesse du moteur lorsque la lame rencontre une r\u00e9sistance pendant l&#8217;utilisation, \u00e9vitant ainsi une surcharge du coupe-bordures.<\/p>\n<p>&nbsp;<\/p>\n<h3><strong>CARACT\u00c9RISTIQUES :<\/strong><\/h3>\n<ul>\n<li><strong>Temps de charge :<\/strong> 2 heures<\/li>\n<li><strong>Dur\u00e9e de fonctionnement avec une batterie pleine :<\/strong> 2 heures<\/li>\n<li><strong>Vitesse de fonctionnement :<\/strong> 7200 tr\/min<\/li>\n<li><strong>Batterie :<\/strong> Lithium-ion (3.7V 1400mAh)<\/li>\n<li><strong>Faible niveau sonore :<\/strong> 60dB en fonctionnement<\/li>\n<li><strong>Poids :<\/strong> 212g<\/li>\n<\/ul>\n<h3><\/h3>\n<h3><strong>Inclus dans le set :<\/strong><\/h3>\n<ul>\n<li>Huile de lubrification<\/li>\n<li>SF07 Lame de pr\u00e9cision en T<\/li>\n<li>Adaptateur \u00e9lectrique<\/li>\n<li>Brosses de nettoyage<\/li>\n<\/ul>\n","protected":false},"excerpt":{"rendered":"<p>Trymer do w\u0142os\u00f3w jrl fresh fade<\/p>\n","protected":false},"featured_media":2128,"comment_status":"closed","ping_status":"closed","template":"","meta":[],"product_brand":[],"product_cat":[61,62],"product_tag":[],"class_list":{"0":"post-5179","1":"product","2":"type-product","3":"status-publish","4":"has-post-thumbnail","6":"product_cat-tondeuse-de-finition","7":"product_cat-outils-de-coiffure","9":"first","10":"instock","11":"shipping-taxable","12":"purchasable","13":"product-type-simple"},"_links":{"self":[{"href":"https:\/\/mr-mustache.com\/fr\/wp-json\/wp\/v2\/product\/5179","targetHints":{"allow":["GET"]}}],"collection":[{"href":"https:\/\/mr-mustache.com\/fr\/wp-json\/wp\/v2\/product"}],"about":[{"href":"https:\/\/mr-mustache.com\/fr\/wp-json\/wp\/v2\/types\/product"}],"replies":[{"embeddable":true,"href":"https:\/\/mr-mustache.com\/fr\/wp-json\/wp\/v2\/comments?post=5179"}],"version-history":[{"count":1,"href":"https:\/\/mr-mustache.com\/fr\/wp-json\/wp\/v2\/product\/5179\/revisions"}],"predecessor-version":[{"id":5180,"href":"https:\/\/mr-mustache.com\/fr\/wp-json\/wp\/v2\/product\/5179\/revisions\/5180"}],"wp:featuredmedia":[{"embeddable":true,"href":"https:\/\/mr-mustache.com\/fr\/wp-json\/wp\/v2\/media\/2128"}],"wp:attachment":[{"href":"https:\/\/mr-mustache.com\/fr\/wp-json\/wp\/v2\/media?parent=5179"}],"wp:term":[{"taxonomy":"product_brand","embeddable":true,"href":"https:\/\/mr-mustache.com\/fr\/wp-json\/wp\/v2\/product_brand?post=5179"},{"taxonomy":"product_cat","embeddable":true,"href":"https:\/\/mr-mustache.com\/fr\/wp-json\/wp\/v2\/product_cat?post=5179"},{"taxonomy":"product_tag","embeddable":true,"href":"https:\/\/mr-mustache.com\/fr\/wp-json\/wp\/v2\/product_tag?post=5179"}],"curies":[{"name":"wp","href":"https:\/\/api.w.org\/{rel}","templated":true}]}}