{"id":5757,"date":"2024-08-21T19:51:05","date_gmt":"2024-08-21T19:51:05","guid":{"rendered":"https:\/\/mr-mustache.com\/produkt\/jrl-ghost-kit-tondeuse-trimmer-2-x-station\/"},"modified":"2024-09-02T20:24:51","modified_gmt":"2024-09-02T20:24:51","slug":"jrl-ghost-kit-tondeuse-trimmer-2-x-station","status":"publish","type":"product","link":"https:\/\/mr-mustache.com\/fr\/produkt\/jrl-ghost-kit-tondeuse-trimmer-2-x-station\/","title":{"rendered":"JRL GHOST KIT Tondeuse + Trimmer + 2 x station"},"content":{"rendered":"<h1>JRL GHOST SET<\/h1>\n<p>version blanche limit\u00e9e de l&#8217;outil JRL ONYX. \u00a0 Le compte est bon :<\/p>\n<ul>\n<li>Tondeuse de coupe JRL GHOST 2020C<\/li>\n<li>Tondeuse de finition JRL GHOST 2020T avec lame EZ-M GAP,<\/li>\n<li>2 x station de charge<\/li>\n<li>Tournevis<\/li>\n<li>Brosse<\/li>\n<li>Olive<\/li>\n<\/ul>\n<p>&nbsp;<\/p>\n<h1><strong>Tondeuse do coupe JRL Ghost<\/strong><\/h1>\n<p><strong>Technologie brevet\u00e9e Reset IQ Charge<\/strong> \u2014 un nouveau syst\u00e8me de charge qui prolonge la dur\u00e9e de vie de la batterie. La tondeuse \u00e0 cheveux JRL Ghost continue de se charger \u00e0 100 %, m\u00eame apr\u00e8s une utilisation prolong\u00e9e.<br \/>\n3 heures de charge normale, 5 heures de charge avec Reset IQ<br \/>\nLa technologie brevet\u00e9e <strong>Smart-Clip<\/strong> augmente la vitesse du moteur lorsque la lame d\u00e9tecte une r\u00e9sistance pendant le travail, garantissant que la tondeuse ne subit jamais de surcharge. Elle assure une coupe lisse et uniforme \u00e0 chaque utilisation.<br \/>\n<strong>Puissance constante<\/strong> \u2014 r\u00e9glage de la vitesse en deux \u00e9tapes (6000 et 7500 tr\/min) offrant une polyvalence de coupe et maintenant une vitesse constante pendant le travail.<br \/>\n\u00c9quip\u00e9e d&#8217;une <strong>lame de pr\u00e9cision Onyx Fade<\/strong> \u2014 id\u00e9ale pour obtenir un effet de d\u00e9grad\u00e9 parfait, avec une longueur de coupe maximale de 3,5 mm<br \/>\nMoteur silencieux \u2014 pour un environnement de travail agr\u00e9able<br \/>\nTemps de fonctionnement maximal de 5 heures \u2014 3 heures de charge garantissent 5 heures de fonctionnement sur batterie<br \/>\nLe syst\u00e8me de verrouillage du levier de r\u00e9glage de la hauteur de la lame permet de le r\u00e9gler sur 5 niveaux sans risque de d\u00e9placement accidentel, permettant ainsi de travailler sans guides de 0,5 mm \u00e0 3,5 mm.<br \/>\nTechnologie brevet\u00e9e <strong>Cool Blade<\/strong> \u2014 mat\u00e9riau sp\u00e9cial qui maintient la temp\u00e9rature de la lame plus basse que celle de la plupart des tondeuses lors d&#8217;un test de 30 minutes. La lame est \u00e9galement compatible avec la plupart des tondeuses professionnelles du march\u00e9.<br \/>\nL&#8217;affichage <strong>LED<\/strong> indique le temps de fonctionnement restant de la batterie pour le r\u00e9glage de vitesse actuel.<\/p>\n<h1><strong>Tondeuse de finition JRL Ghost<\/strong><\/h1>\n<p>La tondeuse sans fil <strong>JRL FF2020T Ghost<\/strong> dispose d&#8217;une lame brevet\u00e9e <strong>EZ-GAP<\/strong> qui assure une coupe de haute qualit\u00e9. Gr\u00e2ce \u00e0 la technologie brevet\u00e9e <strong>Smart Clip<\/strong>, la tondeuse d\u00e9tecte la r\u00e9sistance de la lame et augmente la vitesse du moteur, garantissant qu&#8217;elle ne se coince jamais, m\u00eame dans les cheveux \u00e9pais et denses.<\/p>\n<p>8200 tours par minute<br \/>\n90 min. de charge<br \/>\n240 min. de fonctionnement<br \/>\nHauteur de coupe de 0 mm \u00e0 0,5 mm<\/p>\n<p>&nbsp;<\/p>\n<p>&nbsp;<\/p>\n<p>La collection JRL Ghost est un produit d\u00e9licat qui doit \u00eatre manipul\u00e9 avec pr\u00e9caution en raison de sa couleur blanche et qui se salit facilement.<br \/>\nDes utilisations suppl\u00e9mentaires sont n\u00e9cessaires pour acc\u00e9der \u00e0 la salet\u00e9, \u00e0 l&#8217;huile, aux colorants ou \u00e0 d&#8217;autres dispositifs sur la tondeuse afin d&#8217;appliquer son apparence et sa fonctionnalit\u00e9.<br \/>\nNettoyez r\u00e9guli\u00e8rement votre rasoir avec un chiffon pour le garder en parfait \u00e9tat.<br \/>\nNous vous remercions de nous avoir fourni des d\u00e9tails et de nous avoir aid\u00e9s \u00e0 traquer cette menace.<\/p>\n","protected":false},"excerpt":{"rendered":"<p>JRL GHOST SET version blanche limit\u00e9e de l&#8217;outil JRL ONYX. \u00a0 Le compte est bon : Tondeuse de coupe JRL GHOST 2020C Tondeuse de finition JRL GHOST 2020T avec lame EZ-M GAP, 2 x station de charge Tournevis Brosse Olive &nbsp; Tondeuse do coupe JRL Ghost Technologie brevet\u00e9e Reset IQ Charge \u2014 un nouveau syst\u00e8me de charge qui prolonge la dur\u00e9e de vie de la batterie. La tondeuse \u00e0 cheveux JRL Ghost continue de se charger \u00e0 100 %, m\u00eame apr\u00e8s une utilisation prolong\u00e9e. 3 heures de charge normale, 5 heures de charge avec Reset IQ La technologie brevet\u00e9e Smart-Clip augmente la vitesse du moteur lorsque la lame d\u00e9tecte une r\u00e9sistance pendant le travail, garantissant que la tondeuse ne subit jamais de surcharge. Elle assure une coupe lisse et uniforme \u00e0 chaque utilisation. Puissance constante \u2014 r\u00e9glage de la vitesse en deux \u00e9tapes (6000 et 7500 tr\/min) offrant une polyvalence de coupe et maintenant une vitesse constante pendant le travail. \u00c9quip\u00e9e d&#8217;une lame de pr\u00e9cision Onyx Fade \u2014 id\u00e9ale pour obtenir un effet de d\u00e9grad\u00e9 parfait, avec une longueur de coupe maximale de 3,5 mm Moteur silencieux \u2014 pour un environnement de travail agr\u00e9able Temps de fonctionnement maximal de 5 heures \u2014 3 heures de charge garantissent 5 heures de fonctionnement sur batterie Le syst\u00e8me de verrouillage du levier de r\u00e9glage de la hauteur de la lame permet de le r\u00e9gler sur 5 niveaux sans risque de d\u00e9placement accidentel, permettant ainsi de travailler sans guides de 0,5 mm \u00e0 3,5 mm. Technologie brevet\u00e9e Cool Blade \u2014 mat\u00e9riau sp\u00e9cial qui maintient la temp\u00e9rature de la lame plus basse que celle de la plupart des tondeuses lors d&#8217;un test de 30 minutes. La lame est \u00e9galement compatible avec la plupart des tondeuses professionnelles du march\u00e9. L&#8217;affichage LED indique le temps de fonctionnement restant de la batterie pour le r\u00e9glage de vitesse actuel. Tondeuse de finition JRL Ghost La tondeuse sans fil JRL FF2020T Ghost dispose d&#8217;une lame brevet\u00e9e EZ-GAP qui assure une coupe de haute qualit\u00e9. Gr\u00e2ce \u00e0 la technologie brevet\u00e9e Smart Clip, la tondeuse d\u00e9tecte la r\u00e9sistance de la lame et augmente la vitesse du moteur, garantissant qu&#8217;elle ne se coince jamais, m\u00eame dans les cheveux \u00e9pais et denses. 8200 tours par minute 90 min. de charge 240 min. de fonctionnement Hauteur de coupe de 0 mm \u00e0 0,5 mm &nbsp; &nbsp; La collection JRL Ghost est un produit d\u00e9licat qui doit \u00eatre manipul\u00e9 avec pr\u00e9caution en raison de sa couleur blanche et qui se salit facilement. Des utilisations suppl\u00e9mentaires sont n\u00e9cessaires pour acc\u00e9der \u00e0 la salet\u00e9, \u00e0 l&#8217;huile, aux colorants ou \u00e0 d&#8217;autres dispositifs sur la tondeuse afin d&#8217;appliquer son apparence et sa fonctionnalit\u00e9. Nettoyez r\u00e9guli\u00e8rement votre rasoir avec un chiffon pour le garder en parfait \u00e9tat. Nous vous remercions de nous avoir fourni des d\u00e9tails et de nous avoir aid\u00e9s \u00e0 traquer cette menace.<\/p>\n","protected":false},"featured_media":5753,"comment_status":"open","ping_status":"closed","template":"","meta":[],"product_brand":[],"product_cat":[61,62,63],"product_tag":[],"class_list":{"0":"post-5757","1":"product","2":"type-product","3":"status-publish","4":"has-post-thumbnail","6":"product_cat-tondeuse-de-finition","7":"product_cat-outils-de-coiffure","8":"product_cat-tondeuse-de-coupe","10":"first","11":"instock","12":"shipping-taxable","13":"purchasable","14":"product-type-simple"},"_links":{"self":[{"href":"https:\/\/mr-mustache.com\/fr\/wp-json\/wp\/v2\/product\/5757","targetHints":{"allow":["GET"]}}],"collection":[{"href":"https:\/\/mr-mustache.com\/fr\/wp-json\/wp\/v2\/product"}],"about":[{"href":"https:\/\/mr-mustache.com\/fr\/wp-json\/wp\/v2\/types\/product"}],"replies":[{"embeddable":true,"href":"https:\/\/mr-mustache.com\/fr\/wp-json\/wp\/v2\/comments?post=5757"}],"version-history":[{"count":5,"href":"https:\/\/mr-mustache.com\/fr\/wp-json\/wp\/v2\/product\/5757\/revisions"}],"predecessor-version":[{"id":5875,"href":"https:\/\/mr-mustache.com\/fr\/wp-json\/wp\/v2\/product\/5757\/revisions\/5875"}],"wp:featuredmedia":[{"embeddable":true,"href":"https:\/\/mr-mustache.com\/fr\/wp-json\/wp\/v2\/media\/5753"}],"wp:attachment":[{"href":"https:\/\/mr-mustache.com\/fr\/wp-json\/wp\/v2\/media?parent=5757"}],"wp:term":[{"taxonomy":"product_brand","embeddable":true,"href":"https:\/\/mr-mustache.com\/fr\/wp-json\/wp\/v2\/product_brand?post=5757"},{"taxonomy":"product_cat","embeddable":true,"href":"https:\/\/mr-mustache.com\/fr\/wp-json\/wp\/v2\/product_cat?post=5757"},{"taxonomy":"product_tag","embeddable":true,"href":"https:\/\/mr-mustache.com\/fr\/wp-json\/wp\/v2\/product_tag?post=5757"}],"curies":[{"name":"wp","href":"https:\/\/api.w.org\/{rel}","templated":true}]}}