{"id":6353,"date":"2024-11-23T12:15:14","date_gmt":"2024-11-23T12:15:14","guid":{"rendered":"https:\/\/mr-mustache.com\/?post_type=product&#038;p=6353"},"modified":"2026-02-11T15:43:46","modified_gmt":"2026-02-11T15:43:46","slug":"6353","status":"publish","type":"product","link":"https:\/\/mr-mustache.com\/fr\/produkt\/6353\/","title":{"rendered":"JRL GOLD KIT Tondeuse + Trimmer + station"},"content":{"rendered":"<p><strong>Tondeuse \u00e0 cheveux JRL FreshFade 2020C Clipper GOLD<\/strong><\/p>\n<p>La tondeuse JRL est \u00e9quip\u00e9e d&#8217;une lame exceptionnelle, qui reste plus froide de 7\u00b0C\/13,89\u00b0F par rapport \u00e0 la plupart des tondeuses apr\u00e8s 30 minutes d&#8217;utilisation. La technologie intelligente brevet\u00e9e Smart-Clip ajuste la vitesse du moteur lorsque la lame rencontre une r\u00e9sistance, emp\u00eachant ainsi toute surcharge. Le syst\u00e8me de verrouillage du levier de r\u00e9glage de la hauteur de la lame permet un ajustement sur 5 niveaux, de 0,5 mm \u00e0 3,5 mm, sans risque de d\u00e9placement involontaire \u2013 id\u00e9al pour une coupe pr\u00e9cise sans sabots.<\/p>\n<p><strong>Caract\u00e9ristiques :<\/strong><\/p>\n<ul>\n<li>Jusqu&#8217;\u00e0 4 heures d&#8217;autonomie sur batterie<\/li>\n<li>Lame r\u00e9volutionnaire<\/li>\n<li>2 vitesses r\u00e9glables pour une polyvalence optimale (6000 et 7200 tours\/min)<\/li>\n<li>Moteur silencieux<\/li>\n<li>Batterie lithium-ion<\/li>\n<li>Crochet de suspension<\/li>\n<li>Technologie Smart-Clip brevet\u00e9e<\/li>\n<li>Plage de coupe \u00e9tendue de 0,5 \u00e0 3,5 mm<\/li>\n<\/ul>\n<p><strong>Accessoires inclus :<\/strong><\/p>\n<ul>\n<li>1 tournevis<\/li>\n<li>1 brosse<\/li>\n<li>1 lubrifiant<\/li>\n<li>Lame BF03 Taper Blade (ajustable pour une coupe \u00e0 z\u00e9ro)<\/li>\n<\/ul>\n<p><strong>10 sabots :<\/strong><\/p>\n<ul>\n<li>1,5 mm<\/li>\n<li>3 mm<\/li>\n<li>4,5 mm<\/li>\n<li>6 mm<\/li>\n<li>10 mm<\/li>\n<li>13 mm<\/li>\n<li>16 mm<\/li>\n<li>19 mm<\/li>\n<li>22 mm<\/li>\n<li>25 mm<\/li>\n<\/ul>\n<p><strong>Distribution et garantie Eu<\/strong><\/p>\n<hr \/>\n<p><strong>Tondeuse de pr\u00e9cision JRL FreshFade GOLD<\/strong><\/p>\n<p>La tondeuse de pr\u00e9cision est un compl\u00e9ment id\u00e9al \u00e0 la tondeuse \u00e0 cheveux. Cette tondeuse sans fil JRL est \u00e9quip\u00e9e d&#8217;une lame exceptionnelle, plus froide de 7\u00b0C\/13,89\u00b0F par rapport aux autres mod\u00e8les apr\u00e8s 30 minutes d&#8217;utilisation. De plus, sa lame en forme de T offre une grande libert\u00e9 de mouvement pour un travail de pr\u00e9cision. La technologie intelligente brevet\u00e9e Smart-Clip ajuste automatiquement la vitesse du moteur en cas de r\u00e9sistance, garantissant ainsi une utilisation fluide et sans surcharge.<\/p>\n<p><strong>Caract\u00e9ristiques :<\/strong><\/p>\n<ul>\n<li>Temps de charge : 2 heures<\/li>\n<li>Autonomie sur batterie : 2 heures<\/li>\n<li>Vitesse : 7200 tours\/min<\/li>\n<li>Batterie lithium-ion (3,7V 1400mAh)<\/li>\n<li>Niveau sonore tr\u00e8s bas (60 dB)<\/li>\n<li>Poids : 212 g<\/li>\n<\/ul>\n<p><strong>Accessoires inclus :<\/strong><\/p>\n<ul>\n<li>Huile lubrifiante<\/li>\n<li>Lame SF07 T-Precision Blade<\/li>\n<li>Chargeur<\/li>\n<li>Brosse<\/li>\n<\/ul>\n<p><strong>Distribution et garantie Eu<\/strong><\/p>\n<p><strong>Inclus :<\/strong> station de charge<\/p>\n","protected":false},"excerpt":{"rendered":"<p>Tondeuse \u00e0 cheveux JRL FreshFade 2020C Clipper GOLD La tondeuse JRL est \u00e9quip\u00e9e d&#8217;une lame exceptionnelle, qui reste plus froide de 7\u00b0C\/13,89\u00b0F par rapport \u00e0 la plupart des tondeuses apr\u00e8s 30 minutes d&#8217;utilisation. La technologie intelligente brevet\u00e9e Smart-Clip ajuste la vitesse du moteur lorsque la lame rencontre une r\u00e9sistance, emp\u00eachant ainsi toute surcharge. Le syst\u00e8me de verrouillage du levier de r\u00e9glage de la hauteur de la lame permet un ajustement sur 5 niveaux, de 0,5 mm \u00e0 3,5 mm, sans risque de d\u00e9placement involontaire \u2013 id\u00e9al pour une coupe pr\u00e9cise sans sabots. Caract\u00e9ristiques : Jusqu&#8217;\u00e0 4 heures d&#8217;autonomie sur batterie Lame r\u00e9volutionnaire 2 vitesses r\u00e9glables pour une polyvalence optimale (6000 et 7200 tours\/min) Moteur silencieux Batterie lithium-ion Crochet de suspension Technologie Smart-Clip brevet\u00e9e Plage de coupe \u00e9tendue de 0,5 \u00e0 3,5 mm Accessoires inclus : 1 tournevis 1 brosse 1 lubrifiant Lame BF03 Taper Blade (ajustable pour une coupe \u00e0 z\u00e9ro) 10 sabots : 1,5 mm 3 mm 4,5 mm 6 mm 10 mm 13 mm 16 mm 19 mm 22 mm 25 mm Distribution et garantie Eu Tondeuse de pr\u00e9cision JRL FreshFade GOLD La tondeuse de pr\u00e9cision est un compl\u00e9ment id\u00e9al \u00e0 la tondeuse \u00e0 cheveux. Cette tondeuse sans fil JRL est \u00e9quip\u00e9e d&#8217;une lame exceptionnelle, plus froide de 7\u00b0C\/13,89\u00b0F par rapport aux autres mod\u00e8les apr\u00e8s 30 minutes d&#8217;utilisation. De plus, sa lame en forme de T offre une grande libert\u00e9 de mouvement pour un travail de pr\u00e9cision. La technologie intelligente brevet\u00e9e Smart-Clip ajuste automatiquement la vitesse du moteur en cas de r\u00e9sistance, garantissant ainsi une utilisation fluide et sans surcharge. Caract\u00e9ristiques : Temps de charge : 2 heures Autonomie sur batterie : 2 heures Vitesse : 7200 tours\/min Batterie lithium-ion (3,7V 1400mAh) Niveau sonore tr\u00e8s bas (60 dB) Poids : 212 g Accessoires inclus : Huile lubrifiante Lame SF07 T-Precision Blade Chargeur Brosse Distribution et garantie Eu Inclus : station de charge<\/p>\n","protected":false},"featured_media":6354,"comment_status":"open","ping_status":"closed","template":"","meta":[],"product_brand":[],"product_cat":[61,62,63],"product_tag":[],"class_list":{"0":"post-6353","1":"product","2":"type-product","3":"status-publish","4":"has-post-thumbnail","6":"product_cat-tondeuse-de-finition","7":"product_cat-outils-de-coiffure","8":"product_cat-tondeuse-de-coupe","10":"first","11":"instock","12":"sale","13":"shipping-taxable","14":"purchasable","15":"product-type-simple"},"_links":{"self":[{"href":"https:\/\/mr-mustache.com\/fr\/wp-json\/wp\/v2\/product\/6353","targetHints":{"allow":["GET"]}}],"collection":[{"href":"https:\/\/mr-mustache.com\/fr\/wp-json\/wp\/v2\/product"}],"about":[{"href":"https:\/\/mr-mustache.com\/fr\/wp-json\/wp\/v2\/types\/product"}],"replies":[{"embeddable":true,"href":"https:\/\/mr-mustache.com\/fr\/wp-json\/wp\/v2\/comments?post=6353"}],"version-history":[{"count":2,"href":"https:\/\/mr-mustache.com\/fr\/wp-json\/wp\/v2\/product\/6353\/revisions"}],"predecessor-version":[{"id":6359,"href":"https:\/\/mr-mustache.com\/fr\/wp-json\/wp\/v2\/product\/6353\/revisions\/6359"}],"wp:featuredmedia":[{"embeddable":true,"href":"https:\/\/mr-mustache.com\/fr\/wp-json\/wp\/v2\/media\/6354"}],"wp:attachment":[{"href":"https:\/\/mr-mustache.com\/fr\/wp-json\/wp\/v2\/media?parent=6353"}],"wp:term":[{"taxonomy":"product_brand","embeddable":true,"href":"https:\/\/mr-mustache.com\/fr\/wp-json\/wp\/v2\/product_brand?post=6353"},{"taxonomy":"product_cat","embeddable":true,"href":"https:\/\/mr-mustache.com\/fr\/wp-json\/wp\/v2\/product_cat?post=6353"},{"taxonomy":"product_tag","embeddable":true,"href":"https:\/\/mr-mustache.com\/fr\/wp-json\/wp\/v2\/product_tag?post=6353"}],"curies":[{"name":"wp","href":"https:\/\/api.w.org\/{rel}","templated":true}]}}