{"id":6706,"date":"2025-04-29T18:54:20","date_gmt":"2025-04-29T18:54:20","guid":{"rendered":"https:\/\/mr-mustache.com\/?post_type=product&#038;p=6706"},"modified":"2025-05-01T10:44:10","modified_gmt":"2025-05-01T10:44:10","slug":"maszynka-do-wlosow-boosted-up-gamma-piu","status":"publish","type":"product","link":"https:\/\/mr-mustache.com\/fr\/produkt\/maszynka-do-wlosow-boosted-up-gamma-piu\/","title":{"rendered":"Tondeuse de coupe Boosted Up Gamma Piu"},"content":{"rendered":"<p class=\"\" data-start=\"53\" data-end=\"682\"><strong data-start=\"86\" data-end=\"129\"><a class=\"wpr-no-pointer\" href=\"https:\/\/mr-mustache.com\/fr\/boutique\/outils-de-barbier\/clippers\/\">Tondeuse de coupe<\/a> Boosted Up Gamma Piu<\/strong><br data-start=\"129\" data-end=\"132\" \/>La tondeuse \u00e0 cheveux Gamma Piu Boosted UP Clipper est un appareil moderne con\u00e7u pour les professionnels. Il s&#8217;agit d&#8217;une version am\u00e9lior\u00e9e du mod\u00e8le embl\u00e9matique Boosted, offrant non seulement de meilleures performances, mais aussi un design optimis\u00e9 et de nouvelles fonctionnalit\u00e9s. Gr\u00e2ce \u00e0 son nouveau syst\u00e8me de protection et de coupe, l&#8217;appareil garantit une durabilit\u00e9 maximale, une grande pr\u00e9cision et un confort d&#8217;utilisation. C\u2019est le choix id\u00e9al pour les barbiers qui recherchent fiabilit\u00e9, puissance et personnalisation dans un seul outil.<\/p>\n<p class=\"\" data-start=\"684\" data-end=\"717\"><strong data-start=\"684\" data-end=\"717\">Caract\u00e9ristiques techniques :<\/strong><\/p>\n<ul data-start=\"719\" data-end=\"1236\">\n<li class=\"\" data-start=\"719\" data-end=\"789\">\n<p class=\"\" data-start=\"721\" data-end=\"789\">Nouveau syst\u00e8me de protection et de performance de coupe am\u00e9lior\u00e9e<\/p>\n<\/li>\n<li class=\"\" data-start=\"790\" data-end=\"831\">\n<p class=\"\" data-start=\"792\" data-end=\"831\">Moteur rotatif puissant \u00e0 7200 tr\/min<\/p>\n<\/li>\n<li class=\"\" data-start=\"832\" data-end=\"912\">\n<p class=\"\" data-start=\"834\" data-end=\"912\">Lame DLC Black Diamond Carbon de 45 mm de largeur pour une coupe ultra douce<\/p>\n<\/li>\n<li class=\"\" data-start=\"913\" data-end=\"1009\">\n<p class=\"\" data-start=\"915\" data-end=\"1009\">Possibilit\u00e9 de choisir le support de lame : TIGHT (course courte) ou STRETCH (course longue)<\/p>\n<\/li>\n<li class=\"\" data-start=\"1010\" data-end=\"1094\">\n<p class=\"\" data-start=\"1012\" data-end=\"1094\">3 leviers interchangeables : 2 pour le syst\u00e8me Click et 1 pour le mode Freestyle<\/p>\n<\/li>\n<li class=\"\" data-start=\"1095\" data-end=\"1174\">\n<p class=\"\" data-start=\"1097\" data-end=\"1174\">Charge compl\u00e8te en 150 minutes \u2013 via la station de charge ou le c\u00e2ble USB-C<\/p>\n<\/li>\n<li class=\"\" data-start=\"1175\" data-end=\"1236\">\n<p class=\"\" data-start=\"1177\" data-end=\"1236\">Personnalisation du design avec 3 coques interchangeables<\/p>\n<\/li>\n<\/ul>\n<p class=\"\" data-start=\"1238\" data-end=\"1263\"><strong data-start=\"1238\" data-end=\"1263\">Le coffret contient :<\/strong><\/p>\n<ul data-start=\"1265\" data-end=\"1459\">\n<li class=\"\" data-start=\"1265\" data-end=\"1308\">\n<p class=\"\" data-start=\"1267\" data-end=\"1308\">Tondeuse \u00e0 cheveux Gamma Piu Boosted UP<\/p>\n<\/li>\n<li class=\"\" data-start=\"1309\" data-end=\"1337\">\n<p class=\"\" data-start=\"1311\" data-end=\"1337\">4 sabots \u00e0 double aimant<\/p>\n<\/li>\n<li class=\"\" data-start=\"1338\" data-end=\"1358\">\n<p class=\"\" data-start=\"1340\" data-end=\"1358\">Kit de nettoyage<\/p>\n<\/li>\n<li class=\"\" data-start=\"1359\" data-end=\"1384\">\n<p class=\"\" data-start=\"1361\" data-end=\"1384\">C\u00e2ble de charge USB-C<\/p>\n<\/li>\n<li class=\"\" data-start=\"1385\" data-end=\"1406\">\n<p class=\"\" data-start=\"1387\" data-end=\"1406\">Station de charge<\/p>\n<\/li>\n<li class=\"\" data-start=\"1407\" data-end=\"1459\">\n<p class=\"\" data-start=\"1409\" data-end=\"1459\">3 coques interchangeables pour la personnalisation<\/p>\n<\/li>\n<\/ul>\n","protected":false},"excerpt":{"rendered":"<p>Tondeuse de coupe Boosted Up Gamma PiuLa tondeuse \u00e0 cheveux Gamma Piu Boosted UP Clipper est un appareil moderne con\u00e7u pour les professionnels. Il s&#8217;agit d&#8217;une version am\u00e9lior\u00e9e du mod\u00e8le embl\u00e9matique Boosted, offrant non seulement de meilleures performances, mais aussi un design optimis\u00e9 et de nouvelles fonctionnalit\u00e9s. Gr\u00e2ce \u00e0 son nouveau syst\u00e8me de protection et de coupe, l&#8217;appareil garantit une durabilit\u00e9 maximale, une grande pr\u00e9cision et un confort d&#8217;utilisation. C\u2019est le choix id\u00e9al pour les barbiers qui recherchent fiabilit\u00e9, puissance et personnalisation dans un seul outil. Caract\u00e9ristiques techniques : Nouveau syst\u00e8me de protection et de performance de coupe am\u00e9lior\u00e9e Moteur rotatif puissant \u00e0 7200 tr\/min Lame DLC Black Diamond Carbon de 45 mm de largeur pour une coupe ultra douce Possibilit\u00e9 de choisir le support de lame : TIGHT (course courte) ou STRETCH (course longue) 3 leviers interchangeables : 2 pour le syst\u00e8me Click et 1 pour le mode Freestyle Charge compl\u00e8te en 150 minutes \u2013 via la station de charge ou le c\u00e2ble USB-C Personnalisation du design avec 3 coques interchangeables Le coffret contient : Tondeuse \u00e0 cheveux Gamma Piu Boosted UP 4 sabots \u00e0 double aimant Kit de nettoyage C\u00e2ble de charge USB-C Station de charge 3 coques interchangeables pour la personnalisation<\/p>\n","protected":false},"featured_media":6718,"comment_status":"open","ping_status":"closed","template":"","meta":[],"product_brand":[],"product_cat":[63],"product_tag":[],"class_list":{"0":"post-6706","1":"product","2":"type-product","3":"status-publish","4":"has-post-thumbnail","6":"product_cat-tondeuse-de-coupe","8":"first","9":"instock","10":"shipping-taxable","11":"purchasable","12":"product-type-simple"},"_links":{"self":[{"href":"https:\/\/mr-mustache.com\/fr\/wp-json\/wp\/v2\/product\/6706","targetHints":{"allow":["GET"]}}],"collection":[{"href":"https:\/\/mr-mustache.com\/fr\/wp-json\/wp\/v2\/product"}],"about":[{"href":"https:\/\/mr-mustache.com\/fr\/wp-json\/wp\/v2\/types\/product"}],"replies":[{"embeddable":true,"href":"https:\/\/mr-mustache.com\/fr\/wp-json\/wp\/v2\/comments?post=6706"}],"version-history":[{"count":2,"href":"https:\/\/mr-mustache.com\/fr\/wp-json\/wp\/v2\/product\/6706\/revisions"}],"predecessor-version":[{"id":6717,"href":"https:\/\/mr-mustache.com\/fr\/wp-json\/wp\/v2\/product\/6706\/revisions\/6717"}],"wp:featuredmedia":[{"embeddable":true,"href":"https:\/\/mr-mustache.com\/fr\/wp-json\/wp\/v2\/media\/6718"}],"wp:attachment":[{"href":"https:\/\/mr-mustache.com\/fr\/wp-json\/wp\/v2\/media?parent=6706"}],"wp:term":[{"taxonomy":"product_brand","embeddable":true,"href":"https:\/\/mr-mustache.com\/fr\/wp-json\/wp\/v2\/product_brand?post=6706"},{"taxonomy":"product_cat","embeddable":true,"href":"https:\/\/mr-mustache.com\/fr\/wp-json\/wp\/v2\/product_cat?post=6706"},{"taxonomy":"product_tag","embeddable":true,"href":"https:\/\/mr-mustache.com\/fr\/wp-json\/wp\/v2\/product_tag?post=6706"}],"curies":[{"name":"wp","href":"https:\/\/api.w.org\/{rel}","templated":true}]}}