{"id":6857,"date":"2025-08-18T08:41:41","date_gmt":"2025-08-18T08:41:41","guid":{"rendered":"https:\/\/mr-mustache.com\/produkt\/jrl-onyx-kit-tondeuse-trimmer-rasoir-seche-cheveux-2-x-station\/"},"modified":"2025-08-18T08:51:02","modified_gmt":"2025-08-18T08:51:02","slug":"jrl-onyx-kit-tondeuse-trimmer-rasoir-seche-cheveux-2-x-station","status":"publish","type":"product","link":"https:\/\/mr-mustache.com\/fr\/produkt\/jrl-onyx-kit-tondeuse-trimmer-rasoir-seche-cheveux-2-x-station\/","title":{"rendered":"JRL ONYX KIT Tondeuse + Trimmer + Rasoir + S\u00e8che-cheveux + 2 x station"},"content":{"rendered":"<h2 data-start=\"44\" data-end=\"61\">JRL ONYX SET<\/h2>\n<h3 data-start=\"63\" data-end=\"86\">Le set comprend :<\/h3>\n<ul data-start=\"87\" data-end=\"402\">\n<li data-start=\"87\" data-end=\"114\">\n<p data-start=\"89\" data-end=\"114\">Tondeuse JRL ONYX 2020C<\/p>\n<\/li>\n<li data-start=\"115\" data-end=\"181\">\n<p data-start=\"117\" data-end=\"181\">Tondeuse de finition JRL ONYX 2020T Trimmer avec lame EZ-M GAP<\/p>\n<\/li>\n<li data-start=\"182\" data-end=\"201\">\n<p data-start=\"184\" data-end=\"201\">Rasoir JRL ONYX<\/p>\n<\/li>\n<li data-start=\"202\" data-end=\"244\">\n<p data-start=\"204\" data-end=\"244\">S\u00e8che-cheveux JRL ONYX Forte Pro 2020H<\/p>\n<\/li>\n<li data-start=\"245\" data-end=\"271\">\n<p data-start=\"247\" data-end=\"271\">2 x stations de charge<\/p>\n<\/li>\n<li data-start=\"272\" data-end=\"297\">\n<p data-start=\"274\" data-end=\"297\">2 x brosses \u00e0 cheveux<\/p>\n<\/li>\n<li data-start=\"298\" data-end=\"311\">\n<p data-start=\"300\" data-end=\"311\">Tournevis<\/p>\n<\/li>\n<li data-start=\"312\" data-end=\"338\">\n<p data-start=\"314\" data-end=\"338\">Brossette de nettoyage<\/p>\n<\/li>\n<li data-start=\"339\" data-end=\"360\">\n<p data-start=\"341\" data-end=\"360\">Huile lubrifiante<\/p>\n<\/li>\n<li data-start=\"361\" data-end=\"402\">\n<p data-start=\"363\" data-end=\"402\">Sabots pour la tondeuse et le trimmer<\/p>\n<\/li>\n<\/ul>\n<hr data-start=\"404\" data-end=\"407\" \/>\n<h3 data-start=\"409\" data-end=\"445\">Tondeuse Fresh Fade 2020C ONYX<\/h3>\n<ul data-start=\"446\" data-end=\"1717\">\n<li data-start=\"446\" data-end=\"643\">\n<p data-start=\"448\" data-end=\"643\">Technologie brevet\u00e9e <strong data-start=\"469\" data-end=\"488\">Reset IQ Charge<\/strong> \u2014 nouveau syst\u00e8me de charge qui prolonge la dur\u00e9e de vie de la batterie. La tondeuse se recharge constamment \u00e0 100 %, m\u00eame apr\u00e8s une longue utilisation.<\/p>\n<\/li>\n<li data-start=\"644\" data-end=\"699\">\n<p data-start=\"646\" data-end=\"699\">3 heures de charge normale, 5 heures avec Reset IQ.<\/p>\n<\/li>\n<li data-start=\"700\" data-end=\"882\">\n<p data-start=\"702\" data-end=\"882\">Technologie brevet\u00e9e <strong data-start=\"723\" data-end=\"737\">Smart-Clip<\/strong> \u2014 augmente la vitesse du moteur lorsque la lame d\u00e9tecte une r\u00e9sistance, \u00e9vitant toute surcharge et garantissant une coupe fluide et r\u00e9guli\u00e8re.<\/p>\n<\/li>\n<li data-start=\"883\" data-end=\"1007\">\n<p data-start=\"885\" data-end=\"1007\">Puissance constante \u2014 r\u00e9glage \u00e0 deux vitesses (6000 et 7500 tr\/min), polyvalence de coupe et maintien de la performance.<\/p>\n<\/li>\n<li data-start=\"1008\" data-end=\"1113\">\n<p data-start=\"1010\" data-end=\"1113\">Lame de pr\u00e9cision <strong data-start=\"1028\" data-end=\"1041\">Onyx Fade<\/strong> \u2014 permet d\u2019obtenir un fondu parfait. Longueur de coupe max. : 3,5 mm.<\/p>\n<\/li>\n<li data-start=\"1114\" data-end=\"1172\">\n<p data-start=\"1116\" data-end=\"1172\">Moteur silencieux \u2014 environnement de travail agr\u00e9able.<\/p>\n<\/li>\n<li data-start=\"1173\" data-end=\"1242\">\n<p data-start=\"1175\" data-end=\"1242\">Autonomie max. : 5 heures (3 h de charge pour 5 h d\u2019utilisation).<\/p>\n<\/li>\n<li data-start=\"1243\" data-end=\"1413\">\n<p data-start=\"1245\" data-end=\"1413\">Syst\u00e8me de verrouillage du levier de r\u00e9glage de la hauteur de la lame : 5 positions de coupe sans risque de d\u00e9placement involontaire (de 0,5 mm \u00e0 3,5 mm sans sabots).<\/p>\n<\/li>\n<li data-start=\"1414\" data-end=\"1632\">\n<p data-start=\"1416\" data-end=\"1632\">Technologie brevet\u00e9e <strong data-start=\"1437\" data-end=\"1451\">Cool Blade<\/strong> \u2014 mat\u00e9riau sp\u00e9cial qui garde la lame plus froide que la plupart des tondeuses apr\u00e8s 30 minutes de test. Lame compatible avec la majorit\u00e9 des tondeuses professionnelles du march\u00e9.<\/p>\n<\/li>\n<li data-start=\"1633\" data-end=\"1717\">\n<p data-start=\"1635\" data-end=\"1717\">\u00c9cran LED indiquant l\u2019autonomie restante en fonction de la vitesse s\u00e9lectionn\u00e9e.<\/p>\n<\/li>\n<\/ul>\n<hr data-start=\"1719\" data-end=\"1722\" \/>\n<h3 data-start=\"1724\" data-end=\"1772\">Tondeuse de finition Fresh Fade 2020T ONYX<\/h3>\n<ul data-start=\"1773\" data-end=\"2104\">\n<li data-start=\"1773\" data-end=\"1860\">\n<p data-start=\"1775\" data-end=\"1860\">Sans fil, \u00e9quip\u00e9e de la lame brevet\u00e9e <strong data-start=\"1813\" data-end=\"1823\">EZ-GAP<\/strong> pour une coupe de haute pr\u00e9cision.<\/p>\n<\/li>\n<li data-start=\"1861\" data-end=\"1994\">\n<p data-start=\"1863\" data-end=\"1994\">Technologie brevet\u00e9e <strong data-start=\"1884\" data-end=\"1898\">Smart-Clip<\/strong> \u2014 le moteur augmente sa vitesse en cas de r\u00e9sistance, ne cale jamais, m\u00eame sur cheveux \u00e9pais.<\/p>\n<\/li>\n<li data-start=\"1995\" data-end=\"2011\">\n<p data-start=\"1997\" data-end=\"2011\">8200 tr\/min.<\/p>\n<\/li>\n<li data-start=\"2012\" data-end=\"2041\">\n<p data-start=\"2014\" data-end=\"2041\">Temps de charge : 90 min.<\/p>\n<\/li>\n<li data-start=\"2042\" data-end=\"2066\">\n<p data-start=\"2044\" data-end=\"2066\">Autonomie : 240 min.<\/p>\n<\/li>\n<li data-start=\"2067\" data-end=\"2104\">\n<p data-start=\"2069\" data-end=\"2104\">Hauteur de coupe : 0 mm \u2013 0,5 mm.<\/p>\n<\/li>\n<\/ul>\n<hr data-start=\"2106\" data-end=\"2109\" \/>\n<h3 data-start=\"2111\" data-end=\"2153\">Rasoir \u00e0 grille SF Pro Shaver SH2301<\/h3>\n<ul data-start=\"2154\" data-end=\"2600\">\n<li data-start=\"2154\" data-end=\"2306\">\n<p data-start=\"2156\" data-end=\"2306\">Rasoir JRL Onyx <strong data-start=\"2172\" data-end=\"2205\">Single Foil Pro Shaver SH2301<\/strong> bas\u00e9 sur la technologie de l\u00e9vitation magn\u00e9tique des lames, r\u00e9duisant au minimum le niveau sonore.<\/p>\n<\/li>\n<li data-start=\"2307\" data-end=\"2402\">\n<p data-start=\"2309\" data-end=\"2402\">Grille ultra-fine, douce pour la peau, offrant une coupe extr\u00eamement pr\u00e9cise sans pression.<\/p>\n<\/li>\n<li data-start=\"2403\" data-end=\"2433\">\n<p data-start=\"2405\" data-end=\"2433\">Temps de charge : 120 min.<\/p>\n<\/li>\n<li data-start=\"2434\" data-end=\"2458\">\n<p data-start=\"2436\" data-end=\"2458\">Autonomie : 180 min.<\/p>\n<\/li>\n<li data-start=\"2459\" data-end=\"2488\">\n<p data-start=\"2461\" data-end=\"2488\">Indicateur LED de charge.<\/p>\n<\/li>\n<li data-start=\"2489\" data-end=\"2522\">\n<p data-start=\"2491\" data-end=\"2522\">Grille durable et r\u00e9sistante.<\/p>\n<\/li>\n<li data-start=\"2523\" data-end=\"2565\">\n<p data-start=\"2525\" data-end=\"2565\">Utilisation possible avec ou sans fil.<\/p>\n<\/li>\n<li data-start=\"2566\" data-end=\"2600\">\n<p data-start=\"2568\" data-end=\"2600\">Moteur puissant : 8000 tr\/min.<\/p>\n<\/li>\n<\/ul>\n<hr data-start=\"2602\" data-end=\"2605\" \/>\n<h3 data-start=\"2607\" data-end=\"2646\">S\u00e8che-cheveux JRL Forte Pro 2020H<\/h3>\n<ul data-start=\"2647\" data-end=\"3068\">\n<li data-start=\"2647\" data-end=\"2714\">\n<p data-start=\"2649\" data-end=\"2714\">Vitesse du moteur : jusqu\u2019\u00e0 100 000 tr\/min. Puissance : 2150 W.<\/p>\n<\/li>\n<li data-start=\"2715\" data-end=\"2754\">\n<p data-start=\"2717\" data-end=\"2754\">Moteur <strong data-start=\"2724\" data-end=\"2737\">brushless<\/strong> (sans balais).<\/p>\n<\/li>\n<li data-start=\"2755\" data-end=\"2797\">\n<p data-start=\"2757\" data-end=\"2797\">LED d\u2019alerte de nettoyage automatique.<\/p>\n<\/li>\n<li data-start=\"2798\" data-end=\"2873\">\n<p data-start=\"2800\" data-end=\"2873\">Fonction m\u00e9moire \u2014 m\u00e9morise la temp\u00e9rature et la vitesse s\u00e9lectionn\u00e9es.<\/p>\n<\/li>\n<li data-start=\"2874\" data-end=\"2895\">\n<p data-start=\"2876\" data-end=\"2895\">Bouton air froid.<\/p>\n<\/li>\n<li data-start=\"2896\" data-end=\"2926\">\n<p data-start=\"2898\" data-end=\"2926\">3 r\u00e9glages de temp\u00e9rature.<\/p>\n<\/li>\n<li data-start=\"2927\" data-end=\"2953\">\n<p data-start=\"2929\" data-end=\"2953\">3 r\u00e9glages de vitesse.<\/p>\n<\/li>\n<li data-start=\"2954\" data-end=\"2981\">\n<p data-start=\"2956\" data-end=\"2981\">Ultra l\u00e9ger et compact.<\/p>\n<\/li>\n<li data-start=\"2982\" data-end=\"3008\">\n<p data-start=\"2984\" data-end=\"3008\">Double filtre int\u00e9gr\u00e9.<\/p>\n<\/li>\n<li data-start=\"3009\" data-end=\"3037\">\n<p data-start=\"3011\" data-end=\"3037\">Poids : seulement 320 g.<\/p>\n<\/li>\n<li data-start=\"3038\" data-end=\"3068\">\n<p data-start=\"3040\" data-end=\"3068\">Longueur du c\u00e2ble : 3,5 m.<\/p>\n<\/li>\n<\/ul>\n","protected":false},"excerpt":{"rendered":"<p>JRL ONYX SET Le set comprend : Tondeuse JRL ONYX 2020C Tondeuse de finition JRL ONYX 2020T Trimmer avec lame EZ-M GAP Rasoir JRL ONYX S\u00e8che-cheveux JRL ONYX Forte Pro 2020H 2 x stations de charge 2 x brosses \u00e0 cheveux Tournevis Brossette de nettoyage Huile lubrifiante Sabots pour la tondeuse et le trimmer Tondeuse Fresh Fade 2020C ONYX Technologie brevet\u00e9e Reset IQ Charge \u2014 nouveau syst\u00e8me de charge qui prolonge la dur\u00e9e de vie de la batterie. La tondeuse se recharge constamment \u00e0 100 %, m\u00eame apr\u00e8s une longue utilisation. 3 heures de charge normale, 5 heures avec Reset IQ. Technologie brevet\u00e9e Smart-Clip \u2014 augmente la vitesse du moteur lorsque la lame d\u00e9tecte une r\u00e9sistance, \u00e9vitant toute surcharge et garantissant une coupe fluide et r\u00e9guli\u00e8re. Puissance constante \u2014 r\u00e9glage \u00e0 deux vitesses (6000 et 7500 tr\/min), polyvalence de coupe et maintien de la performance. Lame de pr\u00e9cision Onyx Fade \u2014 permet d\u2019obtenir un fondu parfait. Longueur de coupe max. : 3,5 mm. Moteur silencieux \u2014 environnement de travail agr\u00e9able. Autonomie max. : 5 heures (3 h de charge pour 5 h d\u2019utilisation). Syst\u00e8me de verrouillage du levier de r\u00e9glage de la hauteur de la lame : 5 positions de coupe sans risque de d\u00e9placement involontaire (de 0,5 mm \u00e0 3,5 mm sans sabots). Technologie brevet\u00e9e Cool Blade \u2014 mat\u00e9riau sp\u00e9cial qui garde la lame plus froide que la plupart des tondeuses apr\u00e8s 30 minutes de test. Lame compatible avec la majorit\u00e9 des tondeuses professionnelles du march\u00e9. \u00c9cran LED indiquant l\u2019autonomie restante en fonction de la vitesse s\u00e9lectionn\u00e9e. Tondeuse de finition Fresh Fade 2020T ONYX Sans fil, \u00e9quip\u00e9e de la lame brevet\u00e9e EZ-GAP pour une coupe de haute pr\u00e9cision. Technologie brevet\u00e9e Smart-Clip \u2014 le moteur augmente sa vitesse en cas de r\u00e9sistance, ne cale jamais, m\u00eame sur cheveux \u00e9pais. 8200 tr\/min. Temps de charge : 90 min. Autonomie : 240 min. Hauteur de coupe : 0 mm \u2013 0,5 mm. Rasoir \u00e0 grille SF Pro Shaver SH2301 Rasoir JRL Onyx Single Foil Pro Shaver SH2301 bas\u00e9 sur la technologie de l\u00e9vitation magn\u00e9tique des lames, r\u00e9duisant au minimum le niveau sonore. Grille ultra-fine, douce pour la peau, offrant une coupe extr\u00eamement pr\u00e9cise sans pression. Temps de charge : 120 min. Autonomie : 180 min. Indicateur LED de charge. Grille durable et r\u00e9sistante. Utilisation possible avec ou sans fil. Moteur puissant : 8000 tr\/min. S\u00e8che-cheveux JRL Forte Pro 2020H Vitesse du moteur : jusqu\u2019\u00e0 100 000 tr\/min. Puissance : 2150 W. Moteur brushless (sans balais). LED d\u2019alerte de nettoyage automatique. Fonction m\u00e9moire \u2014 m\u00e9morise la temp\u00e9rature et la vitesse s\u00e9lectionn\u00e9es. Bouton air froid. 3 r\u00e9glages de temp\u00e9rature. 3 r\u00e9glages de vitesse. Ultra l\u00e9ger et compact. Double filtre int\u00e9gr\u00e9. Poids : seulement 320 g. Longueur du c\u00e2ble : 3,5 m.<\/p>\n","protected":false},"featured_media":6853,"comment_status":"open","ping_status":"closed","template":"","meta":[],"product_brand":[],"product_cat":[61,62,64,63],"product_tag":[],"class_list":{"0":"post-6857","1":"product","2":"type-product","3":"status-publish","4":"has-post-thumbnail","6":"product_cat-tondeuse-de-finition","7":"product_cat-outils-de-coiffure","8":"product_cat-tondeuse-a-cheveux-fr","9":"product_cat-tondeuse-de-coupe","11":"first","12":"instock","13":"shipping-taxable","14":"purchasable","15":"product-type-simple"},"_links":{"self":[{"href":"https:\/\/mr-mustache.com\/fr\/wp-json\/wp\/v2\/product\/6857","targetHints":{"allow":["GET"]}}],"collection":[{"href":"https:\/\/mr-mustache.com\/fr\/wp-json\/wp\/v2\/product"}],"about":[{"href":"https:\/\/mr-mustache.com\/fr\/wp-json\/wp\/v2\/types\/product"}],"replies":[{"embeddable":true,"href":"https:\/\/mr-mustache.com\/fr\/wp-json\/wp\/v2\/comments?post=6857"}],"version-history":[{"count":1,"href":"https:\/\/mr-mustache.com\/fr\/wp-json\/wp\/v2\/product\/6857\/revisions"}],"predecessor-version":[{"id":6858,"href":"https:\/\/mr-mustache.com\/fr\/wp-json\/wp\/v2\/product\/6857\/revisions\/6858"}],"wp:featuredmedia":[{"embeddable":true,"href":"https:\/\/mr-mustache.com\/fr\/wp-json\/wp\/v2\/media\/6853"}],"wp:attachment":[{"href":"https:\/\/mr-mustache.com\/fr\/wp-json\/wp\/v2\/media?parent=6857"}],"wp:term":[{"taxonomy":"product_brand","embeddable":true,"href":"https:\/\/mr-mustache.com\/fr\/wp-json\/wp\/v2\/product_brand?post=6857"},{"taxonomy":"product_cat","embeddable":true,"href":"https:\/\/mr-mustache.com\/fr\/wp-json\/wp\/v2\/product_cat?post=6857"},{"taxonomy":"product_tag","embeddable":true,"href":"https:\/\/mr-mustache.com\/fr\/wp-json\/wp\/v2\/product_tag?post=6857"}],"curies":[{"name":"wp","href":"https:\/\/api.w.org\/{rel}","templated":true}]}}